{"id":2205,"date":"2024-03-29T17:58:49","date_gmt":"2024-03-29T17:58:49","guid":{"rendered":"https:\/\/yoursardiniaexperience.montal.do\/prodotto\/tour-en-jeep-au-chataigneraie-seculaire\/"},"modified":"2024-03-29T17:58:49","modified_gmt":"2024-03-29T17:58:49","slug":"tour-en-jeep-au-chataigneraie-seculaire","status":"publish","type":"product","link":"https:\/\/www.yoursardiniaexperience.it\/fr\/prodotto\/tour-en-jeep-au-chataigneraie-seculaire\/","title":{"rendered":"Tour en jeep au ch\u00e2taigneraie s\u00e9culaire"},"content":{"rendered":"<p>Un tour immerg\u00e9 dans la nature des ch\u00e2taigneraies s\u00e9culaires<\/p>\n","protected":false},"excerpt":{"rendered":"<div class=\"page\" title=\"Page 2\">\n<div class=\"section\">\n<div class=\"layoutArea\">\n<div class=\"column\">\n<p>\ud83d\udccc Aritzo, Barbagia.<br \/>\n\ud83d\udcc6 Disponible toute l\u2019ann\u00e9e<br \/>\n\ud83d\udc6a Min 2 personnes<br \/>\n\ud83d\udd5c Dur\u00e9e de 4 heures<br \/>\n\ud83d\udcb0 <strong>\u20ac 50,00 par personne<\/strong><br \/>\n\ud83d\ude90 Tour priv\u00e9 et transport sur demande<\/p>\n<\/div>\n<\/div>\n<p>&nbsp;<\/p>\n<div class=\"layoutArea\">\n<div class=\"column\">\n<h2>Description<\/h2>\n<\/div>\n<\/div>\n<div class=\"layoutArea\">\n<div class=\"column\">\n<p>Le tour au ch\u00e2taigneraie s\u00e9culaire de Geratzia \u00e0 Aritzo est une exp\u00e9rience de demi-journ\u00e9e au c\u0153ur des monts du Gennargentu, \u00e0 la d\u00e9couverte des arbres majestueux et les sources d\u2019eaux cristallines.<br \/>\n\u00c0 l&rsquo;int\u00e9rieur du ch\u00e2taigneraie de propri\u00e9t\u00e9, on pourra d\u00e9couvrir tout ce qu\u2019il y a \u00e0 savoir autour des ch\u00e2taigniers, les secrets et les usages de ces fruits, pour ensuite d\u00e9guster les produits fait-maisons comme par exemple la bi\u00e8re aux ch\u00e2taignes.<br \/>\nCette exp\u00e9rience au ch\u00e2taigneraie s\u00e9culaire de Geratzia veut partager avec vous un cadre environnemental unique en Sardaigne, immerg\u00e9 dans les sons et parfums de la montagne.<\/p>\n<p>&nbsp;<\/p>\n<h2>\u00c0 quoi s\u2019attendre<\/h2>\n<p>Tour guid\u00e9 par des guides professionnels locaux qui habitent le village<br \/>\nUne exp\u00e9rience unique dans une famille sarde<br \/>\nTour d\u2019une zone naturelle prot\u00e9g\u00e9e<br \/>\nTour de la zone centrale de Sardaigne<br \/>\nD\u00e9gustation et repas des produits locaux \u00e0 base de ch\u00e2taigne<br \/>\nTransport en 4&#215;4 Jeep &#8211; Land Rover<br \/>\n&nbsp;<\/p>\n<h2>Qu\u2019est-ce qu\u2019il est inclus?<\/h2>\n<p>Service des guides environnementales et touristiques<br \/>\nD\u00e9gustation des produits locaux \u00e0 base de ch\u00e2taigne et noisette<br \/>\nTransport en 4&#215;4 Jeep &#8211; Land Rover<br \/>\nAssurance<\/p>\n<\/div>\n<\/div>\n<\/div>\n<\/div>\n","protected":false},"featured_media":2206,"comment_status":"open","ping_status":"closed","template":"","meta":{"site-sidebar-layout":"default","site-content-layout":"","ast-site-content-layout":"default","site-content-style":"default","site-sidebar-style":"default","ast-global-header-display":"","ast-banner-title-visibility":"","ast-main-header-display":"","ast-hfb-above-header-display":"","ast-hfb-below-header-display":"","ast-hfb-mobile-header-display":"","site-post-title":"","ast-breadcrumbs-content":"","ast-featured-img":"","footer-sml-layout":"","theme-transparent-header-meta":"default","adv-header-id-meta":"","stick-header-meta":"","header-above-stick-meta":"","header-main-stick-meta":"","header-below-stick-meta":"","astra-migrate-meta-layouts":"default","ast-page-background-enabled":"default","ast-page-background-meta":{"desktop":{"background-color":"var(--ast-global-color-4)","background-image":"","background-repeat":"repeat","background-position":"center center","background-size":"auto","background-attachment":"scroll","background-type":"","background-media":"","overlay-type":"","overlay-color":"","overlay-opacity":"","overlay-gradient":""},"tablet":{"background-color":"","background-image":"","background-repeat":"repeat","background-position":"center center","background-size":"auto","background-attachment":"scroll","background-type":"","background-media":"","overlay-type":"","overlay-color":"","overlay-opacity":"","overlay-gradient":""},"mobile":{"background-color":"","background-image":"","background-repeat":"repeat","background-position":"center center","background-size":"auto","background-attachment":"scroll","background-type":"","background-media":"","overlay-type":"","overlay-color":"","overlay-opacity":"","overlay-gradient":""}},"ast-content-background-meta":{"desktop":{"background-color":"var(--ast-global-color-5)","background-image":"","background-repeat":"repeat","background-position":"center center","background-size":"auto","background-attachment":"scroll","background-type":"","background-media":"","overlay-type":"","overlay-color":"","overlay-opacity":"","overlay-gradient":""},"tablet":{"background-color":"var(--ast-global-color-5)","background-image":"","background-repeat":"repeat","background-position":"center center","background-size":"auto","background-attachment":"scroll","background-type":"","background-media":"","overlay-type":"","overlay-color":"","overlay-opacity":"","overlay-gradient":""},"mobile":{"background-color":"var(--ast-global-color-5)","background-image":"","background-repeat":"repeat","background-position":"center center","background-size":"auto","background-attachment":"scroll","background-type":"","background-media":"","overlay-type":"","overlay-color":"","overlay-opacity":"","overlay-gradient":""}}},"product_cat":[61,58],"product_tag":[],"class_list":{"0":"post-2205","1":"product","2":"type-product","3":"status-publish","4":"has-post-thumbnail","6":"product_cat-cuisine","7":"product_cat-experiences-fr","8":"desktop-align-left","9":"tablet-align-left","10":"mobile-align-left","12":"first","13":"instock","14":"virtual","15":"purchasable","16":"product-type-simple"},"yoast_head":"<!-- This site is optimized with the Yoast SEO plugin v24.0 - https:\/\/yoast.com\/wordpress\/plugins\/seo\/ -->\n<title>Tour en jeep au ch\u00e2taigneraie s\u00e9culaire - Your Sardinia Experience<\/title>\n<meta name=\"robots\" content=\"index, follow, max-snippet:-1, max-image-preview:large, max-video-preview:-1\" \/>\n<link rel=\"canonical\" href=\"https:\/\/www.yoursardiniaexperience.it\/fr\/prodotto\/tour-en-jeep-au-chataigneraie-seculaire\/\" \/>\n<meta property=\"og:locale\" content=\"fr_FR\" \/>\n<meta property=\"og:type\" content=\"article\" \/>\n<meta property=\"og:title\" content=\"Tour en jeep au ch\u00e2taigneraie s\u00e9culaire - Your Sardinia Experience\" \/>\n<meta property=\"og:description\" content=\"\ud83d\udccc Aritzo, Barbagia. \ud83d\udcc6 Disponible toute l\u2019ann\u00e9e \ud83d\udc6a Min 2 personnes \ud83d\udd5c Dur\u00e9e de 4 heures \ud83d\udcb0 \u20ac 50,00 par personne \ud83d\ude90 Tour priv\u00e9 et transport sur demande  &nbsp;  Description   Le tour au ch\u00e2taigneraie s\u00e9culaire de Geratzia \u00e0 Aritzo est une exp\u00e9rience de demi-journ\u00e9e au c\u0153ur des monts du Gennargentu, \u00e0 la d\u00e9couverte des arbres majestueux et les sources d\u2019eaux cristallines. \u00c0 l&#039;int\u00e9rieur du ch\u00e2taigneraie de propri\u00e9t\u00e9, on pourra d\u00e9couvrir tout ce qu\u2019il y a \u00e0 savoir autour des ch\u00e2taigniers, les secrets et les usages de ces fruits, pour ensuite d\u00e9guster les produits fait-maisons comme par exemple la bi\u00e8re aux ch\u00e2taignes. Cette exp\u00e9rience au ch\u00e2taigneraie s\u00e9culaire de Geratzia veut partager avec vous un cadre environnemental unique en Sardaigne, immerg\u00e9 dans les sons et parfums de la montagne. &nbsp; \u00c0 quoi s\u2019attendre Tour guid\u00e9 par des guides professionnels locaux qui habitent le village Une exp\u00e9rience unique dans une famille sarde Tour d\u2019une zone naturelle prot\u00e9g\u00e9e Tour de la zone centrale de Sardaigne D\u00e9gustation et repas des produits locaux \u00e0 base de ch\u00e2taigne Transport en 4x4 Jeep - Land Rover &nbsp; Qu\u2019est-ce qu\u2019il est inclus? Service des guides environnementales et touristiques D\u00e9gustation des produits locaux \u00e0 base de ch\u00e2taigne et noisette Transport en 4x4 Jeep - Land Rover Assurance\" \/>\n<meta property=\"og:url\" content=\"https:\/\/www.yoursardiniaexperience.it\/fr\/prodotto\/tour-en-jeep-au-chataigneraie-seculaire\/\" \/>\n<meta property=\"og:site_name\" content=\"Your Sardinia Experience\" \/>\n<meta property=\"og:image\" content=\"https:\/\/www.yoursardiniaexperience.it\/wp-content\/uploads\/2024\/03\/esperienzasecolare-e1711735567444-1024x1024.png\" \/>\n\t<meta property=\"og:image:width\" content=\"1024\" \/>\n\t<meta property=\"og:image:height\" content=\"1024\" \/>\n\t<meta property=\"og:image:type\" content=\"image\/png\" \/>\n<meta name=\"twitter:card\" content=\"summary_large_image\" \/>\n<script type=\"application\/ld+json\" class=\"yoast-schema-graph\">{\"@context\":\"https:\/\/schema.org\",\"@graph\":[{\"@type\":\"WebPage\",\"@id\":\"https:\/\/www.yoursardiniaexperience.it\/fr\/prodotto\/tour-en-jeep-au-chataigneraie-seculaire\/\",\"url\":\"https:\/\/www.yoursardiniaexperience.it\/fr\/prodotto\/tour-en-jeep-au-chataigneraie-seculaire\/\",\"name\":\"Tour en jeep au ch\u00e2taigneraie s\u00e9culaire - Your Sardinia Experience\",\"isPartOf\":{\"@id\":\"https:\/\/www.yoursardiniaexperience.it\/fr\/#website\"},\"primaryImageOfPage\":{\"@id\":\"https:\/\/www.yoursardiniaexperience.it\/fr\/prodotto\/tour-en-jeep-au-chataigneraie-seculaire\/#primaryimage\"},\"image\":{\"@id\":\"https:\/\/www.yoursardiniaexperience.it\/fr\/prodotto\/tour-en-jeep-au-chataigneraie-seculaire\/#primaryimage\"},\"thumbnailUrl\":\"https:\/\/www.yoursardiniaexperience.it\/wp-content\/uploads\/2024\/03\/esperienzasecolare-e1711735567444.png\",\"datePublished\":\"2024-03-29T17:58:49+00:00\",\"dateModified\":\"2024-03-29T17:58:49+00:00\",\"breadcrumb\":{\"@id\":\"https:\/\/www.yoursardiniaexperience.it\/fr\/prodotto\/tour-en-jeep-au-chataigneraie-seculaire\/#breadcrumb\"},\"inLanguage\":\"fr-FR\",\"potentialAction\":[{\"@type\":\"ReadAction\",\"target\":[\"https:\/\/www.yoursardiniaexperience.it\/fr\/prodotto\/tour-en-jeep-au-chataigneraie-seculaire\/\"]}]},{\"@type\":\"ImageObject\",\"inLanguage\":\"fr-FR\",\"@id\":\"https:\/\/www.yoursardiniaexperience.it\/fr\/prodotto\/tour-en-jeep-au-chataigneraie-seculaire\/#primaryimage\",\"url\":\"https:\/\/www.yoursardiniaexperience.it\/wp-content\/uploads\/2024\/03\/esperienzasecolare-e1711735567444.png\",\"contentUrl\":\"https:\/\/www.yoursardiniaexperience.it\/wp-content\/uploads\/2024\/03\/esperienzasecolare-e1711735567444.png\",\"width\":1166,\"height\":1166},{\"@type\":\"BreadcrumbList\",\"@id\":\"https:\/\/www.yoursardiniaexperience.it\/fr\/prodotto\/tour-en-jeep-au-chataigneraie-seculaire\/#breadcrumb\",\"itemListElement\":[{\"@type\":\"ListItem\",\"position\":1,\"name\":\"Home\",\"item\":\"https:\/\/www.yoursardiniaexperience.it\/fr\/\"},{\"@type\":\"ListItem\",\"position\":2,\"name\":\"Produits\",\"item\":\"https:\/\/www.yoursardiniaexperience.it\/fr\/shop\/\"},{\"@type\":\"ListItem\",\"position\":3,\"name\":\"Tour en jeep au ch\u00e2taigneraie s\u00e9culaire\"}]},{\"@type\":\"WebSite\",\"@id\":\"https:\/\/www.yoursardiniaexperience.it\/fr\/#website\",\"url\":\"https:\/\/www.yoursardiniaexperience.it\/fr\/\",\"name\":\"Your Sardinia Experience\",\"description\":\"Scopri il cuore dell'isola pi&ugrave; selvaggia\",\"publisher\":{\"@id\":\"https:\/\/www.yoursardiniaexperience.it\/fr\/#organization\"},\"potentialAction\":[{\"@type\":\"SearchAction\",\"target\":{\"@type\":\"EntryPoint\",\"urlTemplate\":\"https:\/\/www.yoursardiniaexperience.it\/fr\/?s={search_term_string}\"},\"query-input\":{\"@type\":\"PropertyValueSpecification\",\"valueRequired\":true,\"valueName\":\"search_term_string\"}}],\"inLanguage\":\"fr-FR\"},{\"@type\":\"Organization\",\"@id\":\"https:\/\/www.yoursardiniaexperience.it\/fr\/#organization\",\"name\":\"Your Sardinia Experience\",\"url\":\"https:\/\/www.yoursardiniaexperience.it\/fr\/\",\"logo\":{\"@type\":\"ImageObject\",\"inLanguage\":\"fr-FR\",\"@id\":\"https:\/\/www.yoursardiniaexperience.it\/fr\/#\/schema\/logo\/image\/\",\"url\":\"https:\/\/www.yoursardiniaexperience.it\/wp-content\/uploads\/2024\/04\/cropped-cropped-SITOYOUR-piccolo.png\",\"contentUrl\":\"https:\/\/www.yoursardiniaexperience.it\/wp-content\/uploads\/2024\/04\/cropped-cropped-SITOYOUR-piccolo.png\",\"width\":512,\"height\":512,\"caption\":\"Your Sardinia Experience\"},\"image\":{\"@id\":\"https:\/\/www.yoursardiniaexperience.it\/fr\/#\/schema\/logo\/image\/\"}}]}<\/script>\n<!-- \/ Yoast SEO plugin. -->","yoast_head_json":{"title":"Tour en jeep au ch\u00e2taigneraie s\u00e9culaire - Your Sardinia Experience","robots":{"index":"index","follow":"follow","max-snippet":"max-snippet:-1","max-image-preview":"max-image-preview:large","max-video-preview":"max-video-preview:-1"},"canonical":"https:\/\/www.yoursardiniaexperience.it\/fr\/prodotto\/tour-en-jeep-au-chataigneraie-seculaire\/","og_locale":"fr_FR","og_type":"article","og_title":"Tour en jeep au ch\u00e2taigneraie s\u00e9culaire - Your Sardinia Experience","og_description":"\ud83d\udccc Aritzo, Barbagia. \ud83d\udcc6 Disponible toute l\u2019ann\u00e9e \ud83d\udc6a Min 2 personnes \ud83d\udd5c Dur\u00e9e de 4 heures \ud83d\udcb0 \u20ac 50,00 par personne \ud83d\ude90 Tour priv\u00e9 et transport sur demande  &nbsp;  Description   Le tour au ch\u00e2taigneraie s\u00e9culaire de Geratzia \u00e0 Aritzo est une exp\u00e9rience de demi-journ\u00e9e au c\u0153ur des monts du Gennargentu, \u00e0 la d\u00e9couverte des arbres majestueux et les sources d\u2019eaux cristallines. \u00c0 l'int\u00e9rieur du ch\u00e2taigneraie de propri\u00e9t\u00e9, on pourra d\u00e9couvrir tout ce qu\u2019il y a \u00e0 savoir autour des ch\u00e2taigniers, les secrets et les usages de ces fruits, pour ensuite d\u00e9guster les produits fait-maisons comme par exemple la bi\u00e8re aux ch\u00e2taignes. Cette exp\u00e9rience au ch\u00e2taigneraie s\u00e9culaire de Geratzia veut partager avec vous un cadre environnemental unique en Sardaigne, immerg\u00e9 dans les sons et parfums de la montagne. &nbsp; \u00c0 quoi s\u2019attendre Tour guid\u00e9 par des guides professionnels locaux qui habitent le village Une exp\u00e9rience unique dans une famille sarde Tour d\u2019une zone naturelle prot\u00e9g\u00e9e Tour de la zone centrale de Sardaigne D\u00e9gustation et repas des produits locaux \u00e0 base de ch\u00e2taigne Transport en 4x4 Jeep - Land Rover &nbsp; Qu\u2019est-ce qu\u2019il est inclus? Service des guides environnementales et touristiques D\u00e9gustation des produits locaux \u00e0 base de ch\u00e2taigne et noisette Transport en 4x4 Jeep - Land Rover Assurance","og_url":"https:\/\/www.yoursardiniaexperience.it\/fr\/prodotto\/tour-en-jeep-au-chataigneraie-seculaire\/","og_site_name":"Your Sardinia Experience","og_image":[{"width":1024,"height":1024,"url":"https:\/\/www.yoursardiniaexperience.it\/wp-content\/uploads\/2024\/03\/esperienzasecolare-e1711735567444-1024x1024.png","type":"image\/png"}],"twitter_card":"summary_large_image","schema":{"@context":"https:\/\/schema.org","@graph":[{"@type":"WebPage","@id":"https:\/\/www.yoursardiniaexperience.it\/fr\/prodotto\/tour-en-jeep-au-chataigneraie-seculaire\/","url":"https:\/\/www.yoursardiniaexperience.it\/fr\/prodotto\/tour-en-jeep-au-chataigneraie-seculaire\/","name":"Tour en jeep au ch\u00e2taigneraie s\u00e9culaire - Your Sardinia Experience","isPartOf":{"@id":"https:\/\/www.yoursardiniaexperience.it\/fr\/#website"},"primaryImageOfPage":{"@id":"https:\/\/www.yoursardiniaexperience.it\/fr\/prodotto\/tour-en-jeep-au-chataigneraie-seculaire\/#primaryimage"},"image":{"@id":"https:\/\/www.yoursardiniaexperience.it\/fr\/prodotto\/tour-en-jeep-au-chataigneraie-seculaire\/#primaryimage"},"thumbnailUrl":"https:\/\/www.yoursardiniaexperience.it\/wp-content\/uploads\/2024\/03\/esperienzasecolare-e1711735567444.png","datePublished":"2024-03-29T17:58:49+00:00","dateModified":"2024-03-29T17:58:49+00:00","breadcrumb":{"@id":"https:\/\/www.yoursardiniaexperience.it\/fr\/prodotto\/tour-en-jeep-au-chataigneraie-seculaire\/#breadcrumb"},"inLanguage":"fr-FR","potentialAction":[{"@type":"ReadAction","target":["https:\/\/www.yoursardiniaexperience.it\/fr\/prodotto\/tour-en-jeep-au-chataigneraie-seculaire\/"]}]},{"@type":"ImageObject","inLanguage":"fr-FR","@id":"https:\/\/www.yoursardiniaexperience.it\/fr\/prodotto\/tour-en-jeep-au-chataigneraie-seculaire\/#primaryimage","url":"https:\/\/www.yoursardiniaexperience.it\/wp-content\/uploads\/2024\/03\/esperienzasecolare-e1711735567444.png","contentUrl":"https:\/\/www.yoursardiniaexperience.it\/wp-content\/uploads\/2024\/03\/esperienzasecolare-e1711735567444.png","width":1166,"height":1166},{"@type":"BreadcrumbList","@id":"https:\/\/www.yoursardiniaexperience.it\/fr\/prodotto\/tour-en-jeep-au-chataigneraie-seculaire\/#breadcrumb","itemListElement":[{"@type":"ListItem","position":1,"name":"Home","item":"https:\/\/www.yoursardiniaexperience.it\/fr\/"},{"@type":"ListItem","position":2,"name":"Produits","item":"https:\/\/www.yoursardiniaexperience.it\/fr\/shop\/"},{"@type":"ListItem","position":3,"name":"Tour en jeep au ch\u00e2taigneraie s\u00e9culaire"}]},{"@type":"WebSite","@id":"https:\/\/www.yoursardiniaexperience.it\/fr\/#website","url":"https:\/\/www.yoursardiniaexperience.it\/fr\/","name":"Your Sardinia Experience","description":"Scopri il cuore dell'isola pi&ugrave; selvaggia","publisher":{"@id":"https:\/\/www.yoursardiniaexperience.it\/fr\/#organization"},"potentialAction":[{"@type":"SearchAction","target":{"@type":"EntryPoint","urlTemplate":"https:\/\/www.yoursardiniaexperience.it\/fr\/?s={search_term_string}"},"query-input":{"@type":"PropertyValueSpecification","valueRequired":true,"valueName":"search_term_string"}}],"inLanguage":"fr-FR"},{"@type":"Organization","@id":"https:\/\/www.yoursardiniaexperience.it\/fr\/#organization","name":"Your Sardinia Experience","url":"https:\/\/www.yoursardiniaexperience.it\/fr\/","logo":{"@type":"ImageObject","inLanguage":"fr-FR","@id":"https:\/\/www.yoursardiniaexperience.it\/fr\/#\/schema\/logo\/image\/","url":"https:\/\/www.yoursardiniaexperience.it\/wp-content\/uploads\/2024\/04\/cropped-cropped-SITOYOUR-piccolo.png","contentUrl":"https:\/\/www.yoursardiniaexperience.it\/wp-content\/uploads\/2024\/04\/cropped-cropped-SITOYOUR-piccolo.png","width":512,"height":512,"caption":"Your Sardinia Experience"},"image":{"@id":"https:\/\/www.yoursardiniaexperience.it\/fr\/#\/schema\/logo\/image\/"}}]}},"jetpack_sharing_enabled":true,"_links":{"self":[{"href":"https:\/\/www.yoursardiniaexperience.it\/fr\/wp-json\/wp\/v2\/product\/2205","targetHints":{"allow":["GET"]}}],"collection":[{"href":"https:\/\/www.yoursardiniaexperience.it\/fr\/wp-json\/wp\/v2\/product"}],"about":[{"href":"https:\/\/www.yoursardiniaexperience.it\/fr\/wp-json\/wp\/v2\/types\/product"}],"replies":[{"embeddable":true,"href":"https:\/\/www.yoursardiniaexperience.it\/fr\/wp-json\/wp\/v2\/comments?post=2205"}],"wp:featuredmedia":[{"embeddable":true,"href":"https:\/\/www.yoursardiniaexperience.it\/fr\/wp-json\/wp\/v2\/media\/2206"}],"wp:attachment":[{"href":"https:\/\/www.yoursardiniaexperience.it\/fr\/wp-json\/wp\/v2\/media?parent=2205"}],"wp:term":[{"taxonomy":"product_cat","embeddable":true,"href":"https:\/\/www.yoursardiniaexperience.it\/fr\/wp-json\/wp\/v2\/product_cat?post=2205"},{"taxonomy":"product_tag","embeddable":true,"href":"https:\/\/www.yoursardiniaexperience.it\/fr\/wp-json\/wp\/v2\/product_tag?post=2205"}],"curies":[{"name":"wp","href":"https:\/\/api.w.org\/{rel}","templated":true}]}}