{"id":2211,"date":"2024-03-28T15:06:23","date_gmt":"2024-03-28T15:06:23","guid":{"rendered":"https:\/\/yoursardiniaexperience.montal.do\/prodotto\/aventure-corse\/"},"modified":"2024-05-02T07:48:01","modified_gmt":"2024-05-02T07:48:01","slug":"aventure-corse","status":"publish","type":"product","link":"https:\/\/www.yoursardiniaexperience.it\/fr\/prodotto\/aventure-corse\/","title":{"rendered":"Aventure Corse"},"content":{"rendered":"<p>Un voyage autour de notre \u00eele jumelle sur le GR20<\/p>\n","protected":false},"excerpt":{"rendered":"<div class=\"page\" title=\"Page 2\">\n<div class=\"section\">\n<div class=\"layoutArea\">\n<div class=\"column\">\n<p>\ud83d\udccc Calenzana, Foret de Bonifatu sul GR-20<br \/>\n\ud83d\udcc6 Fin du moi d&rsquo;Ao\u00fbt \/ Premier jour de Septembre<br \/>\n\ud83d\udc6a Min 2 &#8211; Max 6 personnes<br \/>\n\ud83d\udd5c Dur\u00e9e de 4 jours<br \/>\n\ud83e\uddc0 Inclus les campings, les d\u00eeners et les entr\u00e9es mentionn\u00e9es<br \/>\n\ud83d\udcb0 <strong>\u20ac 450,00 par personne<\/strong><br \/>\n\ud83d\ude90 Transfert disponible<br \/>\n\ud83d\udeeb Organis\u00e9 avec Racconti di Viaggio<\/p>\n<\/div>\n<\/div>\n<p>&nbsp;<\/p>\n<div class=\"layoutArea\">\n<div class=\"column\">\n<h2>Description<\/h2>\n<\/div>\n<\/div>\n<div class=\"layoutArea\">\n<div class=\"column\">\n<p>Un tour de randonn\u00e9e en Corse sur le sentier le plus connu de cette \u00eele : GR 20 , une des randonn\u00e9es les plus difficiles dans le monde entier. Apr\u00e8s avoir embarqu\u00e9 sur le ferry \u00e0 Santa Teresa di Gallura, on arrivera au port de Bonifacio, et ensuite \u00e0 notre destination principale: Calvi, le lieu o\u00f9 on dormira la premi\u00e8re nuit. Le jour apr\u00e8s, on commencera tr\u00e8s t\u00f4t le sentier depuis le nord, depuis le village de Calenzana pour rejoindre le premier refuge, Ortu di U Piobbu. Le jour suivant sera le plus spectaculaire de tout le tour car on parcourra le sentier jusqu\u2019\u00e0 la Bocca dell\u2019innominata, et ensuite on aura un peu de repos et une magnifique vue sur les montagnes depuis le refuge Carozzu. Le matin suivant, suite \u00e0 une belle plong\u00e9e dans les eaux glaciales du fleuve au-dessus du pont de la Spasimata, on continuera le sentier sud vers les voitures. Le matin suivant, suite \u00e0 une belle plong\u00e9e dans les eaux glaciales du fleuve au-dessus du pont de la Spasimata, on continuera le sentier sud vers les voitures.<\/p>\n<p>&nbsp;<\/p>\n<h2>\u00c0 quoi s\u2019attendre<\/h2>\n<p>Tour guid\u00e9e par des guides de montagne professionnelles<br \/>\nRandonn\u00e9e dans le Parc National de la Corse<br \/>\nD\u00e9gustation de produits locaux<br \/>\nCampings<br \/>\nTransfert avec un minivan 9 places<\/p>\n<p>&nbsp;<\/p>\n<h2>Qu\u2019est-ce qu\u2019il est inclus?<\/h2>\n<p>Service de guides de montagne<br \/>\nService de guides de montagne<br \/>\nD\u00e9gustations et d\u00eeners<br \/>\nOutils pour le bivouac<br \/>\nTransfert en Minivan 9 places<br \/>\nAssurances<\/p>\n<\/div>\n<\/div>\n<\/div>\n<\/div>\n","protected":false},"featured_media":2212,"comment_status":"open","ping_status":"closed","template":"","meta":{"site-sidebar-layout":"default","site-content-layout":"","ast-site-content-layout":"default","site-content-style":"default","site-sidebar-style":"default","ast-global-header-display":"","ast-banner-title-visibility":"","ast-main-header-display":"","ast-hfb-above-header-display":"","ast-hfb-below-header-display":"","ast-hfb-mobile-header-display":"","site-post-title":"","ast-breadcrumbs-content":"","ast-featured-img":"","footer-sml-layout":"","theme-transparent-header-meta":"default","adv-header-id-meta":"","stick-header-meta":"","header-above-stick-meta":"","header-main-stick-meta":"","header-below-stick-meta":"","astra-migrate-meta-layouts":"default","ast-page-background-enabled":"default","ast-page-background-meta":{"desktop":{"background-color":"var(--ast-global-color-4)","background-image":"","background-repeat":"repeat","background-position":"center center","background-size":"auto","background-attachment":"scroll","background-type":"","background-media":"","overlay-type":"","overlay-color":"","overlay-opacity":"","overlay-gradient":""},"tablet":{"background-color":"","background-image":"","background-repeat":"repeat","background-position":"center center","background-size":"auto","background-attachment":"scroll","background-type":"","background-media":"","overlay-type":"","overlay-color":"","overlay-opacity":"","overlay-gradient":""},"mobile":{"background-color":"","background-image":"","background-repeat":"repeat","background-position":"center center","background-size":"auto","background-attachment":"scroll","background-type":"","background-media":"","overlay-type":"","overlay-color":"","overlay-opacity":"","overlay-gradient":""}},"ast-content-background-meta":{"desktop":{"background-color":"var(--ast-global-color-5)","background-image":"","background-repeat":"repeat","background-position":"center center","background-size":"auto","background-attachment":"scroll","background-type":"","background-media":"","overlay-type":"","overlay-color":"","overlay-opacity":"","overlay-gradient":""},"tablet":{"background-color":"var(--ast-global-color-5)","background-image":"","background-repeat":"repeat","background-position":"center center","background-size":"auto","background-attachment":"scroll","background-type":"","background-media":"","overlay-type":"","overlay-color":"","overlay-opacity":"","overlay-gradient":""},"mobile":{"background-color":"var(--ast-global-color-5)","background-image":"","background-repeat":"repeat","background-position":"center center","background-size":"auto","background-attachment":"scroll","background-type":"","background-media":"","overlay-type":"","overlay-color":"","overlay-opacity":"","overlay-gradient":""}}},"product_cat":[60],"product_tag":[],"class_list":{"0":"post-2211","1":"product","2":"type-product","3":"status-publish","4":"has-post-thumbnail","6":"product_cat-trekking-fr","7":"desktop-align-left","8":"tablet-align-left","9":"mobile-align-left","11":"first","12":"instock","13":"virtual","14":"purchasable","15":"product-type-simple"},"yoast_head":"<!-- This site is optimized with the Yoast SEO plugin v24.0 - https:\/\/yoast.com\/wordpress\/plugins\/seo\/ -->\n<title>Aventure Corse - Your Sardinia Experience<\/title>\n<meta name=\"robots\" content=\"index, follow, max-snippet:-1, max-image-preview:large, max-video-preview:-1\" \/>\n<link rel=\"canonical\" href=\"https:\/\/www.yoursardiniaexperience.it\/fr\/prodotto\/aventure-corse\/\" \/>\n<meta property=\"og:locale\" content=\"fr_FR\" \/>\n<meta property=\"og:type\" content=\"article\" \/>\n<meta property=\"og:title\" content=\"Aventure Corse - Your Sardinia Experience\" \/>\n<meta property=\"og:description\" content=\"\ud83d\udccc Calenzana, Foret de Bonifatu sul GR-20 \ud83d\udcc6 Fin du moi d&#039;Ao\u00fbt \/ Premier jour de Septembre \ud83d\udc6a Min 2 - Max 6 personnes \ud83d\udd5c Dur\u00e9e de 4 jours \ud83e\uddc0 Inclus les campings, les d\u00eeners et les entr\u00e9es mentionn\u00e9es \ud83d\udcb0 \u20ac 450,00 par personne \ud83d\ude90 Transfert disponible \ud83d\udeeb Organis\u00e9 avec Racconti di Viaggio  &nbsp;  Description   Un tour de randonn\u00e9e en Corse sur le sentier le plus connu de cette \u00eele : GR 20 , une des randonn\u00e9es les plus difficiles dans le monde entier. Apr\u00e8s avoir embarqu\u00e9 sur le ferry \u00e0 Santa Teresa di Gallura, on arrivera au port de Bonifacio, et ensuite \u00e0 notre destination principale: Calvi, le lieu o\u00f9 on dormira la premi\u00e8re nuit. Le jour apr\u00e8s, on commencera tr\u00e8s t\u00f4t le sentier depuis le nord, depuis le village de Calenzana pour rejoindre le premier refuge, Ortu di U Piobbu. Le jour suivant sera le plus spectaculaire de tout le tour car on parcourra le sentier jusqu\u2019\u00e0 la Bocca dell\u2019innominata, et ensuite on aura un peu de repos et une magnifique vue sur les montagnes depuis le refuge Carozzu. Le matin suivant, suite \u00e0 une belle plong\u00e9e dans les eaux glaciales du fleuve au-dessus du pont de la Spasimata, on continuera le sentier sud vers les voitures. Le matin suivant, suite \u00e0 une belle plong\u00e9e dans les eaux glaciales du fleuve au-dessus du pont de la Spasimata, on continuera le sentier sud vers les voitures. &nbsp; \u00c0 quoi s\u2019attendre Tour guid\u00e9e par des guides de montagne professionnelles Randonn\u00e9e dans le Parc National de la Corse D\u00e9gustation de produits locaux Campings Transfert avec un minivan 9 places &nbsp; Qu\u2019est-ce qu\u2019il est inclus? Service de guides de montagne Service de guides de montagne D\u00e9gustations et d\u00eeners Outils pour le bivouac Transfert en Minivan 9 places Assurances\" \/>\n<meta property=\"og:url\" content=\"https:\/\/www.yoursardiniaexperience.it\/fr\/prodotto\/aventure-corse\/\" \/>\n<meta property=\"og:site_name\" content=\"Your Sardinia Experience\" \/>\n<meta property=\"article:modified_time\" content=\"2024-05-02T07:48:01+00:00\" \/>\n<meta property=\"og:image\" content=\"https:\/\/www.yoursardiniaexperience.it\/wp-content\/uploads\/2024\/03\/15-Corsica-Adventure-e1711638370638.jpeg\" \/>\n\t<meta property=\"og:image:width\" content=\"1200\" \/>\n\t<meta property=\"og:image:height\" content=\"1200\" \/>\n\t<meta property=\"og:image:type\" content=\"image\/jpeg\" \/>\n<meta name=\"twitter:card\" content=\"summary_large_image\" \/>\n<script type=\"application\/ld+json\" class=\"yoast-schema-graph\">{\"@context\":\"https:\/\/schema.org\",\"@graph\":[{\"@type\":\"WebPage\",\"@id\":\"https:\/\/www.yoursardiniaexperience.it\/fr\/prodotto\/aventure-corse\/\",\"url\":\"https:\/\/www.yoursardiniaexperience.it\/fr\/prodotto\/aventure-corse\/\",\"name\":\"Aventure Corse - Your Sardinia Experience\",\"isPartOf\":{\"@id\":\"https:\/\/www.yoursardiniaexperience.it\/fr\/#website\"},\"primaryImageOfPage\":{\"@id\":\"https:\/\/www.yoursardiniaexperience.it\/fr\/prodotto\/aventure-corse\/#primaryimage\"},\"image\":{\"@id\":\"https:\/\/www.yoursardiniaexperience.it\/fr\/prodotto\/aventure-corse\/#primaryimage\"},\"thumbnailUrl\":\"https:\/\/www.yoursardiniaexperience.it\/wp-content\/uploads\/2024\/03\/15-Corsica-Adventure-e1711638370638.jpeg\",\"datePublished\":\"2024-03-28T15:06:23+00:00\",\"dateModified\":\"2024-05-02T07:48:01+00:00\",\"breadcrumb\":{\"@id\":\"https:\/\/www.yoursardiniaexperience.it\/fr\/prodotto\/aventure-corse\/#breadcrumb\"},\"inLanguage\":\"fr-FR\",\"potentialAction\":[{\"@type\":\"ReadAction\",\"target\":[\"https:\/\/www.yoursardiniaexperience.it\/fr\/prodotto\/aventure-corse\/\"]}]},{\"@type\":\"ImageObject\",\"inLanguage\":\"fr-FR\",\"@id\":\"https:\/\/www.yoursardiniaexperience.it\/fr\/prodotto\/aventure-corse\/#primaryimage\",\"url\":\"https:\/\/www.yoursardiniaexperience.it\/wp-content\/uploads\/2024\/03\/15-Corsica-Adventure-e1711638370638.jpeg\",\"contentUrl\":\"https:\/\/www.yoursardiniaexperience.it\/wp-content\/uploads\/2024\/03\/15-Corsica-Adventure-e1711638370638.jpeg\",\"width\":1200,\"height\":1200},{\"@type\":\"BreadcrumbList\",\"@id\":\"https:\/\/www.yoursardiniaexperience.it\/fr\/prodotto\/aventure-corse\/#breadcrumb\",\"itemListElement\":[{\"@type\":\"ListItem\",\"position\":1,\"name\":\"Home\",\"item\":\"https:\/\/www.yoursardiniaexperience.it\/fr\/\"},{\"@type\":\"ListItem\",\"position\":2,\"name\":\"Produits\",\"item\":\"https:\/\/www.yoursardiniaexperience.it\/fr\/shop\/\"},{\"@type\":\"ListItem\",\"position\":3,\"name\":\"Aventure Corse\"}]},{\"@type\":\"WebSite\",\"@id\":\"https:\/\/www.yoursardiniaexperience.it\/fr\/#website\",\"url\":\"https:\/\/www.yoursardiniaexperience.it\/fr\/\",\"name\":\"Your Sardinia Experience\",\"description\":\"Scopri il cuore dell'isola pi&ugrave; selvaggia\",\"publisher\":{\"@id\":\"https:\/\/www.yoursardiniaexperience.it\/fr\/#organization\"},\"potentialAction\":[{\"@type\":\"SearchAction\",\"target\":{\"@type\":\"EntryPoint\",\"urlTemplate\":\"https:\/\/www.yoursardiniaexperience.it\/fr\/?s={search_term_string}\"},\"query-input\":{\"@type\":\"PropertyValueSpecification\",\"valueRequired\":true,\"valueName\":\"search_term_string\"}}],\"inLanguage\":\"fr-FR\"},{\"@type\":\"Organization\",\"@id\":\"https:\/\/www.yoursardiniaexperience.it\/fr\/#organization\",\"name\":\"Your Sardinia Experience\",\"url\":\"https:\/\/www.yoursardiniaexperience.it\/fr\/\",\"logo\":{\"@type\":\"ImageObject\",\"inLanguage\":\"fr-FR\",\"@id\":\"https:\/\/www.yoursardiniaexperience.it\/fr\/#\/schema\/logo\/image\/\",\"url\":\"https:\/\/www.yoursardiniaexperience.it\/wp-content\/uploads\/2024\/04\/cropped-cropped-SITOYOUR-piccolo.png\",\"contentUrl\":\"https:\/\/www.yoursardiniaexperience.it\/wp-content\/uploads\/2024\/04\/cropped-cropped-SITOYOUR-piccolo.png\",\"width\":512,\"height\":512,\"caption\":\"Your Sardinia Experience\"},\"image\":{\"@id\":\"https:\/\/www.yoursardiniaexperience.it\/fr\/#\/schema\/logo\/image\/\"}}]}<\/script>\n<!-- \/ Yoast SEO plugin. -->","yoast_head_json":{"title":"Aventure Corse - Your Sardinia Experience","robots":{"index":"index","follow":"follow","max-snippet":"max-snippet:-1","max-image-preview":"max-image-preview:large","max-video-preview":"max-video-preview:-1"},"canonical":"https:\/\/www.yoursardiniaexperience.it\/fr\/prodotto\/aventure-corse\/","og_locale":"fr_FR","og_type":"article","og_title":"Aventure Corse - Your Sardinia Experience","og_description":"\ud83d\udccc Calenzana, Foret de Bonifatu sul GR-20 \ud83d\udcc6 Fin du moi d'Ao\u00fbt \/ Premier jour de Septembre \ud83d\udc6a Min 2 - Max 6 personnes \ud83d\udd5c Dur\u00e9e de 4 jours \ud83e\uddc0 Inclus les campings, les d\u00eeners et les entr\u00e9es mentionn\u00e9es \ud83d\udcb0 \u20ac 450,00 par personne \ud83d\ude90 Transfert disponible \ud83d\udeeb Organis\u00e9 avec Racconti di Viaggio  &nbsp;  Description   Un tour de randonn\u00e9e en Corse sur le sentier le plus connu de cette \u00eele : GR 20 , une des randonn\u00e9es les plus difficiles dans le monde entier. Apr\u00e8s avoir embarqu\u00e9 sur le ferry \u00e0 Santa Teresa di Gallura, on arrivera au port de Bonifacio, et ensuite \u00e0 notre destination principale: Calvi, le lieu o\u00f9 on dormira la premi\u00e8re nuit. Le jour apr\u00e8s, on commencera tr\u00e8s t\u00f4t le sentier depuis le nord, depuis le village de Calenzana pour rejoindre le premier refuge, Ortu di U Piobbu. Le jour suivant sera le plus spectaculaire de tout le tour car on parcourra le sentier jusqu\u2019\u00e0 la Bocca dell\u2019innominata, et ensuite on aura un peu de repos et une magnifique vue sur les montagnes depuis le refuge Carozzu. Le matin suivant, suite \u00e0 une belle plong\u00e9e dans les eaux glaciales du fleuve au-dessus du pont de la Spasimata, on continuera le sentier sud vers les voitures. Le matin suivant, suite \u00e0 une belle plong\u00e9e dans les eaux glaciales du fleuve au-dessus du pont de la Spasimata, on continuera le sentier sud vers les voitures. &nbsp; \u00c0 quoi s\u2019attendre Tour guid\u00e9e par des guides de montagne professionnelles Randonn\u00e9e dans le Parc National de la Corse D\u00e9gustation de produits locaux Campings Transfert avec un minivan 9 places &nbsp; Qu\u2019est-ce qu\u2019il est inclus? Service de guides de montagne Service de guides de montagne D\u00e9gustations et d\u00eeners Outils pour le bivouac Transfert en Minivan 9 places Assurances","og_url":"https:\/\/www.yoursardiniaexperience.it\/fr\/prodotto\/aventure-corse\/","og_site_name":"Your Sardinia Experience","article_modified_time":"2024-05-02T07:48:01+00:00","og_image":[{"width":1200,"height":1200,"url":"https:\/\/www.yoursardiniaexperience.it\/wp-content\/uploads\/2024\/03\/15-Corsica-Adventure-e1711638370638.jpeg","type":"image\/jpeg"}],"twitter_card":"summary_large_image","schema":{"@context":"https:\/\/schema.org","@graph":[{"@type":"WebPage","@id":"https:\/\/www.yoursardiniaexperience.it\/fr\/prodotto\/aventure-corse\/","url":"https:\/\/www.yoursardiniaexperience.it\/fr\/prodotto\/aventure-corse\/","name":"Aventure Corse - Your Sardinia Experience","isPartOf":{"@id":"https:\/\/www.yoursardiniaexperience.it\/fr\/#website"},"primaryImageOfPage":{"@id":"https:\/\/www.yoursardiniaexperience.it\/fr\/prodotto\/aventure-corse\/#primaryimage"},"image":{"@id":"https:\/\/www.yoursardiniaexperience.it\/fr\/prodotto\/aventure-corse\/#primaryimage"},"thumbnailUrl":"https:\/\/www.yoursardiniaexperience.it\/wp-content\/uploads\/2024\/03\/15-Corsica-Adventure-e1711638370638.jpeg","datePublished":"2024-03-28T15:06:23+00:00","dateModified":"2024-05-02T07:48:01+00:00","breadcrumb":{"@id":"https:\/\/www.yoursardiniaexperience.it\/fr\/prodotto\/aventure-corse\/#breadcrumb"},"inLanguage":"fr-FR","potentialAction":[{"@type":"ReadAction","target":["https:\/\/www.yoursardiniaexperience.it\/fr\/prodotto\/aventure-corse\/"]}]},{"@type":"ImageObject","inLanguage":"fr-FR","@id":"https:\/\/www.yoursardiniaexperience.it\/fr\/prodotto\/aventure-corse\/#primaryimage","url":"https:\/\/www.yoursardiniaexperience.it\/wp-content\/uploads\/2024\/03\/15-Corsica-Adventure-e1711638370638.jpeg","contentUrl":"https:\/\/www.yoursardiniaexperience.it\/wp-content\/uploads\/2024\/03\/15-Corsica-Adventure-e1711638370638.jpeg","width":1200,"height":1200},{"@type":"BreadcrumbList","@id":"https:\/\/www.yoursardiniaexperience.it\/fr\/prodotto\/aventure-corse\/#breadcrumb","itemListElement":[{"@type":"ListItem","position":1,"name":"Home","item":"https:\/\/www.yoursardiniaexperience.it\/fr\/"},{"@type":"ListItem","position":2,"name":"Produits","item":"https:\/\/www.yoursardiniaexperience.it\/fr\/shop\/"},{"@type":"ListItem","position":3,"name":"Aventure Corse"}]},{"@type":"WebSite","@id":"https:\/\/www.yoursardiniaexperience.it\/fr\/#website","url":"https:\/\/www.yoursardiniaexperience.it\/fr\/","name":"Your Sardinia Experience","description":"Scopri il cuore dell'isola pi&ugrave; selvaggia","publisher":{"@id":"https:\/\/www.yoursardiniaexperience.it\/fr\/#organization"},"potentialAction":[{"@type":"SearchAction","target":{"@type":"EntryPoint","urlTemplate":"https:\/\/www.yoursardiniaexperience.it\/fr\/?s={search_term_string}"},"query-input":{"@type":"PropertyValueSpecification","valueRequired":true,"valueName":"search_term_string"}}],"inLanguage":"fr-FR"},{"@type":"Organization","@id":"https:\/\/www.yoursardiniaexperience.it\/fr\/#organization","name":"Your Sardinia Experience","url":"https:\/\/www.yoursardiniaexperience.it\/fr\/","logo":{"@type":"ImageObject","inLanguage":"fr-FR","@id":"https:\/\/www.yoursardiniaexperience.it\/fr\/#\/schema\/logo\/image\/","url":"https:\/\/www.yoursardiniaexperience.it\/wp-content\/uploads\/2024\/04\/cropped-cropped-SITOYOUR-piccolo.png","contentUrl":"https:\/\/www.yoursardiniaexperience.it\/wp-content\/uploads\/2024\/04\/cropped-cropped-SITOYOUR-piccolo.png","width":512,"height":512,"caption":"Your Sardinia Experience"},"image":{"@id":"https:\/\/www.yoursardiniaexperience.it\/fr\/#\/schema\/logo\/image\/"}}]}},"jetpack_sharing_enabled":true,"_links":{"self":[{"href":"https:\/\/www.yoursardiniaexperience.it\/fr\/wp-json\/wp\/v2\/product\/2211","targetHints":{"allow":["GET"]}}],"collection":[{"href":"https:\/\/www.yoursardiniaexperience.it\/fr\/wp-json\/wp\/v2\/product"}],"about":[{"href":"https:\/\/www.yoursardiniaexperience.it\/fr\/wp-json\/wp\/v2\/types\/product"}],"replies":[{"embeddable":true,"href":"https:\/\/www.yoursardiniaexperience.it\/fr\/wp-json\/wp\/v2\/comments?post=2211"}],"wp:featuredmedia":[{"embeddable":true,"href":"https:\/\/www.yoursardiniaexperience.it\/fr\/wp-json\/wp\/v2\/media\/2212"}],"wp:attachment":[{"href":"https:\/\/www.yoursardiniaexperience.it\/fr\/wp-json\/wp\/v2\/media?parent=2211"}],"wp:term":[{"taxonomy":"product_cat","embeddable":true,"href":"https:\/\/www.yoursardiniaexperience.it\/fr\/wp-json\/wp\/v2\/product_cat?post=2211"},{"taxonomy":"product_tag","embeddable":true,"href":"https:\/\/www.yoursardiniaexperience.it\/fr\/wp-json\/wp\/v2\/product_tag?post=2211"}],"curies":[{"name":"wp","href":"https:\/\/api.w.org\/{rel}","templated":true}]}}