{"id":2214,"date":"2024-03-28T15:02:52","date_gmt":"2024-03-28T15:02:52","guid":{"rendered":"https:\/\/yoursardiniaexperience.montal.do\/prodotto\/sur-le-pas-des-jeunes-soldats\/"},"modified":"2024-03-28T15:02:52","modified_gmt":"2024-03-28T15:02:52","slug":"sur-le-pas-des-jeunes-soldats","status":"publish","type":"product","link":"https:\/\/www.yoursardiniaexperience.it\/fr\/prodotto\/sur-le-pas-des-jeunes-soldats\/","title":{"rendered":"Sur le pas des jeunes soldats"},"content":{"rendered":"<p>52 km de randonn\u00e9e depuis Aritzo jusqu\u2019\u00e0 Lanusei sur les pas des jeunes soldats<\/p>\n","protected":false},"excerpt":{"rendered":"<div class=\"page\" title=\"Page 2\">\n<div class=\"section\">\n<div class=\"layoutArea\">\n<div class=\"column\">\n<p>\ud83d\udccc Aritzo &#8211; Lanusei | Chaine du Gennargentu<br \/>\n\ud83d\udcc6 Mai \/ Septembre<br \/>\n\ud83d\udc6a Min 2 pax &#8211; Max 10 personnes<br \/>\n\ud83d\udd5c 3 Jours<br \/>\n\ud83e\uddc0 Tous les repas et les outils de bivouac sont inclus<br \/>\n\ud83d\udcb0 <strong>D\u00e8s \u20ac 100,00 par personne<\/strong><br \/>\n\ud83d\ude90 Transfert disponible &#8211; transport de logistique (nourritures et bivouac voyagent avec la Land Rover)<\/p>\n<\/div>\n<\/div>\n<p>&nbsp;<\/p>\n<div class=\"layoutArea\">\n<div class=\"column\">\n<h2>Description<\/h2>\n<\/div>\n<\/div>\n<div class=\"layoutArea\">\n<div class=\"column\">\n<p>Depuis le 1927 les jeunes soldats ont d\u00fb prendre une visite m\u00e9dicale pour entrer dans l\u2019arm\u00e9e en Ogliastra depuis la Barbagia, ainsi, pour cette raison ils devaient marcher en traversant des hautes montagnes, vall\u00e9es et gorges, avec des v\u00eatements et accessoires inappropri\u00e9s, et dans la pluparts des cas contre leur volont\u00e9.<br \/>\nNous parcourons les pas de ces soldats et nous d\u00e9couvrons les paysages depuis un autre point de vue, en imaginant comme ils marchaient et en se rappelant tous ceux qui ne sont jamais arriv\u00e9s \u00e0 la visite officielle.<\/p>\n<p>&nbsp;<\/p>\n<h2>\u00c0 quoi s\u2019attendre<\/h2>\n<p>Tour guid\u00e9e par des guides de montagne professionnelles pendant tout le tour<br \/>\nRandonn\u00e9e partout la chaine du Gennargentu<br \/>\nTous les repas dans la nature, des douches de camping et des services tr\u00e8s simples pour les repas et pour bivouac<br \/>\nTous les outils pour le bivouac pendant le tour de randonn\u00e9e (tentes, sacs de couchage, matelas) tout sera transport\u00e9s avec le land rover de fa\u00e7on \u00e0 ne pas peser sur les dos des randonneurs<br \/>\nTransfert disponible pendant tout le tour avec le Minivan 9 places<\/p>\n<p>&nbsp;<\/p>\n<h2>Qu\u2019est-ce qu\u2019il est inclus?<\/h2>\n<p>Service de guides de montagne<br \/>\nRandonn\u00e9es et visites guid\u00e9es mentionn\u00e9es<br \/>\nD\u00e9gustations et d\u00eeners<br \/>\nOutils pour le bivouac<br \/>\nTransfert avec le Minivan 9 places<br \/>\nAssurances<\/p>\n<\/div>\n<\/div>\n<\/div>\n<\/div>\n","protected":false},"featured_media":2217,"comment_status":"open","ping_status":"closed","template":"","meta":{"site-sidebar-layout":"default","site-content-layout":"","ast-site-content-layout":"default","site-content-style":"default","site-sidebar-style":"default","ast-global-header-display":"","ast-banner-title-visibility":"","ast-main-header-display":"","ast-hfb-above-header-display":"","ast-hfb-below-header-display":"","ast-hfb-mobile-header-display":"","site-post-title":"","ast-breadcrumbs-content":"","ast-featured-img":"","footer-sml-layout":"","theme-transparent-header-meta":"default","adv-header-id-meta":"","stick-header-meta":"","header-above-stick-meta":"","header-main-stick-meta":"","header-below-stick-meta":"","astra-migrate-meta-layouts":"default","ast-page-background-enabled":"default","ast-page-background-meta":{"desktop":{"background-color":"var(--ast-global-color-4)","background-image":"","background-repeat":"repeat","background-position":"center center","background-size":"auto","background-attachment":"scroll","background-type":"","background-media":"","overlay-type":"","overlay-color":"","overlay-opacity":"","overlay-gradient":""},"tablet":{"background-color":"","background-image":"","background-repeat":"repeat","background-position":"center center","background-size":"auto","background-attachment":"scroll","background-type":"","background-media":"","overlay-type":"","overlay-color":"","overlay-opacity":"","overlay-gradient":""},"mobile":{"background-color":"","background-image":"","background-repeat":"repeat","background-position":"center center","background-size":"auto","background-attachment":"scroll","background-type":"","background-media":"","overlay-type":"","overlay-color":"","overlay-opacity":"","overlay-gradient":""}},"ast-content-background-meta":{"desktop":{"background-color":"var(--ast-global-color-5)","background-image":"","background-repeat":"repeat","background-position":"center center","background-size":"auto","background-attachment":"scroll","background-type":"","background-media":"","overlay-type":"","overlay-color":"","overlay-opacity":"","overlay-gradient":""},"tablet":{"background-color":"var(--ast-global-color-5)","background-image":"","background-repeat":"repeat","background-position":"center center","background-size":"auto","background-attachment":"scroll","background-type":"","background-media":"","overlay-type":"","overlay-color":"","overlay-opacity":"","overlay-gradient":""},"mobile":{"background-color":"var(--ast-global-color-5)","background-image":"","background-repeat":"repeat","background-position":"center center","background-size":"auto","background-attachment":"scroll","background-type":"","background-media":"","overlay-type":"","overlay-color":"","overlay-opacity":"","overlay-gradient":""}}},"product_cat":[60],"product_tag":[],"class_list":{"0":"post-2214","1":"product","2":"type-product","3":"status-publish","4":"has-post-thumbnail","6":"product_cat-trekking-fr","7":"desktop-align-left","8":"tablet-align-left","9":"mobile-align-left","11":"first","12":"instock","13":"virtual","14":"purchasable","15":"product-type-simple"},"yoast_head":"<!-- This site is optimized with the Yoast SEO plugin v24.0 - https:\/\/yoast.com\/wordpress\/plugins\/seo\/ -->\n<title>Sur le pas des jeunes soldats - Your Sardinia Experience<\/title>\n<meta name=\"robots\" content=\"index, follow, max-snippet:-1, max-image-preview:large, max-video-preview:-1\" \/>\n<link rel=\"canonical\" href=\"https:\/\/www.yoursardiniaexperience.it\/fr\/prodotto\/sur-le-pas-des-jeunes-soldats\/\" \/>\n<meta property=\"og:locale\" content=\"fr_FR\" \/>\n<meta property=\"og:type\" content=\"article\" \/>\n<meta property=\"og:title\" content=\"Sur le pas des jeunes soldats - Your Sardinia Experience\" \/>\n<meta property=\"og:description\" content=\"\ud83d\udccc Aritzo - Lanusei | Chaine du Gennargentu \ud83d\udcc6 Mai \/ Septembre \ud83d\udc6a Min 2 pax - Max 10 personnes \ud83d\udd5c 3 Jours \ud83e\uddc0 Tous les repas et les outils de bivouac sont inclus \ud83d\udcb0 D\u00e8s \u20ac 100,00 par personne \ud83d\ude90 Transfert disponible - transport de logistique (nourritures et bivouac voyagent avec la Land Rover)  &nbsp;  Description   Depuis le 1927 les jeunes soldats ont d\u00fb prendre une visite m\u00e9dicale pour entrer dans l\u2019arm\u00e9e en Ogliastra depuis la Barbagia, ainsi, pour cette raison ils devaient marcher en traversant des hautes montagnes, vall\u00e9es et gorges, avec des v\u00eatements et accessoires inappropri\u00e9s, et dans la pluparts des cas contre leur volont\u00e9. Nous parcourons les pas de ces soldats et nous d\u00e9couvrons les paysages depuis un autre point de vue, en imaginant comme ils marchaient et en se rappelant tous ceux qui ne sont jamais arriv\u00e9s \u00e0 la visite officielle. &nbsp; \u00c0 quoi s\u2019attendre Tour guid\u00e9e par des guides de montagne professionnelles pendant tout le tour Randonn\u00e9e partout la chaine du Gennargentu Tous les repas dans la nature, des douches de camping et des services tr\u00e8s simples pour les repas et pour bivouac Tous les outils pour le bivouac pendant le tour de randonn\u00e9e (tentes, sacs de couchage, matelas) tout sera transport\u00e9s avec le land rover de fa\u00e7on \u00e0 ne pas peser sur les dos des randonneurs Transfert disponible pendant tout le tour avec le Minivan 9 places &nbsp; Qu\u2019est-ce qu\u2019il est inclus? Service de guides de montagne Randonn\u00e9es et visites guid\u00e9es mentionn\u00e9es D\u00e9gustations et d\u00eeners Outils pour le bivouac Transfert avec le Minivan 9 places Assurances\" \/>\n<meta property=\"og:url\" content=\"https:\/\/www.yoursardiniaexperience.it\/fr\/prodotto\/sur-le-pas-des-jeunes-soldats\/\" \/>\n<meta property=\"og:site_name\" content=\"Your Sardinia Experience\" \/>\n<meta property=\"og:image\" content=\"https:\/\/www.yoursardiniaexperience.it\/wp-content\/uploads\/2024\/03\/14-Su-Camminu-de-sa-leva-scaled-e1711638150850.jpg\" \/>\n\t<meta property=\"og:image:width\" content=\"1920\" \/>\n\t<meta property=\"og:image:height\" content=\"1920\" \/>\n\t<meta property=\"og:image:type\" content=\"image\/jpeg\" \/>\n<meta name=\"twitter:card\" content=\"summary_large_image\" \/>\n<script type=\"application\/ld+json\" class=\"yoast-schema-graph\">{\"@context\":\"https:\/\/schema.org\",\"@graph\":[{\"@type\":\"WebPage\",\"@id\":\"https:\/\/www.yoursardiniaexperience.it\/fr\/prodotto\/sur-le-pas-des-jeunes-soldats\/\",\"url\":\"https:\/\/www.yoursardiniaexperience.it\/fr\/prodotto\/sur-le-pas-des-jeunes-soldats\/\",\"name\":\"Sur le pas des jeunes soldats - Your Sardinia Experience\",\"isPartOf\":{\"@id\":\"https:\/\/www.yoursardiniaexperience.it\/fr\/#website\"},\"primaryImageOfPage\":{\"@id\":\"https:\/\/www.yoursardiniaexperience.it\/fr\/prodotto\/sur-le-pas-des-jeunes-soldats\/#primaryimage\"},\"image\":{\"@id\":\"https:\/\/www.yoursardiniaexperience.it\/fr\/prodotto\/sur-le-pas-des-jeunes-soldats\/#primaryimage\"},\"thumbnailUrl\":\"https:\/\/www.yoursardiniaexperience.it\/wp-content\/uploads\/2024\/03\/14-Su-Camminu-de-sa-leva-scaled-e1711638150850.jpg\",\"datePublished\":\"2024-03-28T15:02:52+00:00\",\"dateModified\":\"2024-03-28T15:02:52+00:00\",\"breadcrumb\":{\"@id\":\"https:\/\/www.yoursardiniaexperience.it\/fr\/prodotto\/sur-le-pas-des-jeunes-soldats\/#breadcrumb\"},\"inLanguage\":\"fr-FR\",\"potentialAction\":[{\"@type\":\"ReadAction\",\"target\":[\"https:\/\/www.yoursardiniaexperience.it\/fr\/prodotto\/sur-le-pas-des-jeunes-soldats\/\"]}]},{\"@type\":\"ImageObject\",\"inLanguage\":\"fr-FR\",\"@id\":\"https:\/\/www.yoursardiniaexperience.it\/fr\/prodotto\/sur-le-pas-des-jeunes-soldats\/#primaryimage\",\"url\":\"https:\/\/www.yoursardiniaexperience.it\/wp-content\/uploads\/2024\/03\/14-Su-Camminu-de-sa-leva-scaled-e1711638150850.jpg\",\"contentUrl\":\"https:\/\/www.yoursardiniaexperience.it\/wp-content\/uploads\/2024\/03\/14-Su-Camminu-de-sa-leva-scaled-e1711638150850.jpg\",\"width\":1920,\"height\":1920},{\"@type\":\"BreadcrumbList\",\"@id\":\"https:\/\/www.yoursardiniaexperience.it\/fr\/prodotto\/sur-le-pas-des-jeunes-soldats\/#breadcrumb\",\"itemListElement\":[{\"@type\":\"ListItem\",\"position\":1,\"name\":\"Home\",\"item\":\"https:\/\/www.yoursardiniaexperience.it\/fr\/\"},{\"@type\":\"ListItem\",\"position\":2,\"name\":\"Produits\",\"item\":\"https:\/\/www.yoursardiniaexperience.it\/fr\/shop\/\"},{\"@type\":\"ListItem\",\"position\":3,\"name\":\"Sur le pas des jeunes soldats\"}]},{\"@type\":\"WebSite\",\"@id\":\"https:\/\/www.yoursardiniaexperience.it\/fr\/#website\",\"url\":\"https:\/\/www.yoursardiniaexperience.it\/fr\/\",\"name\":\"Your Sardinia Experience\",\"description\":\"Scopri il cuore dell'isola pi&ugrave; selvaggia\",\"publisher\":{\"@id\":\"https:\/\/www.yoursardiniaexperience.it\/fr\/#organization\"},\"potentialAction\":[{\"@type\":\"SearchAction\",\"target\":{\"@type\":\"EntryPoint\",\"urlTemplate\":\"https:\/\/www.yoursardiniaexperience.it\/fr\/?s={search_term_string}\"},\"query-input\":{\"@type\":\"PropertyValueSpecification\",\"valueRequired\":true,\"valueName\":\"search_term_string\"}}],\"inLanguage\":\"fr-FR\"},{\"@type\":\"Organization\",\"@id\":\"https:\/\/www.yoursardiniaexperience.it\/fr\/#organization\",\"name\":\"Your Sardinia Experience\",\"url\":\"https:\/\/www.yoursardiniaexperience.it\/fr\/\",\"logo\":{\"@type\":\"ImageObject\",\"inLanguage\":\"fr-FR\",\"@id\":\"https:\/\/www.yoursardiniaexperience.it\/fr\/#\/schema\/logo\/image\/\",\"url\":\"https:\/\/www.yoursardiniaexperience.it\/wp-content\/uploads\/2024\/04\/cropped-cropped-SITOYOUR-piccolo.png\",\"contentUrl\":\"https:\/\/www.yoursardiniaexperience.it\/wp-content\/uploads\/2024\/04\/cropped-cropped-SITOYOUR-piccolo.png\",\"width\":512,\"height\":512,\"caption\":\"Your Sardinia Experience\"},\"image\":{\"@id\":\"https:\/\/www.yoursardiniaexperience.it\/fr\/#\/schema\/logo\/image\/\"}}]}<\/script>\n<!-- \/ Yoast SEO plugin. -->","yoast_head_json":{"title":"Sur le pas des jeunes soldats - Your Sardinia Experience","robots":{"index":"index","follow":"follow","max-snippet":"max-snippet:-1","max-image-preview":"max-image-preview:large","max-video-preview":"max-video-preview:-1"},"canonical":"https:\/\/www.yoursardiniaexperience.it\/fr\/prodotto\/sur-le-pas-des-jeunes-soldats\/","og_locale":"fr_FR","og_type":"article","og_title":"Sur le pas des jeunes soldats - Your Sardinia Experience","og_description":"\ud83d\udccc Aritzo - Lanusei | Chaine du Gennargentu \ud83d\udcc6 Mai \/ Septembre \ud83d\udc6a Min 2 pax - Max 10 personnes \ud83d\udd5c 3 Jours \ud83e\uddc0 Tous les repas et les outils de bivouac sont inclus \ud83d\udcb0 D\u00e8s \u20ac 100,00 par personne \ud83d\ude90 Transfert disponible - transport de logistique (nourritures et bivouac voyagent avec la Land Rover)  &nbsp;  Description   Depuis le 1927 les jeunes soldats ont d\u00fb prendre une visite m\u00e9dicale pour entrer dans l\u2019arm\u00e9e en Ogliastra depuis la Barbagia, ainsi, pour cette raison ils devaient marcher en traversant des hautes montagnes, vall\u00e9es et gorges, avec des v\u00eatements et accessoires inappropri\u00e9s, et dans la pluparts des cas contre leur volont\u00e9. Nous parcourons les pas de ces soldats et nous d\u00e9couvrons les paysages depuis un autre point de vue, en imaginant comme ils marchaient et en se rappelant tous ceux qui ne sont jamais arriv\u00e9s \u00e0 la visite officielle. &nbsp; \u00c0 quoi s\u2019attendre Tour guid\u00e9e par des guides de montagne professionnelles pendant tout le tour Randonn\u00e9e partout la chaine du Gennargentu Tous les repas dans la nature, des douches de camping et des services tr\u00e8s simples pour les repas et pour bivouac Tous les outils pour le bivouac pendant le tour de randonn\u00e9e (tentes, sacs de couchage, matelas) tout sera transport\u00e9s avec le land rover de fa\u00e7on \u00e0 ne pas peser sur les dos des randonneurs Transfert disponible pendant tout le tour avec le Minivan 9 places &nbsp; Qu\u2019est-ce qu\u2019il est inclus? Service de guides de montagne Randonn\u00e9es et visites guid\u00e9es mentionn\u00e9es D\u00e9gustations et d\u00eeners Outils pour le bivouac Transfert avec le Minivan 9 places Assurances","og_url":"https:\/\/www.yoursardiniaexperience.it\/fr\/prodotto\/sur-le-pas-des-jeunes-soldats\/","og_site_name":"Your Sardinia Experience","og_image":[{"width":1920,"height":1920,"url":"https:\/\/www.yoursardiniaexperience.it\/wp-content\/uploads\/2024\/03\/14-Su-Camminu-de-sa-leva-scaled-e1711638150850.jpg","type":"image\/jpeg"}],"twitter_card":"summary_large_image","schema":{"@context":"https:\/\/schema.org","@graph":[{"@type":"WebPage","@id":"https:\/\/www.yoursardiniaexperience.it\/fr\/prodotto\/sur-le-pas-des-jeunes-soldats\/","url":"https:\/\/www.yoursardiniaexperience.it\/fr\/prodotto\/sur-le-pas-des-jeunes-soldats\/","name":"Sur le pas des jeunes soldats - Your Sardinia Experience","isPartOf":{"@id":"https:\/\/www.yoursardiniaexperience.it\/fr\/#website"},"primaryImageOfPage":{"@id":"https:\/\/www.yoursardiniaexperience.it\/fr\/prodotto\/sur-le-pas-des-jeunes-soldats\/#primaryimage"},"image":{"@id":"https:\/\/www.yoursardiniaexperience.it\/fr\/prodotto\/sur-le-pas-des-jeunes-soldats\/#primaryimage"},"thumbnailUrl":"https:\/\/www.yoursardiniaexperience.it\/wp-content\/uploads\/2024\/03\/14-Su-Camminu-de-sa-leva-scaled-e1711638150850.jpg","datePublished":"2024-03-28T15:02:52+00:00","dateModified":"2024-03-28T15:02:52+00:00","breadcrumb":{"@id":"https:\/\/www.yoursardiniaexperience.it\/fr\/prodotto\/sur-le-pas-des-jeunes-soldats\/#breadcrumb"},"inLanguage":"fr-FR","potentialAction":[{"@type":"ReadAction","target":["https:\/\/www.yoursardiniaexperience.it\/fr\/prodotto\/sur-le-pas-des-jeunes-soldats\/"]}]},{"@type":"ImageObject","inLanguage":"fr-FR","@id":"https:\/\/www.yoursardiniaexperience.it\/fr\/prodotto\/sur-le-pas-des-jeunes-soldats\/#primaryimage","url":"https:\/\/www.yoursardiniaexperience.it\/wp-content\/uploads\/2024\/03\/14-Su-Camminu-de-sa-leva-scaled-e1711638150850.jpg","contentUrl":"https:\/\/www.yoursardiniaexperience.it\/wp-content\/uploads\/2024\/03\/14-Su-Camminu-de-sa-leva-scaled-e1711638150850.jpg","width":1920,"height":1920},{"@type":"BreadcrumbList","@id":"https:\/\/www.yoursardiniaexperience.it\/fr\/prodotto\/sur-le-pas-des-jeunes-soldats\/#breadcrumb","itemListElement":[{"@type":"ListItem","position":1,"name":"Home","item":"https:\/\/www.yoursardiniaexperience.it\/fr\/"},{"@type":"ListItem","position":2,"name":"Produits","item":"https:\/\/www.yoursardiniaexperience.it\/fr\/shop\/"},{"@type":"ListItem","position":3,"name":"Sur le pas des jeunes soldats"}]},{"@type":"WebSite","@id":"https:\/\/www.yoursardiniaexperience.it\/fr\/#website","url":"https:\/\/www.yoursardiniaexperience.it\/fr\/","name":"Your Sardinia Experience","description":"Scopri il cuore dell'isola pi&ugrave; selvaggia","publisher":{"@id":"https:\/\/www.yoursardiniaexperience.it\/fr\/#organization"},"potentialAction":[{"@type":"SearchAction","target":{"@type":"EntryPoint","urlTemplate":"https:\/\/www.yoursardiniaexperience.it\/fr\/?s={search_term_string}"},"query-input":{"@type":"PropertyValueSpecification","valueRequired":true,"valueName":"search_term_string"}}],"inLanguage":"fr-FR"},{"@type":"Organization","@id":"https:\/\/www.yoursardiniaexperience.it\/fr\/#organization","name":"Your Sardinia Experience","url":"https:\/\/www.yoursardiniaexperience.it\/fr\/","logo":{"@type":"ImageObject","inLanguage":"fr-FR","@id":"https:\/\/www.yoursardiniaexperience.it\/fr\/#\/schema\/logo\/image\/","url":"https:\/\/www.yoursardiniaexperience.it\/wp-content\/uploads\/2024\/04\/cropped-cropped-SITOYOUR-piccolo.png","contentUrl":"https:\/\/www.yoursardiniaexperience.it\/wp-content\/uploads\/2024\/04\/cropped-cropped-SITOYOUR-piccolo.png","width":512,"height":512,"caption":"Your Sardinia Experience"},"image":{"@id":"https:\/\/www.yoursardiniaexperience.it\/fr\/#\/schema\/logo\/image\/"}}]}},"jetpack_sharing_enabled":true,"_links":{"self":[{"href":"https:\/\/www.yoursardiniaexperience.it\/fr\/wp-json\/wp\/v2\/product\/2214","targetHints":{"allow":["GET"]}}],"collection":[{"href":"https:\/\/www.yoursardiniaexperience.it\/fr\/wp-json\/wp\/v2\/product"}],"about":[{"href":"https:\/\/www.yoursardiniaexperience.it\/fr\/wp-json\/wp\/v2\/types\/product"}],"replies":[{"embeddable":true,"href":"https:\/\/www.yoursardiniaexperience.it\/fr\/wp-json\/wp\/v2\/comments?post=2214"}],"wp:featuredmedia":[{"embeddable":true,"href":"https:\/\/www.yoursardiniaexperience.it\/fr\/wp-json\/wp\/v2\/media\/2217"}],"wp:attachment":[{"href":"https:\/\/www.yoursardiniaexperience.it\/fr\/wp-json\/wp\/v2\/media?parent=2214"}],"wp:term":[{"taxonomy":"product_cat","embeddable":true,"href":"https:\/\/www.yoursardiniaexperience.it\/fr\/wp-json\/wp\/v2\/product_cat?post=2214"},{"taxonomy":"product_tag","embeddable":true,"href":"https:\/\/www.yoursardiniaexperience.it\/fr\/wp-json\/wp\/v2\/product_tag?post=2214"}],"curies":[{"name":"wp","href":"https:\/\/api.w.org\/{rel}","templated":true}]}}