{"id":2218,"date":"2024-03-28T14:55:19","date_gmt":"2024-03-28T14:55:19","guid":{"rendered":"https:\/\/yoursardiniaexperience.montal.do\/prodotto\/randonnees-en-barbagia\/"},"modified":"2024-03-28T14:55:19","modified_gmt":"2024-03-28T14:55:19","slug":"randonnees-en-barbagia","status":"publish","type":"product","link":"https:\/\/www.yoursardiniaexperience.it\/fr\/prodotto\/randonnees-en-barbagia\/","title":{"rendered":"Randonn\u00e9es en Barbagia"},"content":{"rendered":"<p>Voyages par les monts du Gennargentu parmi les sommets, vall\u00e9es, cours d\u2019eaux et animaux sauvages<\/p>\n","protected":false},"excerpt":{"rendered":"<div class=\"page\" title=\"Page 2\">\n<div class=\"section\">\n<div class=\"layoutArea\">\n<div class=\"column\">\n<p>\ud83d\udccc Aritzo, Belv\u00ec, Tonara, Desulo, Atzara, Sorgono, Meana Sardo<br \/>\n\ud83d\udcc6 Disponible toute l\u2019ann\u00e9e<br \/>\n\ud83d\udc6a Min 2 personnes &#8211; Max 6 (disponible en option pour des groupes priv\u00e9s sur demande)<br \/>\n\ud83d\udd5c De 3 \u00e0 7 jours<br \/>\n\ud83e\uddc0 D\u00e9gustations de produits locaux<br \/>\n\ud83d\udcb0 <strong>\u00e0 partir de \u20ac 350,00 par personne<\/strong><br \/>\n\ud83d\ude90 Tour avec notre moyen de transport disponible<br \/>\n\ud83d\udeeb Gestion technique par Galus\u00e8 Tour Operator<\/p>\n<\/div>\n<\/div>\n<p>&nbsp;<\/p>\n<div class=\"layoutArea\">\n<div class=\"column\">\n<h2>Description<\/h2>\n<\/div>\n<\/div>\n<div class=\"layoutArea\">\n<div class=\"column\">\n<p>Un voyage de randonn\u00e9e en Barbagia aux pieds des monts du Gennargentu,<br \/>\npour explorer les bois, vall\u00e9es et cours d&rsquo;eau dans le c\u0153ur de Sardaigne.<br \/>\nEn partant depuis Aritzo, Belv\u00ec, Desulo ou bien Tonara, il y a plusieurs activit\u00e9s de rando li\u00e9es entre elles auxquelles on peut associer des activit\u00e9s exp\u00e9rientielles.<br \/>\nD\u2019une rando jusqu\u2019au sommet de l&rsquo;\u00eele, en passant par Perda Liana, Texile, Funtana Cugnada ou Monte Muggianeddu, aux exp\u00e9riences et ateliers de pr\u00e9paration de pain et p\u00e2tes traditionnels, d\u00e9gustation de vins du Mandrolisai ou encore r\u00e9alisation de cloches etc.<br \/>\nDe trois \u00e0 sept jours avec nous pour se faire \u00e9blouir par ce magnifique endroit de Sardaigne, tout en collaborations avec les \u00e9conomies locales et les habitants. Une occasion \u00e0 ne pas rater pour vivre la Sardaigne authentique.<\/p>\n<p>&nbsp;<\/p>\n<h2>\u00c0 quoi s\u2019attendre<\/h2>\n<p>Tour guid\u00e9e par des guides de montagne professionnelles<br \/>\nVoyage de randonn\u00e9e dans les montagnes de Sardaigne<br \/>\nD\u00e9gustation de produits locaux<br \/>\nNuits en tentes et sac de couchages (dans g\u00eete ou aire de camping)<br \/>\nAteliers et laboratoires<br \/>\nTransfert en minivan ou land rover 9 places<\/p>\n<p>&nbsp;<\/p>\n<h2>Qu\u2019est-ce qu\u2019il est inclus?<\/h2>\n<p>Service de guidage par des guides de montagne pendant tout le voyage<br \/>\nRandonn\u00e9es et visites guid\u00e9es<br \/>\nD\u00e9gustations et d\u00eeners<br \/>\nOutils pour le bivouac<br \/>\nTransfert avec le Minivan 9 places<br \/>\nAssurances<\/p>\n<\/div>\n<\/div>\n<\/div>\n<\/div>\n","protected":false},"featured_media":2221,"comment_status":"open","ping_status":"closed","template":"","meta":{"site-sidebar-layout":"default","site-content-layout":"","ast-site-content-layout":"default","site-content-style":"default","site-sidebar-style":"default","ast-global-header-display":"","ast-banner-title-visibility":"","ast-main-header-display":"","ast-hfb-above-header-display":"","ast-hfb-below-header-display":"","ast-hfb-mobile-header-display":"","site-post-title":"","ast-breadcrumbs-content":"","ast-featured-img":"","footer-sml-layout":"","theme-transparent-header-meta":"default","adv-header-id-meta":"","stick-header-meta":"","header-above-stick-meta":"","header-main-stick-meta":"","header-below-stick-meta":"","astra-migrate-meta-layouts":"default","ast-page-background-enabled":"default","ast-page-background-meta":{"desktop":{"background-color":"var(--ast-global-color-4)","background-image":"","background-repeat":"repeat","background-position":"center center","background-size":"auto","background-attachment":"scroll","background-type":"","background-media":"","overlay-type":"","overlay-color":"","overlay-opacity":"","overlay-gradient":""},"tablet":{"background-color":"","background-image":"","background-repeat":"repeat","background-position":"center center","background-size":"auto","background-attachment":"scroll","background-type":"","background-media":"","overlay-type":"","overlay-color":"","overlay-opacity":"","overlay-gradient":""},"mobile":{"background-color":"","background-image":"","background-repeat":"repeat","background-position":"center center","background-size":"auto","background-attachment":"scroll","background-type":"","background-media":"","overlay-type":"","overlay-color":"","overlay-opacity":"","overlay-gradient":""}},"ast-content-background-meta":{"desktop":{"background-color":"var(--ast-global-color-5)","background-image":"","background-repeat":"repeat","background-position":"center center","background-size":"auto","background-attachment":"scroll","background-type":"","background-media":"","overlay-type":"","overlay-color":"","overlay-opacity":"","overlay-gradient":""},"tablet":{"background-color":"var(--ast-global-color-5)","background-image":"","background-repeat":"repeat","background-position":"center center","background-size":"auto","background-attachment":"scroll","background-type":"","background-media":"","overlay-type":"","overlay-color":"","overlay-opacity":"","overlay-gradient":""},"mobile":{"background-color":"var(--ast-global-color-5)","background-image":"","background-repeat":"repeat","background-position":"center center","background-size":"auto","background-attachment":"scroll","background-type":"","background-media":"","overlay-type":"","overlay-color":"","overlay-opacity":"","overlay-gradient":""}}},"product_cat":[60],"product_tag":[],"class_list":{"0":"post-2218","1":"product","2":"type-product","3":"status-publish","4":"has-post-thumbnail","6":"product_cat-trekking-fr","7":"desktop-align-left","8":"tablet-align-left","9":"mobile-align-left","11":"first","12":"instock","13":"virtual","14":"purchasable","15":"product-type-simple"},"yoast_head":"<!-- This site is optimized with the Yoast SEO plugin v24.0 - https:\/\/yoast.com\/wordpress\/plugins\/seo\/ -->\n<title>Randonn\u00e9es en Barbagia - Your Sardinia Experience<\/title>\n<meta name=\"robots\" content=\"index, follow, max-snippet:-1, max-image-preview:large, max-video-preview:-1\" \/>\n<link rel=\"canonical\" href=\"https:\/\/www.yoursardiniaexperience.it\/fr\/prodotto\/randonnees-en-barbagia\/\" \/>\n<meta property=\"og:locale\" content=\"fr_FR\" \/>\n<meta property=\"og:type\" content=\"article\" \/>\n<meta property=\"og:title\" content=\"Randonn\u00e9es en Barbagia - Your Sardinia Experience\" \/>\n<meta property=\"og:description\" content=\"\ud83d\udccc Aritzo, Belv\u00ec, Tonara, Desulo, Atzara, Sorgono, Meana Sardo \ud83d\udcc6 Disponible toute l\u2019ann\u00e9e \ud83d\udc6a Min 2 personnes - Max 6 (disponible en option pour des groupes priv\u00e9s sur demande) \ud83d\udd5c De 3 \u00e0 7 jours \ud83e\uddc0 D\u00e9gustations de produits locaux \ud83d\udcb0 \u00e0 partir de \u20ac 350,00 par personne \ud83d\ude90 Tour avec notre moyen de transport disponible \ud83d\udeeb Gestion technique par Galus\u00e8 Tour Operator  &nbsp;  Description   Un voyage de randonn\u00e9e en Barbagia aux pieds des monts du Gennargentu, pour explorer les bois, vall\u00e9es et cours d&#039;eau dans le c\u0153ur de Sardaigne. En partant depuis Aritzo, Belv\u00ec, Desulo ou bien Tonara, il y a plusieurs activit\u00e9s de rando li\u00e9es entre elles auxquelles on peut associer des activit\u00e9s exp\u00e9rientielles. D\u2019une rando jusqu\u2019au sommet de l&#039;\u00eele, en passant par Perda Liana, Texile, Funtana Cugnada ou Monte Muggianeddu, aux exp\u00e9riences et ateliers de pr\u00e9paration de pain et p\u00e2tes traditionnels, d\u00e9gustation de vins du Mandrolisai ou encore r\u00e9alisation de cloches etc. De trois \u00e0 sept jours avec nous pour se faire \u00e9blouir par ce magnifique endroit de Sardaigne, tout en collaborations avec les \u00e9conomies locales et les habitants. Une occasion \u00e0 ne pas rater pour vivre la Sardaigne authentique.  &nbsp; \u00c0 quoi s\u2019attendre Tour guid\u00e9e par des guides de montagne professionnelles Voyage de randonn\u00e9e dans les montagnes de Sardaigne D\u00e9gustation de produits locaux Nuits en tentes et sac de couchages (dans g\u00eete ou aire de camping) Ateliers et laboratoires Transfert en minivan ou land rover 9 places &nbsp; Qu\u2019est-ce qu\u2019il est inclus? Service de guidage par des guides de montagne pendant tout le voyage Randonn\u00e9es et visites guid\u00e9es D\u00e9gustations et d\u00eeners Outils pour le bivouac Transfert avec le Minivan 9 places Assurances\" \/>\n<meta property=\"og:url\" content=\"https:\/\/www.yoursardiniaexperience.it\/fr\/prodotto\/randonnees-en-barbagia\/\" \/>\n<meta property=\"og:site_name\" content=\"Your Sardinia Experience\" \/>\n<meta property=\"og:image\" content=\"https:\/\/www.yoursardiniaexperience.it\/wp-content\/uploads\/2024\/03\/13-Trek-in-Barbagia-10-scaled-e1711637685117.jpg\" \/>\n\t<meta property=\"og:image:width\" content=\"1710\" \/>\n\t<meta property=\"og:image:height\" content=\"1710\" \/>\n\t<meta property=\"og:image:type\" content=\"image\/jpeg\" \/>\n<meta name=\"twitter:card\" content=\"summary_large_image\" \/>\n<script type=\"application\/ld+json\" class=\"yoast-schema-graph\">{\"@context\":\"https:\/\/schema.org\",\"@graph\":[{\"@type\":\"WebPage\",\"@id\":\"https:\/\/www.yoursardiniaexperience.it\/fr\/prodotto\/randonnees-en-barbagia\/\",\"url\":\"https:\/\/www.yoursardiniaexperience.it\/fr\/prodotto\/randonnees-en-barbagia\/\",\"name\":\"Randonn\u00e9es en Barbagia - Your Sardinia Experience\",\"isPartOf\":{\"@id\":\"https:\/\/www.yoursardiniaexperience.it\/fr\/#website\"},\"primaryImageOfPage\":{\"@id\":\"https:\/\/www.yoursardiniaexperience.it\/fr\/prodotto\/randonnees-en-barbagia\/#primaryimage\"},\"image\":{\"@id\":\"https:\/\/www.yoursardiniaexperience.it\/fr\/prodotto\/randonnees-en-barbagia\/#primaryimage\"},\"thumbnailUrl\":\"https:\/\/www.yoursardiniaexperience.it\/wp-content\/uploads\/2024\/03\/13-Trek-in-Barbagia-10-scaled-e1711637685117.jpg\",\"datePublished\":\"2024-03-28T14:55:19+00:00\",\"dateModified\":\"2024-03-28T14:55:19+00:00\",\"breadcrumb\":{\"@id\":\"https:\/\/www.yoursardiniaexperience.it\/fr\/prodotto\/randonnees-en-barbagia\/#breadcrumb\"},\"inLanguage\":\"fr-FR\",\"potentialAction\":[{\"@type\":\"ReadAction\",\"target\":[\"https:\/\/www.yoursardiniaexperience.it\/fr\/prodotto\/randonnees-en-barbagia\/\"]}]},{\"@type\":\"ImageObject\",\"inLanguage\":\"fr-FR\",\"@id\":\"https:\/\/www.yoursardiniaexperience.it\/fr\/prodotto\/randonnees-en-barbagia\/#primaryimage\",\"url\":\"https:\/\/www.yoursardiniaexperience.it\/wp-content\/uploads\/2024\/03\/13-Trek-in-Barbagia-10-scaled-e1711637685117.jpg\",\"contentUrl\":\"https:\/\/www.yoursardiniaexperience.it\/wp-content\/uploads\/2024\/03\/13-Trek-in-Barbagia-10-scaled-e1711637685117.jpg\",\"width\":1710,\"height\":1710},{\"@type\":\"BreadcrumbList\",\"@id\":\"https:\/\/www.yoursardiniaexperience.it\/fr\/prodotto\/randonnees-en-barbagia\/#breadcrumb\",\"itemListElement\":[{\"@type\":\"ListItem\",\"position\":1,\"name\":\"Home\",\"item\":\"https:\/\/www.yoursardiniaexperience.it\/fr\/\"},{\"@type\":\"ListItem\",\"position\":2,\"name\":\"Produits\",\"item\":\"https:\/\/www.yoursardiniaexperience.it\/fr\/shop\/\"},{\"@type\":\"ListItem\",\"position\":3,\"name\":\"Randonn\u00e9es en Barbagia\"}]},{\"@type\":\"WebSite\",\"@id\":\"https:\/\/www.yoursardiniaexperience.it\/fr\/#website\",\"url\":\"https:\/\/www.yoursardiniaexperience.it\/fr\/\",\"name\":\"Your Sardinia Experience\",\"description\":\"Scopri il cuore dell'isola pi&ugrave; selvaggia\",\"publisher\":{\"@id\":\"https:\/\/www.yoursardiniaexperience.it\/fr\/#organization\"},\"potentialAction\":[{\"@type\":\"SearchAction\",\"target\":{\"@type\":\"EntryPoint\",\"urlTemplate\":\"https:\/\/www.yoursardiniaexperience.it\/fr\/?s={search_term_string}\"},\"query-input\":{\"@type\":\"PropertyValueSpecification\",\"valueRequired\":true,\"valueName\":\"search_term_string\"}}],\"inLanguage\":\"fr-FR\"},{\"@type\":\"Organization\",\"@id\":\"https:\/\/www.yoursardiniaexperience.it\/fr\/#organization\",\"name\":\"Your Sardinia Experience\",\"url\":\"https:\/\/www.yoursardiniaexperience.it\/fr\/\",\"logo\":{\"@type\":\"ImageObject\",\"inLanguage\":\"fr-FR\",\"@id\":\"https:\/\/www.yoursardiniaexperience.it\/fr\/#\/schema\/logo\/image\/\",\"url\":\"https:\/\/www.yoursardiniaexperience.it\/wp-content\/uploads\/2024\/04\/cropped-cropped-SITOYOUR-piccolo.png\",\"contentUrl\":\"https:\/\/www.yoursardiniaexperience.it\/wp-content\/uploads\/2024\/04\/cropped-cropped-SITOYOUR-piccolo.png\",\"width\":512,\"height\":512,\"caption\":\"Your Sardinia Experience\"},\"image\":{\"@id\":\"https:\/\/www.yoursardiniaexperience.it\/fr\/#\/schema\/logo\/image\/\"}}]}<\/script>\n<!-- \/ Yoast SEO plugin. -->","yoast_head_json":{"title":"Randonn\u00e9es en Barbagia - Your Sardinia Experience","robots":{"index":"index","follow":"follow","max-snippet":"max-snippet:-1","max-image-preview":"max-image-preview:large","max-video-preview":"max-video-preview:-1"},"canonical":"https:\/\/www.yoursardiniaexperience.it\/fr\/prodotto\/randonnees-en-barbagia\/","og_locale":"fr_FR","og_type":"article","og_title":"Randonn\u00e9es en Barbagia - Your Sardinia Experience","og_description":"\ud83d\udccc Aritzo, Belv\u00ec, Tonara, Desulo, Atzara, Sorgono, Meana Sardo \ud83d\udcc6 Disponible toute l\u2019ann\u00e9e \ud83d\udc6a Min 2 personnes - Max 6 (disponible en option pour des groupes priv\u00e9s sur demande) \ud83d\udd5c De 3 \u00e0 7 jours \ud83e\uddc0 D\u00e9gustations de produits locaux \ud83d\udcb0 \u00e0 partir de \u20ac 350,00 par personne \ud83d\ude90 Tour avec notre moyen de transport disponible \ud83d\udeeb Gestion technique par Galus\u00e8 Tour Operator  &nbsp;  Description   Un voyage de randonn\u00e9e en Barbagia aux pieds des monts du Gennargentu, pour explorer les bois, vall\u00e9es et cours d'eau dans le c\u0153ur de Sardaigne. En partant depuis Aritzo, Belv\u00ec, Desulo ou bien Tonara, il y a plusieurs activit\u00e9s de rando li\u00e9es entre elles auxquelles on peut associer des activit\u00e9s exp\u00e9rientielles. D\u2019une rando jusqu\u2019au sommet de l'\u00eele, en passant par Perda Liana, Texile, Funtana Cugnada ou Monte Muggianeddu, aux exp\u00e9riences et ateliers de pr\u00e9paration de pain et p\u00e2tes traditionnels, d\u00e9gustation de vins du Mandrolisai ou encore r\u00e9alisation de cloches etc. De trois \u00e0 sept jours avec nous pour se faire \u00e9blouir par ce magnifique endroit de Sardaigne, tout en collaborations avec les \u00e9conomies locales et les habitants. Une occasion \u00e0 ne pas rater pour vivre la Sardaigne authentique.  &nbsp; \u00c0 quoi s\u2019attendre Tour guid\u00e9e par des guides de montagne professionnelles Voyage de randonn\u00e9e dans les montagnes de Sardaigne D\u00e9gustation de produits locaux Nuits en tentes et sac de couchages (dans g\u00eete ou aire de camping) Ateliers et laboratoires Transfert en minivan ou land rover 9 places &nbsp; Qu\u2019est-ce qu\u2019il est inclus? Service de guidage par des guides de montagne pendant tout le voyage Randonn\u00e9es et visites guid\u00e9es D\u00e9gustations et d\u00eeners Outils pour le bivouac Transfert avec le Minivan 9 places Assurances","og_url":"https:\/\/www.yoursardiniaexperience.it\/fr\/prodotto\/randonnees-en-barbagia\/","og_site_name":"Your Sardinia Experience","og_image":[{"width":1710,"height":1710,"url":"https:\/\/www.yoursardiniaexperience.it\/wp-content\/uploads\/2024\/03\/13-Trek-in-Barbagia-10-scaled-e1711637685117.jpg","type":"image\/jpeg"}],"twitter_card":"summary_large_image","schema":{"@context":"https:\/\/schema.org","@graph":[{"@type":"WebPage","@id":"https:\/\/www.yoursardiniaexperience.it\/fr\/prodotto\/randonnees-en-barbagia\/","url":"https:\/\/www.yoursardiniaexperience.it\/fr\/prodotto\/randonnees-en-barbagia\/","name":"Randonn\u00e9es en Barbagia - Your Sardinia Experience","isPartOf":{"@id":"https:\/\/www.yoursardiniaexperience.it\/fr\/#website"},"primaryImageOfPage":{"@id":"https:\/\/www.yoursardiniaexperience.it\/fr\/prodotto\/randonnees-en-barbagia\/#primaryimage"},"image":{"@id":"https:\/\/www.yoursardiniaexperience.it\/fr\/prodotto\/randonnees-en-barbagia\/#primaryimage"},"thumbnailUrl":"https:\/\/www.yoursardiniaexperience.it\/wp-content\/uploads\/2024\/03\/13-Trek-in-Barbagia-10-scaled-e1711637685117.jpg","datePublished":"2024-03-28T14:55:19+00:00","dateModified":"2024-03-28T14:55:19+00:00","breadcrumb":{"@id":"https:\/\/www.yoursardiniaexperience.it\/fr\/prodotto\/randonnees-en-barbagia\/#breadcrumb"},"inLanguage":"fr-FR","potentialAction":[{"@type":"ReadAction","target":["https:\/\/www.yoursardiniaexperience.it\/fr\/prodotto\/randonnees-en-barbagia\/"]}]},{"@type":"ImageObject","inLanguage":"fr-FR","@id":"https:\/\/www.yoursardiniaexperience.it\/fr\/prodotto\/randonnees-en-barbagia\/#primaryimage","url":"https:\/\/www.yoursardiniaexperience.it\/wp-content\/uploads\/2024\/03\/13-Trek-in-Barbagia-10-scaled-e1711637685117.jpg","contentUrl":"https:\/\/www.yoursardiniaexperience.it\/wp-content\/uploads\/2024\/03\/13-Trek-in-Barbagia-10-scaled-e1711637685117.jpg","width":1710,"height":1710},{"@type":"BreadcrumbList","@id":"https:\/\/www.yoursardiniaexperience.it\/fr\/prodotto\/randonnees-en-barbagia\/#breadcrumb","itemListElement":[{"@type":"ListItem","position":1,"name":"Home","item":"https:\/\/www.yoursardiniaexperience.it\/fr\/"},{"@type":"ListItem","position":2,"name":"Produits","item":"https:\/\/www.yoursardiniaexperience.it\/fr\/shop\/"},{"@type":"ListItem","position":3,"name":"Randonn\u00e9es en Barbagia"}]},{"@type":"WebSite","@id":"https:\/\/www.yoursardiniaexperience.it\/fr\/#website","url":"https:\/\/www.yoursardiniaexperience.it\/fr\/","name":"Your Sardinia Experience","description":"Scopri il cuore dell'isola pi&ugrave; selvaggia","publisher":{"@id":"https:\/\/www.yoursardiniaexperience.it\/fr\/#organization"},"potentialAction":[{"@type":"SearchAction","target":{"@type":"EntryPoint","urlTemplate":"https:\/\/www.yoursardiniaexperience.it\/fr\/?s={search_term_string}"},"query-input":{"@type":"PropertyValueSpecification","valueRequired":true,"valueName":"search_term_string"}}],"inLanguage":"fr-FR"},{"@type":"Organization","@id":"https:\/\/www.yoursardiniaexperience.it\/fr\/#organization","name":"Your Sardinia Experience","url":"https:\/\/www.yoursardiniaexperience.it\/fr\/","logo":{"@type":"ImageObject","inLanguage":"fr-FR","@id":"https:\/\/www.yoursardiniaexperience.it\/fr\/#\/schema\/logo\/image\/","url":"https:\/\/www.yoursardiniaexperience.it\/wp-content\/uploads\/2024\/04\/cropped-cropped-SITOYOUR-piccolo.png","contentUrl":"https:\/\/www.yoursardiniaexperience.it\/wp-content\/uploads\/2024\/04\/cropped-cropped-SITOYOUR-piccolo.png","width":512,"height":512,"caption":"Your Sardinia Experience"},"image":{"@id":"https:\/\/www.yoursardiniaexperience.it\/fr\/#\/schema\/logo\/image\/"}}]}},"jetpack_sharing_enabled":true,"_links":{"self":[{"href":"https:\/\/www.yoursardiniaexperience.it\/fr\/wp-json\/wp\/v2\/product\/2218","targetHints":{"allow":["GET"]}}],"collection":[{"href":"https:\/\/www.yoursardiniaexperience.it\/fr\/wp-json\/wp\/v2\/product"}],"about":[{"href":"https:\/\/www.yoursardiniaexperience.it\/fr\/wp-json\/wp\/v2\/types\/product"}],"replies":[{"embeddable":true,"href":"https:\/\/www.yoursardiniaexperience.it\/fr\/wp-json\/wp\/v2\/comments?post=2218"}],"wp:featuredmedia":[{"embeddable":true,"href":"https:\/\/www.yoursardiniaexperience.it\/fr\/wp-json\/wp\/v2\/media\/2221"}],"wp:attachment":[{"href":"https:\/\/www.yoursardiniaexperience.it\/fr\/wp-json\/wp\/v2\/media?parent=2218"}],"wp:term":[{"taxonomy":"product_cat","embeddable":true,"href":"https:\/\/www.yoursardiniaexperience.it\/fr\/wp-json\/wp\/v2\/product_cat?post=2218"},{"taxonomy":"product_tag","embeddable":true,"href":"https:\/\/www.yoursardiniaexperience.it\/fr\/wp-json\/wp\/v2\/product_tag?post=2218"}],"curies":[{"name":"wp","href":"https:\/\/api.w.org\/{rel}","templated":true}]}}