{"id":2226,"date":"2024-03-28T14:50:44","date_gmt":"2024-03-28T14:50:44","guid":{"rendered":"https:\/\/yoursardiniaexperience.montal.do\/prodotto\/randonnee-parmi-les-supramontes\/"},"modified":"2024-03-28T14:50:44","modified_gmt":"2024-03-28T14:50:44","slug":"randonnee-parmi-les-supramontes","status":"publish","type":"product","link":"https:\/\/www.yoursardiniaexperience.it\/fr\/prodotto\/randonnee-parmi-les-supramontes\/","title":{"rendered":"Randonn\u00e9e parmi les Supramontes"},"content":{"rendered":"<p>Tour en randonn\u00e9e des Supramonte de Orgosolo, Oliena et Urzulei<\/p>\n","protected":false},"excerpt":{"rendered":"<div class=\"page\" title=\"Page 2\">\n<div class=\"section\">\n<div class=\"layoutArea\">\n<div class=\"column\">\n<p>\ud83d\udccc Orgosolo, Oliena, Urzulei<br \/>\n\ud83d\udcc6 Disponible toute l\u2019ann\u00e9e<br \/>\n\ud83d\udc6a Min 2 personnes &#8211; Max 6 (disponible en option pour des groupes priv\u00e9s sur demande)<br \/>\n\ud83d\udd5c De 3 \u00e0 7 jours<br \/>\n\ud83e\uddc0 Inclus les outils pour le bivouac, la nourriture et tous les entr\u00e9es mentionn\u00e9es<br \/>\n\ud83d\udcb0 <strong>\u00e0 partir de \u20ac 350,00 par personne<\/strong><br \/>\n\ud83d\ude90 Tour avec transport disponible en Minivan ou Land Rover 9 places<br \/>\n\ud83d\udeeb Gestion technique par Galus\u00e8 Tour Operator<\/p>\n<\/div>\n<\/div>\n<p>&nbsp;<\/p>\n<div class=\"layoutArea\">\n<div class=\"column\">\n<h2>Description<\/h2>\n<\/div>\n<\/div>\n<div class=\"layoutArea\">\n<div class=\"column\">\n<p>Un tour en randonn\u00e9e dans la d\u00e9dale des Supramontes, les territoires inaccessibles de Orgosolo, Urzulei et Oliena, pour explorer les bois, les vall\u00e9es et les sources d\u2019eau dans le coeur de Sardaigne entre les sites arch\u00e9ologiques cach\u00e9es, les anciennes bergeries et les sentiers faits par les charbonniers.<br \/>\nEn commen\u00e7ant depuis diff\u00e9rents villages on pourra parcourir plusieurs sentiers qui se d\u00e9veloppent dans les montagnes de calcaire. Starting from the different villages there are several hikes that unfold in the limestone mountains.<br \/>\nEn marchant on atteindra le site archeologique de Tiscali ou la gorge naturelle de Gorropu, on passera par les monts de Santu Giuvanne, la vall\u00e9e du Lanaitto, la source r\u00e9ssourgive de Su Gologone, la foret primaire de Sas Vaddes, le Monte Corrasi, Sa Giuntura, Pischina Urthaddala et beaucoup plus..<br \/>\nAvec un minimum de trois jours \u00e0 sept jours, on pourra d\u00e9couvrir ensemble cette partie vierge et panoramique de la Sardaigne.<\/p>\n<p>&nbsp;<\/p>\n<h2>\u00c0 quoi s\u2019attendre<\/h2>\n<p>Tour guid\u00e9e par des guides de montagne professionnelles<br \/>\nVoyage de randonn\u00e9e dans les montagnes de Sardaigne<br \/>\nD\u00e9gustation de produits locaux<br \/>\nNuits en tentes et sac de couchages (dans g\u00eete ou aire de camping)<br \/>\nAteliers et laboratoires<br \/>\nTransfert en minivan ou land rover 9 places<\/p>\n<p>&nbsp;<\/p>\n<h2>Qu\u2019est-ce qu\u2019il est inclus?<\/h2>\n<p>Service de guidage par des guides de montagne pendant tout le voyage<br \/>\nRandonn\u00e9es et visites guid\u00e9es<br \/>\nD\u00e9gustations et d\u00eeners<br \/>\nOutils pour le bivouac<br \/>\nTransfert avec le Minivan 9 places<br \/>\nAssurances<\/p>\n<\/div>\n<\/div>\n<\/div>\n<\/div>\n","protected":false},"featured_media":2227,"comment_status":"open","ping_status":"closed","template":"","meta":{"site-sidebar-layout":"default","site-content-layout":"","ast-site-content-layout":"default","site-content-style":"default","site-sidebar-style":"default","ast-global-header-display":"","ast-banner-title-visibility":"","ast-main-header-display":"","ast-hfb-above-header-display":"","ast-hfb-below-header-display":"","ast-hfb-mobile-header-display":"","site-post-title":"","ast-breadcrumbs-content":"","ast-featured-img":"","footer-sml-layout":"","theme-transparent-header-meta":"default","adv-header-id-meta":"","stick-header-meta":"","header-above-stick-meta":"","header-main-stick-meta":"","header-below-stick-meta":"","astra-migrate-meta-layouts":"default","ast-page-background-enabled":"default","ast-page-background-meta":{"desktop":{"background-color":"var(--ast-global-color-4)","background-image":"","background-repeat":"repeat","background-position":"center center","background-size":"auto","background-attachment":"scroll","background-type":"","background-media":"","overlay-type":"","overlay-color":"","overlay-opacity":"","overlay-gradient":""},"tablet":{"background-color":"","background-image":"","background-repeat":"repeat","background-position":"center center","background-size":"auto","background-attachment":"scroll","background-type":"","background-media":"","overlay-type":"","overlay-color":"","overlay-opacity":"","overlay-gradient":""},"mobile":{"background-color":"","background-image":"","background-repeat":"repeat","background-position":"center center","background-size":"auto","background-attachment":"scroll","background-type":"","background-media":"","overlay-type":"","overlay-color":"","overlay-opacity":"","overlay-gradient":""}},"ast-content-background-meta":{"desktop":{"background-color":"var(--ast-global-color-5)","background-image":"","background-repeat":"repeat","background-position":"center center","background-size":"auto","background-attachment":"scroll","background-type":"","background-media":"","overlay-type":"","overlay-color":"","overlay-opacity":"","overlay-gradient":""},"tablet":{"background-color":"var(--ast-global-color-5)","background-image":"","background-repeat":"repeat","background-position":"center center","background-size":"auto","background-attachment":"scroll","background-type":"","background-media":"","overlay-type":"","overlay-color":"","overlay-opacity":"","overlay-gradient":""},"mobile":{"background-color":"var(--ast-global-color-5)","background-image":"","background-repeat":"repeat","background-position":"center center","background-size":"auto","background-attachment":"scroll","background-type":"","background-media":"","overlay-type":"","overlay-color":"","overlay-opacity":"","overlay-gradient":""}}},"product_cat":[60],"product_tag":[],"class_list":{"0":"post-2226","1":"product","2":"type-product","3":"status-publish","4":"has-post-thumbnail","6":"product_cat-trekking-fr","7":"desktop-align-left","8":"tablet-align-left","9":"mobile-align-left","11":"first","12":"instock","13":"virtual","14":"purchasable","15":"product-type-simple"},"yoast_head":"<!-- This site is optimized with the Yoast SEO plugin v24.0 - https:\/\/yoast.com\/wordpress\/plugins\/seo\/ -->\n<title>Randonn\u00e9e parmi les Supramontes - Your Sardinia Experience<\/title>\n<meta name=\"robots\" content=\"index, follow, max-snippet:-1, max-image-preview:large, max-video-preview:-1\" \/>\n<link rel=\"canonical\" href=\"https:\/\/www.yoursardiniaexperience.it\/fr\/prodotto\/randonnee-parmi-les-supramontes\/\" \/>\n<meta property=\"og:locale\" content=\"fr_FR\" \/>\n<meta property=\"og:type\" content=\"article\" \/>\n<meta property=\"og:title\" content=\"Randonn\u00e9e parmi les Supramontes - Your Sardinia Experience\" \/>\n<meta property=\"og:description\" content=\"\ud83d\udccc Orgosolo, Oliena, Urzulei \ud83d\udcc6 Disponible toute l\u2019ann\u00e9e \ud83d\udc6a Min 2 personnes - Max 6 (disponible en option pour des groupes priv\u00e9s sur demande) \ud83d\udd5c De 3 \u00e0 7 jours \ud83e\uddc0 Inclus les outils pour le bivouac, la nourriture et tous les entr\u00e9es mentionn\u00e9es \ud83d\udcb0 \u00e0 partir de \u20ac 350,00 par personne \ud83d\ude90 Tour avec transport disponible en Minivan ou Land Rover 9 places \ud83d\udeeb Gestion technique par Galus\u00e8 Tour Operator  &nbsp;  Description   Un tour en randonn\u00e9e dans la d\u00e9dale des Supramontes, les territoires inaccessibles de Orgosolo, Urzulei et Oliena, pour explorer les bois, les vall\u00e9es et les sources d\u2019eau dans le coeur de Sardaigne entre les sites arch\u00e9ologiques cach\u00e9es, les anciennes bergeries et les sentiers faits par les charbonniers. En commen\u00e7ant depuis diff\u00e9rents villages on pourra parcourir plusieurs sentiers qui se d\u00e9veloppent dans les montagnes de calcaire. Starting from the different villages there are several hikes that unfold in the limestone mountains. En marchant on atteindra le site archeologique de Tiscali ou la gorge naturelle de Gorropu, on passera par les monts de Santu Giuvanne, la vall\u00e9e du Lanaitto, la source r\u00e9ssourgive de Su Gologone, la foret primaire de Sas Vaddes, le Monte Corrasi, Sa Giuntura, Pischina Urthaddala et beaucoup plus.. Avec un minimum de trois jours \u00e0 sept jours, on pourra d\u00e9couvrir ensemble cette partie vierge et panoramique de la Sardaigne.  &nbsp; \u00c0 quoi s\u2019attendre Tour guid\u00e9e par des guides de montagne professionnelles Voyage de randonn\u00e9e dans les montagnes de Sardaigne D\u00e9gustation de produits locaux Nuits en tentes et sac de couchages (dans g\u00eete ou aire de camping) Ateliers et laboratoires Transfert en minivan ou land rover 9 places &nbsp; Qu\u2019est-ce qu\u2019il est inclus? Service de guidage par des guides de montagne pendant tout le voyage Randonn\u00e9es et visites guid\u00e9es D\u00e9gustations et d\u00eeners Outils pour le bivouac Transfert avec le Minivan 9 places Assurances\" \/>\n<meta property=\"og:url\" content=\"https:\/\/www.yoursardiniaexperience.it\/fr\/prodotto\/randonnee-parmi-les-supramontes\/\" \/>\n<meta property=\"og:site_name\" content=\"Your Sardinia Experience\" \/>\n<meta property=\"og:image\" content=\"https:\/\/www.yoursardiniaexperience.it\/wp-content\/uploads\/2024\/03\/12-Supramontes-traversata-trekking-scaled-e1711637413551.jpg\" \/>\n\t<meta property=\"og:image:width\" content=\"1442\" \/>\n\t<meta property=\"og:image:height\" content=\"1442\" \/>\n\t<meta property=\"og:image:type\" content=\"image\/jpeg\" \/>\n<meta name=\"twitter:card\" content=\"summary_large_image\" \/>\n<script type=\"application\/ld+json\" class=\"yoast-schema-graph\">{\"@context\":\"https:\/\/schema.org\",\"@graph\":[{\"@type\":\"WebPage\",\"@id\":\"https:\/\/www.yoursardiniaexperience.it\/fr\/prodotto\/randonnee-parmi-les-supramontes\/\",\"url\":\"https:\/\/www.yoursardiniaexperience.it\/fr\/prodotto\/randonnee-parmi-les-supramontes\/\",\"name\":\"Randonn\u00e9e parmi les Supramontes - Your Sardinia Experience\",\"isPartOf\":{\"@id\":\"https:\/\/www.yoursardiniaexperience.it\/fr\/#website\"},\"primaryImageOfPage\":{\"@id\":\"https:\/\/www.yoursardiniaexperience.it\/fr\/prodotto\/randonnee-parmi-les-supramontes\/#primaryimage\"},\"image\":{\"@id\":\"https:\/\/www.yoursardiniaexperience.it\/fr\/prodotto\/randonnee-parmi-les-supramontes\/#primaryimage\"},\"thumbnailUrl\":\"https:\/\/www.yoursardiniaexperience.it\/wp-content\/uploads\/2024\/03\/12-Supramontes-traversata-trekking-scaled-e1711637413551.jpg\",\"datePublished\":\"2024-03-28T14:50:44+00:00\",\"dateModified\":\"2024-03-28T14:50:44+00:00\",\"breadcrumb\":{\"@id\":\"https:\/\/www.yoursardiniaexperience.it\/fr\/prodotto\/randonnee-parmi-les-supramontes\/#breadcrumb\"},\"inLanguage\":\"fr-FR\",\"potentialAction\":[{\"@type\":\"ReadAction\",\"target\":[\"https:\/\/www.yoursardiniaexperience.it\/fr\/prodotto\/randonnee-parmi-les-supramontes\/\"]}]},{\"@type\":\"ImageObject\",\"inLanguage\":\"fr-FR\",\"@id\":\"https:\/\/www.yoursardiniaexperience.it\/fr\/prodotto\/randonnee-parmi-les-supramontes\/#primaryimage\",\"url\":\"https:\/\/www.yoursardiniaexperience.it\/wp-content\/uploads\/2024\/03\/12-Supramontes-traversata-trekking-scaled-e1711637413551.jpg\",\"contentUrl\":\"https:\/\/www.yoursardiniaexperience.it\/wp-content\/uploads\/2024\/03\/12-Supramontes-traversata-trekking-scaled-e1711637413551.jpg\",\"width\":1442,\"height\":1442},{\"@type\":\"BreadcrumbList\",\"@id\":\"https:\/\/www.yoursardiniaexperience.it\/fr\/prodotto\/randonnee-parmi-les-supramontes\/#breadcrumb\",\"itemListElement\":[{\"@type\":\"ListItem\",\"position\":1,\"name\":\"Home\",\"item\":\"https:\/\/www.yoursardiniaexperience.it\/fr\/\"},{\"@type\":\"ListItem\",\"position\":2,\"name\":\"Produits\",\"item\":\"https:\/\/www.yoursardiniaexperience.it\/fr\/shop\/\"},{\"@type\":\"ListItem\",\"position\":3,\"name\":\"Randonn\u00e9e parmi les Supramontes\"}]},{\"@type\":\"WebSite\",\"@id\":\"https:\/\/www.yoursardiniaexperience.it\/fr\/#website\",\"url\":\"https:\/\/www.yoursardiniaexperience.it\/fr\/\",\"name\":\"Your Sardinia Experience\",\"description\":\"Scopri il cuore dell'isola pi&ugrave; selvaggia\",\"publisher\":{\"@id\":\"https:\/\/www.yoursardiniaexperience.it\/fr\/#organization\"},\"potentialAction\":[{\"@type\":\"SearchAction\",\"target\":{\"@type\":\"EntryPoint\",\"urlTemplate\":\"https:\/\/www.yoursardiniaexperience.it\/fr\/?s={search_term_string}\"},\"query-input\":{\"@type\":\"PropertyValueSpecification\",\"valueRequired\":true,\"valueName\":\"search_term_string\"}}],\"inLanguage\":\"fr-FR\"},{\"@type\":\"Organization\",\"@id\":\"https:\/\/www.yoursardiniaexperience.it\/fr\/#organization\",\"name\":\"Your Sardinia Experience\",\"url\":\"https:\/\/www.yoursardiniaexperience.it\/fr\/\",\"logo\":{\"@type\":\"ImageObject\",\"inLanguage\":\"fr-FR\",\"@id\":\"https:\/\/www.yoursardiniaexperience.it\/fr\/#\/schema\/logo\/image\/\",\"url\":\"https:\/\/www.yoursardiniaexperience.it\/wp-content\/uploads\/2024\/04\/cropped-cropped-SITOYOUR-piccolo.png\",\"contentUrl\":\"https:\/\/www.yoursardiniaexperience.it\/wp-content\/uploads\/2024\/04\/cropped-cropped-SITOYOUR-piccolo.png\",\"width\":512,\"height\":512,\"caption\":\"Your Sardinia Experience\"},\"image\":{\"@id\":\"https:\/\/www.yoursardiniaexperience.it\/fr\/#\/schema\/logo\/image\/\"}}]}<\/script>\n<!-- \/ Yoast SEO plugin. -->","yoast_head_json":{"title":"Randonn\u00e9e parmi les Supramontes - Your Sardinia Experience","robots":{"index":"index","follow":"follow","max-snippet":"max-snippet:-1","max-image-preview":"max-image-preview:large","max-video-preview":"max-video-preview:-1"},"canonical":"https:\/\/www.yoursardiniaexperience.it\/fr\/prodotto\/randonnee-parmi-les-supramontes\/","og_locale":"fr_FR","og_type":"article","og_title":"Randonn\u00e9e parmi les Supramontes - Your Sardinia Experience","og_description":"\ud83d\udccc Orgosolo, Oliena, Urzulei \ud83d\udcc6 Disponible toute l\u2019ann\u00e9e \ud83d\udc6a Min 2 personnes - Max 6 (disponible en option pour des groupes priv\u00e9s sur demande) \ud83d\udd5c De 3 \u00e0 7 jours \ud83e\uddc0 Inclus les outils pour le bivouac, la nourriture et tous les entr\u00e9es mentionn\u00e9es \ud83d\udcb0 \u00e0 partir de \u20ac 350,00 par personne \ud83d\ude90 Tour avec transport disponible en Minivan ou Land Rover 9 places \ud83d\udeeb Gestion technique par Galus\u00e8 Tour Operator  &nbsp;  Description   Un tour en randonn\u00e9e dans la d\u00e9dale des Supramontes, les territoires inaccessibles de Orgosolo, Urzulei et Oliena, pour explorer les bois, les vall\u00e9es et les sources d\u2019eau dans le coeur de Sardaigne entre les sites arch\u00e9ologiques cach\u00e9es, les anciennes bergeries et les sentiers faits par les charbonniers. En commen\u00e7ant depuis diff\u00e9rents villages on pourra parcourir plusieurs sentiers qui se d\u00e9veloppent dans les montagnes de calcaire. Starting from the different villages there are several hikes that unfold in the limestone mountains. En marchant on atteindra le site archeologique de Tiscali ou la gorge naturelle de Gorropu, on passera par les monts de Santu Giuvanne, la vall\u00e9e du Lanaitto, la source r\u00e9ssourgive de Su Gologone, la foret primaire de Sas Vaddes, le Monte Corrasi, Sa Giuntura, Pischina Urthaddala et beaucoup plus.. Avec un minimum de trois jours \u00e0 sept jours, on pourra d\u00e9couvrir ensemble cette partie vierge et panoramique de la Sardaigne.  &nbsp; \u00c0 quoi s\u2019attendre Tour guid\u00e9e par des guides de montagne professionnelles Voyage de randonn\u00e9e dans les montagnes de Sardaigne D\u00e9gustation de produits locaux Nuits en tentes et sac de couchages (dans g\u00eete ou aire de camping) Ateliers et laboratoires Transfert en minivan ou land rover 9 places &nbsp; Qu\u2019est-ce qu\u2019il est inclus? Service de guidage par des guides de montagne pendant tout le voyage Randonn\u00e9es et visites guid\u00e9es D\u00e9gustations et d\u00eeners Outils pour le bivouac Transfert avec le Minivan 9 places Assurances","og_url":"https:\/\/www.yoursardiniaexperience.it\/fr\/prodotto\/randonnee-parmi-les-supramontes\/","og_site_name":"Your Sardinia Experience","og_image":[{"width":1442,"height":1442,"url":"https:\/\/www.yoursardiniaexperience.it\/wp-content\/uploads\/2024\/03\/12-Supramontes-traversata-trekking-scaled-e1711637413551.jpg","type":"image\/jpeg"}],"twitter_card":"summary_large_image","schema":{"@context":"https:\/\/schema.org","@graph":[{"@type":"WebPage","@id":"https:\/\/www.yoursardiniaexperience.it\/fr\/prodotto\/randonnee-parmi-les-supramontes\/","url":"https:\/\/www.yoursardiniaexperience.it\/fr\/prodotto\/randonnee-parmi-les-supramontes\/","name":"Randonn\u00e9e parmi les Supramontes - Your Sardinia Experience","isPartOf":{"@id":"https:\/\/www.yoursardiniaexperience.it\/fr\/#website"},"primaryImageOfPage":{"@id":"https:\/\/www.yoursardiniaexperience.it\/fr\/prodotto\/randonnee-parmi-les-supramontes\/#primaryimage"},"image":{"@id":"https:\/\/www.yoursardiniaexperience.it\/fr\/prodotto\/randonnee-parmi-les-supramontes\/#primaryimage"},"thumbnailUrl":"https:\/\/www.yoursardiniaexperience.it\/wp-content\/uploads\/2024\/03\/12-Supramontes-traversata-trekking-scaled-e1711637413551.jpg","datePublished":"2024-03-28T14:50:44+00:00","dateModified":"2024-03-28T14:50:44+00:00","breadcrumb":{"@id":"https:\/\/www.yoursardiniaexperience.it\/fr\/prodotto\/randonnee-parmi-les-supramontes\/#breadcrumb"},"inLanguage":"fr-FR","potentialAction":[{"@type":"ReadAction","target":["https:\/\/www.yoursardiniaexperience.it\/fr\/prodotto\/randonnee-parmi-les-supramontes\/"]}]},{"@type":"ImageObject","inLanguage":"fr-FR","@id":"https:\/\/www.yoursardiniaexperience.it\/fr\/prodotto\/randonnee-parmi-les-supramontes\/#primaryimage","url":"https:\/\/www.yoursardiniaexperience.it\/wp-content\/uploads\/2024\/03\/12-Supramontes-traversata-trekking-scaled-e1711637413551.jpg","contentUrl":"https:\/\/www.yoursardiniaexperience.it\/wp-content\/uploads\/2024\/03\/12-Supramontes-traversata-trekking-scaled-e1711637413551.jpg","width":1442,"height":1442},{"@type":"BreadcrumbList","@id":"https:\/\/www.yoursardiniaexperience.it\/fr\/prodotto\/randonnee-parmi-les-supramontes\/#breadcrumb","itemListElement":[{"@type":"ListItem","position":1,"name":"Home","item":"https:\/\/www.yoursardiniaexperience.it\/fr\/"},{"@type":"ListItem","position":2,"name":"Produits","item":"https:\/\/www.yoursardiniaexperience.it\/fr\/shop\/"},{"@type":"ListItem","position":3,"name":"Randonn\u00e9e parmi les Supramontes"}]},{"@type":"WebSite","@id":"https:\/\/www.yoursardiniaexperience.it\/fr\/#website","url":"https:\/\/www.yoursardiniaexperience.it\/fr\/","name":"Your Sardinia Experience","description":"Scopri il cuore dell'isola pi&ugrave; selvaggia","publisher":{"@id":"https:\/\/www.yoursardiniaexperience.it\/fr\/#organization"},"potentialAction":[{"@type":"SearchAction","target":{"@type":"EntryPoint","urlTemplate":"https:\/\/www.yoursardiniaexperience.it\/fr\/?s={search_term_string}"},"query-input":{"@type":"PropertyValueSpecification","valueRequired":true,"valueName":"search_term_string"}}],"inLanguage":"fr-FR"},{"@type":"Organization","@id":"https:\/\/www.yoursardiniaexperience.it\/fr\/#organization","name":"Your Sardinia Experience","url":"https:\/\/www.yoursardiniaexperience.it\/fr\/","logo":{"@type":"ImageObject","inLanguage":"fr-FR","@id":"https:\/\/www.yoursardiniaexperience.it\/fr\/#\/schema\/logo\/image\/","url":"https:\/\/www.yoursardiniaexperience.it\/wp-content\/uploads\/2024\/04\/cropped-cropped-SITOYOUR-piccolo.png","contentUrl":"https:\/\/www.yoursardiniaexperience.it\/wp-content\/uploads\/2024\/04\/cropped-cropped-SITOYOUR-piccolo.png","width":512,"height":512,"caption":"Your Sardinia Experience"},"image":{"@id":"https:\/\/www.yoursardiniaexperience.it\/fr\/#\/schema\/logo\/image\/"}}]}},"jetpack_sharing_enabled":true,"_links":{"self":[{"href":"https:\/\/www.yoursardiniaexperience.it\/fr\/wp-json\/wp\/v2\/product\/2226","targetHints":{"allow":["GET"]}}],"collection":[{"href":"https:\/\/www.yoursardiniaexperience.it\/fr\/wp-json\/wp\/v2\/product"}],"about":[{"href":"https:\/\/www.yoursardiniaexperience.it\/fr\/wp-json\/wp\/v2\/types\/product"}],"replies":[{"embeddable":true,"href":"https:\/\/www.yoursardiniaexperience.it\/fr\/wp-json\/wp\/v2\/comments?post=2226"}],"wp:featuredmedia":[{"embeddable":true,"href":"https:\/\/www.yoursardiniaexperience.it\/fr\/wp-json\/wp\/v2\/media\/2227"}],"wp:attachment":[{"href":"https:\/\/www.yoursardiniaexperience.it\/fr\/wp-json\/wp\/v2\/media?parent=2226"}],"wp:term":[{"taxonomy":"product_cat","embeddable":true,"href":"https:\/\/www.yoursardiniaexperience.it\/fr\/wp-json\/wp\/v2\/product_cat?post=2226"},{"taxonomy":"product_tag","embeddable":true,"href":"https:\/\/www.yoursardiniaexperience.it\/fr\/wp-json\/wp\/v2\/product_tag?post=2226"}],"curies":[{"name":"wp","href":"https:\/\/api.w.org\/{rel}","templated":true}]}}