{"id":2233,"date":"2024-03-28T14:46:21","date_gmt":"2024-03-28T14:46:21","guid":{"rendered":"https:\/\/yoursardiniaexperience.montal.do\/prodotto\/sur-les-pas-du-sauvage-bleu\/"},"modified":"2024-04-30T17:00:39","modified_gmt":"2024-04-30T17:00:39","slug":"sur-les-pas-du-sauvage-bleu","status":"publish","type":"product","link":"https:\/\/www.yoursardiniaexperience.it\/fr\/prodotto\/sur-les-pas-du-sauvage-bleu\/","title":{"rendered":"Sur les pas du sauvage bleu"},"content":{"rendered":"<p>Dans le coeur du Supramonte de Baunei en randonn\u00e9e<\/p>\n","protected":false},"excerpt":{"rendered":"<div class=\"page\" title=\"Page 2\">\n<div class=\"section\">\n<div class=\"layoutArea\">\n<div class=\"column\">\n<p>\ud83d\udccc Supramonte de Baunei, Ogliastra<br \/>\n\ud83d\udcc6 Avril &#8211; Mai &#8211; Octobre pendant 4 nuits et 5 randonn\u00e9es<br \/>\n\ud83d\udc6a Min 4 &#8211; Max 8 personnes<br \/>\n\ud83e\uddc0 D\u00e9gustations de produits locaux<br \/>\n\ud83c\udfd5 Outils pour le bivouac (tentes, sac de couchages..)<br \/>\n\ud83d\udcb0 <strong>\u00e0 partir de \u20ac 650.00 par personne<\/strong><\/p>\n<\/div>\n<\/div>\n<p>&nbsp;<\/p>\n<div class=\"layoutArea\">\n<div class=\"column\">\n<h2>Description<\/h2>\n<\/div>\n<\/div>\n<div class=\"layoutArea\">\n<div class=\"column\">\n<p>Cette version est une version plus l\u00e9g\u00e8re de la grande randonn\u00e9e alpine, donc toutes les sorties seront faites sans l\u2019aide des cordes ou des outils techniques des alpins. La grande marche commence dans la zone de Pedra Longa et termine 5 jours apr\u00e8s dans la crique Sisine ou 6 jours apr\u00e8s dans la crique Luna. Le sauvage bleu est une des plus pittoresques et spectaculaires parmi les grandes randonn\u00e9es de toute l\u2019Europe.<br \/>\nOn a d\u00e9cid\u00e9 de vivre cette randonn\u00e9e de fa\u00e7on immersive, en logeant chez les habitants: un c\u2019est une bergerie et l\u2019autre une aire de camping. Les deux offrent des douches simples et am\u00e8nent l\u2019eau du village, donc on respectera la nature et on se contentera des simples services qu\u2019ils nous offrent.<br \/>\nFalaises, plages de galets blancs et eaux cristallines nous accompagneront pendant tout le voyage pour vivre des journ\u00e9es inoubliables le long de la c\u00f4te est de la Sardaigne.<\/p>\n<p>&nbsp;<\/p>\n<h2>\u00c0 quoi s\u2019attendre<\/h2>\n<p>Tour guid\u00e9e par des guides de montagne professionnelles<br \/>\nVoyage de randonn\u00e9e dans le Supramonte de Baunei<br \/>\nD\u00e9gustation de produits locaux<br \/>\nNuits en tentes et sac de couchages (dans g\u00eete ou aire de camping)<br \/>\nArr\u00eats baignade dans les plus belles plages \u00e0 l\u2019eau transparente<\/p>\n<p>&nbsp;<\/p>\n<h2>Qu\u2019est-ce qu\u2019il est inclus?<\/h2>\n<p>Service de guidage par des guides de montagne pendant tout le voyage<br \/>\nRandonn\u00e9es guid\u00e9es<br \/>\nPetit-d\u00e9jeuners, repas et d\u00eeners en g\u00eete ou aire de camping<br \/>\nOutils pour le bivouac<br \/>\nTransferts avec Land Rovers 9 places<br \/>\nAssurances<\/p>\n<\/div>\n<\/div>\n<\/div>\n<\/div>\n","protected":false},"featured_media":2238,"comment_status":"open","ping_status":"closed","template":"","meta":{"site-sidebar-layout":"default","site-content-layout":"","ast-site-content-layout":"default","site-content-style":"default","site-sidebar-style":"default","ast-global-header-display":"","ast-banner-title-visibility":"","ast-main-header-display":"","ast-hfb-above-header-display":"","ast-hfb-below-header-display":"","ast-hfb-mobile-header-display":"","site-post-title":"","ast-breadcrumbs-content":"","ast-featured-img":"","footer-sml-layout":"","theme-transparent-header-meta":"default","adv-header-id-meta":"","stick-header-meta":"","header-above-stick-meta":"","header-main-stick-meta":"","header-below-stick-meta":"","astra-migrate-meta-layouts":"default","ast-page-background-enabled":"default","ast-page-background-meta":{"desktop":{"background-color":"var(--ast-global-color-4)","background-image":"","background-repeat":"repeat","background-position":"center center","background-size":"auto","background-attachment":"scroll","background-type":"","background-media":"","overlay-type":"","overlay-color":"","overlay-opacity":"","overlay-gradient":""},"tablet":{"background-color":"","background-image":"","background-repeat":"repeat","background-position":"center center","background-size":"auto","background-attachment":"scroll","background-type":"","background-media":"","overlay-type":"","overlay-color":"","overlay-opacity":"","overlay-gradient":""},"mobile":{"background-color":"","background-image":"","background-repeat":"repeat","background-position":"center center","background-size":"auto","background-attachment":"scroll","background-type":"","background-media":"","overlay-type":"","overlay-color":"","overlay-opacity":"","overlay-gradient":""}},"ast-content-background-meta":{"desktop":{"background-color":"var(--ast-global-color-5)","background-image":"","background-repeat":"repeat","background-position":"center center","background-size":"auto","background-attachment":"scroll","background-type":"","background-media":"","overlay-type":"","overlay-color":"","overlay-opacity":"","overlay-gradient":""},"tablet":{"background-color":"var(--ast-global-color-5)","background-image":"","background-repeat":"repeat","background-position":"center center","background-size":"auto","background-attachment":"scroll","background-type":"","background-media":"","overlay-type":"","overlay-color":"","overlay-opacity":"","overlay-gradient":""},"mobile":{"background-color":"var(--ast-global-color-5)","background-image":"","background-repeat":"repeat","background-position":"center center","background-size":"auto","background-attachment":"scroll","background-type":"","background-media":"","overlay-type":"","overlay-color":"","overlay-opacity":"","overlay-gradient":""}}},"product_cat":[60],"product_tag":[],"class_list":{"0":"post-2233","1":"product","2":"type-product","3":"status-publish","4":"has-post-thumbnail","6":"product_cat-trekking-fr","7":"desktop-align-left","8":"tablet-align-left","9":"mobile-align-left","11":"first","12":"instock","13":"virtual","14":"purchasable","15":"product-type-simple"},"yoast_head":"<!-- This site is optimized with the Yoast SEO plugin v24.0 - https:\/\/yoast.com\/wordpress\/plugins\/seo\/ -->\n<title>Sur les pas du sauvage bleu - Your Sardinia Experience<\/title>\n<meta name=\"robots\" content=\"index, follow, max-snippet:-1, max-image-preview:large, max-video-preview:-1\" \/>\n<link rel=\"canonical\" href=\"https:\/\/www.yoursardiniaexperience.it\/fr\/prodotto\/sur-les-pas-du-sauvage-bleu\/\" \/>\n<meta property=\"og:locale\" content=\"fr_FR\" \/>\n<meta property=\"og:type\" content=\"article\" \/>\n<meta property=\"og:title\" content=\"Sur les pas du sauvage bleu - Your Sardinia Experience\" \/>\n<meta property=\"og:description\" content=\"\ud83d\udccc Supramonte de Baunei, Ogliastra \ud83d\udcc6 Avril - Mai - Octobre pendant 4 nuits et 5 randonn\u00e9es \ud83d\udc6a Min 4 - Max 8 personnes \ud83e\uddc0 D\u00e9gustations de produits locaux \ud83c\udfd5 Outils pour le bivouac (tentes, sac de couchages..) \ud83d\udcb0 \u00e0 partir de \u20ac 650.00 par personne  &nbsp;  Description   Cette version est une version plus l\u00e9g\u00e8re de la grande randonn\u00e9e alpine, donc toutes les sorties seront faites sans l\u2019aide des cordes ou des outils techniques des alpins. La grande marche commence dans la zone de Pedra Longa et termine 5 jours apr\u00e8s dans la crique Sisine ou 6 jours apr\u00e8s dans la crique Luna. Le sauvage bleu est une des plus pittoresques et spectaculaires parmi les grandes randonn\u00e9es de toute l\u2019Europe. On a d\u00e9cid\u00e9 de vivre cette randonn\u00e9e de fa\u00e7on immersive, en logeant chez les habitants: un c\u2019est une bergerie et l\u2019autre une aire de camping. Les deux offrent des douches simples et am\u00e8nent l\u2019eau du village, donc on respectera la nature et on se contentera des simples services qu\u2019ils nous offrent. Falaises, plages de galets blancs et eaux cristallines nous accompagneront pendant tout le voyage pour vivre des journ\u00e9es inoubliables le long de la c\u00f4te est de la Sardaigne. &nbsp; \u00c0 quoi s\u2019attendre Tour guid\u00e9e par des guides de montagne professionnelles Voyage de randonn\u00e9e dans le Supramonte de Baunei D\u00e9gustation de produits locaux Nuits en tentes et sac de couchages (dans g\u00eete ou aire de camping) Arr\u00eats baignade dans les plus belles plages \u00e0 l\u2019eau transparente &nbsp; Qu\u2019est-ce qu\u2019il est inclus? Service de guidage par des guides de montagne pendant tout le voyage Randonn\u00e9es guid\u00e9es Petit-d\u00e9jeuners, repas et d\u00eeners en g\u00eete ou aire de camping Outils pour le bivouac Transferts avec Land Rovers 9 places Assurances\" \/>\n<meta property=\"og:url\" content=\"https:\/\/www.yoursardiniaexperience.it\/fr\/prodotto\/sur-les-pas-du-sauvage-bleu\/\" \/>\n<meta property=\"og:site_name\" content=\"Your Sardinia Experience\" \/>\n<meta property=\"article:modified_time\" content=\"2024-04-30T17:00:39+00:00\" \/>\n<meta property=\"og:image\" content=\"https:\/\/www.yoursardiniaexperience.it\/wp-content\/uploads\/2024\/03\/11-Tracce-di-Selvaggio-Blu-in-trekking-sulla-costa-est-scaled-e1711637148586.jpg\" \/>\n\t<meta property=\"og:image:width\" content=\"1920\" \/>\n\t<meta property=\"og:image:height\" content=\"1920\" \/>\n\t<meta property=\"og:image:type\" content=\"image\/jpeg\" \/>\n<meta name=\"twitter:card\" content=\"summary_large_image\" \/>\n<script type=\"application\/ld+json\" class=\"yoast-schema-graph\">{\"@context\":\"https:\/\/schema.org\",\"@graph\":[{\"@type\":\"WebPage\",\"@id\":\"https:\/\/www.yoursardiniaexperience.it\/fr\/prodotto\/sur-les-pas-du-sauvage-bleu\/\",\"url\":\"https:\/\/www.yoursardiniaexperience.it\/fr\/prodotto\/sur-les-pas-du-sauvage-bleu\/\",\"name\":\"Sur les pas du sauvage bleu - Your Sardinia Experience\",\"isPartOf\":{\"@id\":\"https:\/\/www.yoursardiniaexperience.it\/fr\/#website\"},\"primaryImageOfPage\":{\"@id\":\"https:\/\/www.yoursardiniaexperience.it\/fr\/prodotto\/sur-les-pas-du-sauvage-bleu\/#primaryimage\"},\"image\":{\"@id\":\"https:\/\/www.yoursardiniaexperience.it\/fr\/prodotto\/sur-les-pas-du-sauvage-bleu\/#primaryimage\"},\"thumbnailUrl\":\"https:\/\/www.yoursardiniaexperience.it\/wp-content\/uploads\/2024\/03\/11-Tracce-di-Selvaggio-Blu-in-trekking-sulla-costa-est-scaled-e1711637148586.jpg\",\"datePublished\":\"2024-03-28T14:46:21+00:00\",\"dateModified\":\"2024-04-30T17:00:39+00:00\",\"breadcrumb\":{\"@id\":\"https:\/\/www.yoursardiniaexperience.it\/fr\/prodotto\/sur-les-pas-du-sauvage-bleu\/#breadcrumb\"},\"inLanguage\":\"fr-FR\",\"potentialAction\":[{\"@type\":\"ReadAction\",\"target\":[\"https:\/\/www.yoursardiniaexperience.it\/fr\/prodotto\/sur-les-pas-du-sauvage-bleu\/\"]}]},{\"@type\":\"ImageObject\",\"inLanguage\":\"fr-FR\",\"@id\":\"https:\/\/www.yoursardiniaexperience.it\/fr\/prodotto\/sur-les-pas-du-sauvage-bleu\/#primaryimage\",\"url\":\"https:\/\/www.yoursardiniaexperience.it\/wp-content\/uploads\/2024\/03\/11-Tracce-di-Selvaggio-Blu-in-trekking-sulla-costa-est-scaled-e1711637148586.jpg\",\"contentUrl\":\"https:\/\/www.yoursardiniaexperience.it\/wp-content\/uploads\/2024\/03\/11-Tracce-di-Selvaggio-Blu-in-trekking-sulla-costa-est-scaled-e1711637148586.jpg\",\"width\":1920,\"height\":1920},{\"@type\":\"BreadcrumbList\",\"@id\":\"https:\/\/www.yoursardiniaexperience.it\/fr\/prodotto\/sur-les-pas-du-sauvage-bleu\/#breadcrumb\",\"itemListElement\":[{\"@type\":\"ListItem\",\"position\":1,\"name\":\"Home\",\"item\":\"https:\/\/www.yoursardiniaexperience.it\/fr\/\"},{\"@type\":\"ListItem\",\"position\":2,\"name\":\"Produits\",\"item\":\"https:\/\/www.yoursardiniaexperience.it\/fr\/shop\/\"},{\"@type\":\"ListItem\",\"position\":3,\"name\":\"Sur les pas du sauvage bleu\"}]},{\"@type\":\"WebSite\",\"@id\":\"https:\/\/www.yoursardiniaexperience.it\/fr\/#website\",\"url\":\"https:\/\/www.yoursardiniaexperience.it\/fr\/\",\"name\":\"Your Sardinia Experience\",\"description\":\"Scopri il cuore dell'isola pi&ugrave; selvaggia\",\"publisher\":{\"@id\":\"https:\/\/www.yoursardiniaexperience.it\/fr\/#organization\"},\"potentialAction\":[{\"@type\":\"SearchAction\",\"target\":{\"@type\":\"EntryPoint\",\"urlTemplate\":\"https:\/\/www.yoursardiniaexperience.it\/fr\/?s={search_term_string}\"},\"query-input\":{\"@type\":\"PropertyValueSpecification\",\"valueRequired\":true,\"valueName\":\"search_term_string\"}}],\"inLanguage\":\"fr-FR\"},{\"@type\":\"Organization\",\"@id\":\"https:\/\/www.yoursardiniaexperience.it\/fr\/#organization\",\"name\":\"Your Sardinia Experience\",\"url\":\"https:\/\/www.yoursardiniaexperience.it\/fr\/\",\"logo\":{\"@type\":\"ImageObject\",\"inLanguage\":\"fr-FR\",\"@id\":\"https:\/\/www.yoursardiniaexperience.it\/fr\/#\/schema\/logo\/image\/\",\"url\":\"https:\/\/www.yoursardiniaexperience.it\/wp-content\/uploads\/2024\/04\/cropped-cropped-SITOYOUR-piccolo.png\",\"contentUrl\":\"https:\/\/www.yoursardiniaexperience.it\/wp-content\/uploads\/2024\/04\/cropped-cropped-SITOYOUR-piccolo.png\",\"width\":512,\"height\":512,\"caption\":\"Your Sardinia Experience\"},\"image\":{\"@id\":\"https:\/\/www.yoursardiniaexperience.it\/fr\/#\/schema\/logo\/image\/\"}}]}<\/script>\n<!-- \/ Yoast SEO plugin. -->","yoast_head_json":{"title":"Sur les pas du sauvage bleu - Your Sardinia Experience","robots":{"index":"index","follow":"follow","max-snippet":"max-snippet:-1","max-image-preview":"max-image-preview:large","max-video-preview":"max-video-preview:-1"},"canonical":"https:\/\/www.yoursardiniaexperience.it\/fr\/prodotto\/sur-les-pas-du-sauvage-bleu\/","og_locale":"fr_FR","og_type":"article","og_title":"Sur les pas du sauvage bleu - Your Sardinia Experience","og_description":"\ud83d\udccc Supramonte de Baunei, Ogliastra \ud83d\udcc6 Avril - Mai - Octobre pendant 4 nuits et 5 randonn\u00e9es \ud83d\udc6a Min 4 - Max 8 personnes \ud83e\uddc0 D\u00e9gustations de produits locaux \ud83c\udfd5 Outils pour le bivouac (tentes, sac de couchages..) \ud83d\udcb0 \u00e0 partir de \u20ac 650.00 par personne  &nbsp;  Description   Cette version est une version plus l\u00e9g\u00e8re de la grande randonn\u00e9e alpine, donc toutes les sorties seront faites sans l\u2019aide des cordes ou des outils techniques des alpins. La grande marche commence dans la zone de Pedra Longa et termine 5 jours apr\u00e8s dans la crique Sisine ou 6 jours apr\u00e8s dans la crique Luna. Le sauvage bleu est une des plus pittoresques et spectaculaires parmi les grandes randonn\u00e9es de toute l\u2019Europe. On a d\u00e9cid\u00e9 de vivre cette randonn\u00e9e de fa\u00e7on immersive, en logeant chez les habitants: un c\u2019est une bergerie et l\u2019autre une aire de camping. Les deux offrent des douches simples et am\u00e8nent l\u2019eau du village, donc on respectera la nature et on se contentera des simples services qu\u2019ils nous offrent. Falaises, plages de galets blancs et eaux cristallines nous accompagneront pendant tout le voyage pour vivre des journ\u00e9es inoubliables le long de la c\u00f4te est de la Sardaigne. &nbsp; \u00c0 quoi s\u2019attendre Tour guid\u00e9e par des guides de montagne professionnelles Voyage de randonn\u00e9e dans le Supramonte de Baunei D\u00e9gustation de produits locaux Nuits en tentes et sac de couchages (dans g\u00eete ou aire de camping) Arr\u00eats baignade dans les plus belles plages \u00e0 l\u2019eau transparente &nbsp; Qu\u2019est-ce qu\u2019il est inclus? Service de guidage par des guides de montagne pendant tout le voyage Randonn\u00e9es guid\u00e9es Petit-d\u00e9jeuners, repas et d\u00eeners en g\u00eete ou aire de camping Outils pour le bivouac Transferts avec Land Rovers 9 places Assurances","og_url":"https:\/\/www.yoursardiniaexperience.it\/fr\/prodotto\/sur-les-pas-du-sauvage-bleu\/","og_site_name":"Your Sardinia Experience","article_modified_time":"2024-04-30T17:00:39+00:00","og_image":[{"width":1920,"height":1920,"url":"https:\/\/www.yoursardiniaexperience.it\/wp-content\/uploads\/2024\/03\/11-Tracce-di-Selvaggio-Blu-in-trekking-sulla-costa-est-scaled-e1711637148586.jpg","type":"image\/jpeg"}],"twitter_card":"summary_large_image","schema":{"@context":"https:\/\/schema.org","@graph":[{"@type":"WebPage","@id":"https:\/\/www.yoursardiniaexperience.it\/fr\/prodotto\/sur-les-pas-du-sauvage-bleu\/","url":"https:\/\/www.yoursardiniaexperience.it\/fr\/prodotto\/sur-les-pas-du-sauvage-bleu\/","name":"Sur les pas du sauvage bleu - Your Sardinia Experience","isPartOf":{"@id":"https:\/\/www.yoursardiniaexperience.it\/fr\/#website"},"primaryImageOfPage":{"@id":"https:\/\/www.yoursardiniaexperience.it\/fr\/prodotto\/sur-les-pas-du-sauvage-bleu\/#primaryimage"},"image":{"@id":"https:\/\/www.yoursardiniaexperience.it\/fr\/prodotto\/sur-les-pas-du-sauvage-bleu\/#primaryimage"},"thumbnailUrl":"https:\/\/www.yoursardiniaexperience.it\/wp-content\/uploads\/2024\/03\/11-Tracce-di-Selvaggio-Blu-in-trekking-sulla-costa-est-scaled-e1711637148586.jpg","datePublished":"2024-03-28T14:46:21+00:00","dateModified":"2024-04-30T17:00:39+00:00","breadcrumb":{"@id":"https:\/\/www.yoursardiniaexperience.it\/fr\/prodotto\/sur-les-pas-du-sauvage-bleu\/#breadcrumb"},"inLanguage":"fr-FR","potentialAction":[{"@type":"ReadAction","target":["https:\/\/www.yoursardiniaexperience.it\/fr\/prodotto\/sur-les-pas-du-sauvage-bleu\/"]}]},{"@type":"ImageObject","inLanguage":"fr-FR","@id":"https:\/\/www.yoursardiniaexperience.it\/fr\/prodotto\/sur-les-pas-du-sauvage-bleu\/#primaryimage","url":"https:\/\/www.yoursardiniaexperience.it\/wp-content\/uploads\/2024\/03\/11-Tracce-di-Selvaggio-Blu-in-trekking-sulla-costa-est-scaled-e1711637148586.jpg","contentUrl":"https:\/\/www.yoursardiniaexperience.it\/wp-content\/uploads\/2024\/03\/11-Tracce-di-Selvaggio-Blu-in-trekking-sulla-costa-est-scaled-e1711637148586.jpg","width":1920,"height":1920},{"@type":"BreadcrumbList","@id":"https:\/\/www.yoursardiniaexperience.it\/fr\/prodotto\/sur-les-pas-du-sauvage-bleu\/#breadcrumb","itemListElement":[{"@type":"ListItem","position":1,"name":"Home","item":"https:\/\/www.yoursardiniaexperience.it\/fr\/"},{"@type":"ListItem","position":2,"name":"Produits","item":"https:\/\/www.yoursardiniaexperience.it\/fr\/shop\/"},{"@type":"ListItem","position":3,"name":"Sur les pas du sauvage bleu"}]},{"@type":"WebSite","@id":"https:\/\/www.yoursardiniaexperience.it\/fr\/#website","url":"https:\/\/www.yoursardiniaexperience.it\/fr\/","name":"Your Sardinia Experience","description":"Scopri il cuore dell'isola pi&ugrave; selvaggia","publisher":{"@id":"https:\/\/www.yoursardiniaexperience.it\/fr\/#organization"},"potentialAction":[{"@type":"SearchAction","target":{"@type":"EntryPoint","urlTemplate":"https:\/\/www.yoursardiniaexperience.it\/fr\/?s={search_term_string}"},"query-input":{"@type":"PropertyValueSpecification","valueRequired":true,"valueName":"search_term_string"}}],"inLanguage":"fr-FR"},{"@type":"Organization","@id":"https:\/\/www.yoursardiniaexperience.it\/fr\/#organization","name":"Your Sardinia Experience","url":"https:\/\/www.yoursardiniaexperience.it\/fr\/","logo":{"@type":"ImageObject","inLanguage":"fr-FR","@id":"https:\/\/www.yoursardiniaexperience.it\/fr\/#\/schema\/logo\/image\/","url":"https:\/\/www.yoursardiniaexperience.it\/wp-content\/uploads\/2024\/04\/cropped-cropped-SITOYOUR-piccolo.png","contentUrl":"https:\/\/www.yoursardiniaexperience.it\/wp-content\/uploads\/2024\/04\/cropped-cropped-SITOYOUR-piccolo.png","width":512,"height":512,"caption":"Your Sardinia Experience"},"image":{"@id":"https:\/\/www.yoursardiniaexperience.it\/fr\/#\/schema\/logo\/image\/"}}]}},"jetpack_sharing_enabled":true,"_links":{"self":[{"href":"https:\/\/www.yoursardiniaexperience.it\/fr\/wp-json\/wp\/v2\/product\/2233","targetHints":{"allow":["GET"]}}],"collection":[{"href":"https:\/\/www.yoursardiniaexperience.it\/fr\/wp-json\/wp\/v2\/product"}],"about":[{"href":"https:\/\/www.yoursardiniaexperience.it\/fr\/wp-json\/wp\/v2\/types\/product"}],"replies":[{"embeddable":true,"href":"https:\/\/www.yoursardiniaexperience.it\/fr\/wp-json\/wp\/v2\/comments?post=2233"}],"wp:featuredmedia":[{"embeddable":true,"href":"https:\/\/www.yoursardiniaexperience.it\/fr\/wp-json\/wp\/v2\/media\/2238"}],"wp:attachment":[{"href":"https:\/\/www.yoursardiniaexperience.it\/fr\/wp-json\/wp\/v2\/media?parent=2233"}],"wp:term":[{"taxonomy":"product_cat","embeddable":true,"href":"https:\/\/www.yoursardiniaexperience.it\/fr\/wp-json\/wp\/v2\/product_cat?post=2233"},{"taxonomy":"product_tag","embeddable":true,"href":"https:\/\/www.yoursardiniaexperience.it\/fr\/wp-json\/wp\/v2\/product_tag?post=2233"}],"curies":[{"name":"wp","href":"https:\/\/api.w.org\/{rel}","templated":true}]}}