{"id":2240,"date":"2024-03-28T14:43:01","date_gmt":"2024-03-28T14:43:01","guid":{"rendered":"https:\/\/yoursardiniaexperience.montal.do\/prodotto\/classes-vertes-en-montagne\/"},"modified":"2024-04-30T17:03:54","modified_gmt":"2024-04-30T17:03:54","slug":"classes-vertes-en-montagne","status":"publish","type":"product","link":"https:\/\/www.yoursardiniaexperience.it\/fr\/prodotto\/classes-vertes-en-montagne\/","title":{"rendered":"Classes vertes en montagne"},"content":{"rendered":"<p>Activit\u00e9s sportives, d&rsquo;excursions et de jeux pour les plus petits<\/p>\n","protected":false},"excerpt":{"rendered":"<div class=\"page\" title=\"Page 2\">\n<div class=\"section\">\n<div class=\"layoutArea\">\n<div class=\"column\">\n<p>\ud83d\udccc Massiccio del Gennargentu<br \/>\n\ud83d\udcc6 Juillet<br \/>\n\ud83d\udc6a Max 20 enfants d\u00e8s 8 \u00e0 12 ans<br \/>\n\ud83d\udd5c Dur\u00e9e de 4 nuits \/ 5 jours<br \/>\n\ud83e\uddc0 Tous les repas sont inclus et km 0<br \/>\n\ud83d\udcb0 <strong>\u00e0 partir de \u20ac 200,00 par enfant (r\u00e9duction pour les familles qui inscrivent plusieurs enfants)<\/strong><br \/>\n\ud83d\ude90 Tour avec notre moyen de transport disponible<\/p>\n<\/div>\n<\/div>\n<p>&nbsp;<\/p>\n<div class=\"layoutArea\">\n<div class=\"column\">\n<h2>Description<\/h2>\n<\/div>\n<\/div>\n<div class=\"layoutArea\">\n<div class=\"column\">\n<p>Depuis quelques ann\u00e9es, chaque mois de juillet est d\u00e9di\u00e9 aux plus petits, pour chercher de communiquer notre passion pour l\u2019environnement, pour la montagne et pour le respect de ces \u00e9l\u00e9ments. Nous travaillons ensemble avec d\u2019autres professionnels et activit\u00e9s locales pour organiser un camp d\u2019\u00e9t\u00e9 pour les enfants avec plusieurs loisirs comme les randonn\u00e9es ou les laboratoires de cuisine, l\u2019escalade, le kayaking ou la p\u00eache. Chaque ann\u00e9e le programme change selon la saison qui se pr\u00e9sente. Les nuits sont en tente avec le sac de couchage dans le camp que l\u2019on organise avec les enfants, avec tout ce dont on a besoin. Dans la majorit\u00e9 des cas, pendant notre camp d\u2019\u00e9t\u00e9 naissent beaucoup d\u2019amiti\u00e9s uniques.<\/p>\n<p>&nbsp;<\/p>\n<h2>\u00c0 quoi s\u2019attendre<\/h2>\n<p>Classes et journ\u00e9es avec des guides et collaborateurs certifi\u00e9s<br \/>\nVoyage de randonn\u00e9e dans les montagnes de Sardaigne<br \/>\nRepas inclus avec des produits \u00e0 km 0<br \/>\nNuits en camping dans les zones organis\u00e9s<br \/>\nExp\u00e9riences et laboratoires cr\u00e9\u00e9s pour les enfants<br \/>\nTransfert en minivan ou land rover 9 places<\/p>\n<h2>Qu\u2019est-ce qu\u2019il est inclus?<\/h2>\n<p>Service de guidage par des guides de montagne pendant tout le voyage<br \/>\nRandonn\u00e9es et visites guid\u00e9es<br \/>\nD\u00e9gustations et d\u00eeners<br \/>\nOutils pour le bivouac<br \/>\nTransfert avec le Minivan 9 places<br \/>\nAssurances<\/p>\n<\/div>\n<\/div>\n<\/div>\n<\/div>\n","protected":false},"featured_media":2243,"comment_status":"open","ping_status":"closed","template":"","meta":{"site-sidebar-layout":"default","site-content-layout":"","ast-site-content-layout":"default","site-content-style":"default","site-sidebar-style":"default","ast-global-header-display":"","ast-banner-title-visibility":"","ast-main-header-display":"","ast-hfb-above-header-display":"","ast-hfb-below-header-display":"","ast-hfb-mobile-header-display":"","site-post-title":"","ast-breadcrumbs-content":"","ast-featured-img":"","footer-sml-layout":"","theme-transparent-header-meta":"default","adv-header-id-meta":"","stick-header-meta":"","header-above-stick-meta":"","header-main-stick-meta":"","header-below-stick-meta":"","astra-migrate-meta-layouts":"default","ast-page-background-enabled":"default","ast-page-background-meta":{"desktop":{"background-color":"var(--ast-global-color-4)","background-image":"","background-repeat":"repeat","background-position":"center center","background-size":"auto","background-attachment":"scroll","background-type":"","background-media":"","overlay-type":"","overlay-color":"","overlay-opacity":"","overlay-gradient":""},"tablet":{"background-color":"","background-image":"","background-repeat":"repeat","background-position":"center center","background-size":"auto","background-attachment":"scroll","background-type":"","background-media":"","overlay-type":"","overlay-color":"","overlay-opacity":"","overlay-gradient":""},"mobile":{"background-color":"","background-image":"","background-repeat":"repeat","background-position":"center center","background-size":"auto","background-attachment":"scroll","background-type":"","background-media":"","overlay-type":"","overlay-color":"","overlay-opacity":"","overlay-gradient":""}},"ast-content-background-meta":{"desktop":{"background-color":"var(--ast-global-color-5)","background-image":"","background-repeat":"repeat","background-position":"center center","background-size":"auto","background-attachment":"scroll","background-type":"","background-media":"","overlay-type":"","overlay-color":"","overlay-opacity":"","overlay-gradient":""},"tablet":{"background-color":"var(--ast-global-color-5)","background-image":"","background-repeat":"repeat","background-position":"center center","background-size":"auto","background-attachment":"scroll","background-type":"","background-media":"","overlay-type":"","overlay-color":"","overlay-opacity":"","overlay-gradient":""},"mobile":{"background-color":"var(--ast-global-color-5)","background-image":"","background-repeat":"repeat","background-position":"center center","background-size":"auto","background-attachment":"scroll","background-type":"","background-media":"","overlay-type":"","overlay-color":"","overlay-opacity":"","overlay-gradient":""}}},"product_cat":[59],"product_tag":[],"class_list":{"0":"post-2240","1":"product","2":"type-product","3":"status-publish","4":"has-post-thumbnail","6":"product_cat-itineraires","7":"desktop-align-left","8":"tablet-align-left","9":"mobile-align-left","11":"first","12":"instock","13":"virtual","14":"purchasable","15":"product-type-simple"},"yoast_head":"<!-- This site is optimized with the Yoast SEO plugin v24.0 - https:\/\/yoast.com\/wordpress\/plugins\/seo\/ -->\n<title>Classes vertes en montagne - Your Sardinia Experience<\/title>\n<meta name=\"robots\" content=\"index, follow, max-snippet:-1, max-image-preview:large, max-video-preview:-1\" \/>\n<link rel=\"canonical\" href=\"https:\/\/www.yoursardiniaexperience.it\/fr\/prodotto\/classes-vertes-en-montagne\/\" \/>\n<meta property=\"og:locale\" content=\"fr_FR\" \/>\n<meta property=\"og:type\" content=\"article\" \/>\n<meta property=\"og:title\" content=\"Classes vertes en montagne - Your Sardinia Experience\" \/>\n<meta property=\"og:description\" content=\"\ud83d\udccc Massiccio del Gennargentu \ud83d\udcc6 Juillet \ud83d\udc6a Max 20 enfants d\u00e8s 8 \u00e0 12 ans \ud83d\udd5c Dur\u00e9e de 4 nuits \/ 5 jours \ud83e\uddc0 Tous les repas sont inclus et km 0 \ud83d\udcb0 \u00e0 partir de \u20ac 200,00 par enfant (r\u00e9duction pour les familles qui inscrivent plusieurs enfants) \ud83d\ude90 Tour avec notre moyen de transport disponible  &nbsp;  Description   Depuis quelques ann\u00e9es, chaque mois de juillet est d\u00e9di\u00e9 aux plus petits, pour chercher de communiquer notre passion pour l\u2019environnement, pour la montagne et pour le respect de ces \u00e9l\u00e9ments. Nous travaillons ensemble avec d\u2019autres professionnels et activit\u00e9s locales pour organiser un camp d\u2019\u00e9t\u00e9 pour les enfants avec plusieurs loisirs comme les randonn\u00e9es ou les laboratoires de cuisine, l\u2019escalade, le kayaking ou la p\u00eache. Chaque ann\u00e9e le programme change selon la saison qui se pr\u00e9sente. Les nuits sont en tente avec le sac de couchage dans le camp que l\u2019on organise avec les enfants, avec tout ce dont on a besoin. Dans la majorit\u00e9 des cas, pendant notre camp d\u2019\u00e9t\u00e9 naissent beaucoup d\u2019amiti\u00e9s uniques. &nbsp; \u00c0 quoi s\u2019attendre Classes et journ\u00e9es avec des guides et collaborateurs certifi\u00e9s Voyage de randonn\u00e9e dans les montagnes de Sardaigne Repas inclus avec des produits \u00e0 km 0 Nuits en camping dans les zones organis\u00e9s Exp\u00e9riences et laboratoires cr\u00e9\u00e9s pour les enfants Transfert en minivan ou land rover 9 places Qu\u2019est-ce qu\u2019il est inclus? Service de guidage par des guides de montagne pendant tout le voyage Randonn\u00e9es et visites guid\u00e9es D\u00e9gustations et d\u00eeners Outils pour le bivouac Transfert avec le Minivan 9 places Assurances\" \/>\n<meta property=\"og:url\" content=\"https:\/\/www.yoursardiniaexperience.it\/fr\/prodotto\/classes-vertes-en-montagne\/\" \/>\n<meta property=\"og:site_name\" content=\"Your Sardinia Experience\" \/>\n<meta property=\"article:modified_time\" content=\"2024-04-30T17:03:54+00:00\" \/>\n<meta property=\"og:image\" content=\"https:\/\/www.yoursardiniaexperience.it\/wp-content\/uploads\/2024\/03\/10-Campo-scuola-in-montagna-3-scaled-e1711636962409.jpg\" \/>\n\t<meta property=\"og:image:width\" content=\"1920\" \/>\n\t<meta property=\"og:image:height\" content=\"1920\" \/>\n\t<meta property=\"og:image:type\" content=\"image\/jpeg\" \/>\n<meta name=\"twitter:card\" content=\"summary_large_image\" \/>\n<script type=\"application\/ld+json\" class=\"yoast-schema-graph\">{\"@context\":\"https:\/\/schema.org\",\"@graph\":[{\"@type\":\"WebPage\",\"@id\":\"https:\/\/www.yoursardiniaexperience.it\/fr\/prodotto\/classes-vertes-en-montagne\/\",\"url\":\"https:\/\/www.yoursardiniaexperience.it\/fr\/prodotto\/classes-vertes-en-montagne\/\",\"name\":\"Classes vertes en montagne - Your Sardinia Experience\",\"isPartOf\":{\"@id\":\"https:\/\/www.yoursardiniaexperience.it\/fr\/#website\"},\"primaryImageOfPage\":{\"@id\":\"https:\/\/www.yoursardiniaexperience.it\/fr\/prodotto\/classes-vertes-en-montagne\/#primaryimage\"},\"image\":{\"@id\":\"https:\/\/www.yoursardiniaexperience.it\/fr\/prodotto\/classes-vertes-en-montagne\/#primaryimage\"},\"thumbnailUrl\":\"https:\/\/www.yoursardiniaexperience.it\/wp-content\/uploads\/2024\/03\/10-Campo-scuola-in-montagna-3-scaled-e1711636962409.jpg\",\"datePublished\":\"2024-03-28T14:43:01+00:00\",\"dateModified\":\"2024-04-30T17:03:54+00:00\",\"breadcrumb\":{\"@id\":\"https:\/\/www.yoursardiniaexperience.it\/fr\/prodotto\/classes-vertes-en-montagne\/#breadcrumb\"},\"inLanguage\":\"fr-FR\",\"potentialAction\":[{\"@type\":\"ReadAction\",\"target\":[\"https:\/\/www.yoursardiniaexperience.it\/fr\/prodotto\/classes-vertes-en-montagne\/\"]}]},{\"@type\":\"ImageObject\",\"inLanguage\":\"fr-FR\",\"@id\":\"https:\/\/www.yoursardiniaexperience.it\/fr\/prodotto\/classes-vertes-en-montagne\/#primaryimage\",\"url\":\"https:\/\/www.yoursardiniaexperience.it\/wp-content\/uploads\/2024\/03\/10-Campo-scuola-in-montagna-3-scaled-e1711636962409.jpg\",\"contentUrl\":\"https:\/\/www.yoursardiniaexperience.it\/wp-content\/uploads\/2024\/03\/10-Campo-scuola-in-montagna-3-scaled-e1711636962409.jpg\",\"width\":1920,\"height\":1920},{\"@type\":\"BreadcrumbList\",\"@id\":\"https:\/\/www.yoursardiniaexperience.it\/fr\/prodotto\/classes-vertes-en-montagne\/#breadcrumb\",\"itemListElement\":[{\"@type\":\"ListItem\",\"position\":1,\"name\":\"Home\",\"item\":\"https:\/\/www.yoursardiniaexperience.it\/fr\/\"},{\"@type\":\"ListItem\",\"position\":2,\"name\":\"Produits\",\"item\":\"https:\/\/www.yoursardiniaexperience.it\/fr\/shop\/\"},{\"@type\":\"ListItem\",\"position\":3,\"name\":\"Classes vertes en montagne\"}]},{\"@type\":\"WebSite\",\"@id\":\"https:\/\/www.yoursardiniaexperience.it\/fr\/#website\",\"url\":\"https:\/\/www.yoursardiniaexperience.it\/fr\/\",\"name\":\"Your Sardinia Experience\",\"description\":\"Scopri il cuore dell'isola pi&ugrave; selvaggia\",\"publisher\":{\"@id\":\"https:\/\/www.yoursardiniaexperience.it\/fr\/#organization\"},\"potentialAction\":[{\"@type\":\"SearchAction\",\"target\":{\"@type\":\"EntryPoint\",\"urlTemplate\":\"https:\/\/www.yoursardiniaexperience.it\/fr\/?s={search_term_string}\"},\"query-input\":{\"@type\":\"PropertyValueSpecification\",\"valueRequired\":true,\"valueName\":\"search_term_string\"}}],\"inLanguage\":\"fr-FR\"},{\"@type\":\"Organization\",\"@id\":\"https:\/\/www.yoursardiniaexperience.it\/fr\/#organization\",\"name\":\"Your Sardinia Experience\",\"url\":\"https:\/\/www.yoursardiniaexperience.it\/fr\/\",\"logo\":{\"@type\":\"ImageObject\",\"inLanguage\":\"fr-FR\",\"@id\":\"https:\/\/www.yoursardiniaexperience.it\/fr\/#\/schema\/logo\/image\/\",\"url\":\"https:\/\/www.yoursardiniaexperience.it\/wp-content\/uploads\/2024\/04\/cropped-cropped-SITOYOUR-piccolo.png\",\"contentUrl\":\"https:\/\/www.yoursardiniaexperience.it\/wp-content\/uploads\/2024\/04\/cropped-cropped-SITOYOUR-piccolo.png\",\"width\":512,\"height\":512,\"caption\":\"Your Sardinia Experience\"},\"image\":{\"@id\":\"https:\/\/www.yoursardiniaexperience.it\/fr\/#\/schema\/logo\/image\/\"}}]}<\/script>\n<!-- \/ Yoast SEO plugin. -->","yoast_head_json":{"title":"Classes vertes en montagne - Your Sardinia Experience","robots":{"index":"index","follow":"follow","max-snippet":"max-snippet:-1","max-image-preview":"max-image-preview:large","max-video-preview":"max-video-preview:-1"},"canonical":"https:\/\/www.yoursardiniaexperience.it\/fr\/prodotto\/classes-vertes-en-montagne\/","og_locale":"fr_FR","og_type":"article","og_title":"Classes vertes en montagne - Your Sardinia Experience","og_description":"\ud83d\udccc Massiccio del Gennargentu \ud83d\udcc6 Juillet \ud83d\udc6a Max 20 enfants d\u00e8s 8 \u00e0 12 ans \ud83d\udd5c Dur\u00e9e de 4 nuits \/ 5 jours \ud83e\uddc0 Tous les repas sont inclus et km 0 \ud83d\udcb0 \u00e0 partir de \u20ac 200,00 par enfant (r\u00e9duction pour les familles qui inscrivent plusieurs enfants) \ud83d\ude90 Tour avec notre moyen de transport disponible  &nbsp;  Description   Depuis quelques ann\u00e9es, chaque mois de juillet est d\u00e9di\u00e9 aux plus petits, pour chercher de communiquer notre passion pour l\u2019environnement, pour la montagne et pour le respect de ces \u00e9l\u00e9ments. Nous travaillons ensemble avec d\u2019autres professionnels et activit\u00e9s locales pour organiser un camp d\u2019\u00e9t\u00e9 pour les enfants avec plusieurs loisirs comme les randonn\u00e9es ou les laboratoires de cuisine, l\u2019escalade, le kayaking ou la p\u00eache. Chaque ann\u00e9e le programme change selon la saison qui se pr\u00e9sente. Les nuits sont en tente avec le sac de couchage dans le camp que l\u2019on organise avec les enfants, avec tout ce dont on a besoin. Dans la majorit\u00e9 des cas, pendant notre camp d\u2019\u00e9t\u00e9 naissent beaucoup d\u2019amiti\u00e9s uniques. &nbsp; \u00c0 quoi s\u2019attendre Classes et journ\u00e9es avec des guides et collaborateurs certifi\u00e9s Voyage de randonn\u00e9e dans les montagnes de Sardaigne Repas inclus avec des produits \u00e0 km 0 Nuits en camping dans les zones organis\u00e9s Exp\u00e9riences et laboratoires cr\u00e9\u00e9s pour les enfants Transfert en minivan ou land rover 9 places Qu\u2019est-ce qu\u2019il est inclus? Service de guidage par des guides de montagne pendant tout le voyage Randonn\u00e9es et visites guid\u00e9es D\u00e9gustations et d\u00eeners Outils pour le bivouac Transfert avec le Minivan 9 places Assurances","og_url":"https:\/\/www.yoursardiniaexperience.it\/fr\/prodotto\/classes-vertes-en-montagne\/","og_site_name":"Your Sardinia Experience","article_modified_time":"2024-04-30T17:03:54+00:00","og_image":[{"width":1920,"height":1920,"url":"https:\/\/www.yoursardiniaexperience.it\/wp-content\/uploads\/2024\/03\/10-Campo-scuola-in-montagna-3-scaled-e1711636962409.jpg","type":"image\/jpeg"}],"twitter_card":"summary_large_image","schema":{"@context":"https:\/\/schema.org","@graph":[{"@type":"WebPage","@id":"https:\/\/www.yoursardiniaexperience.it\/fr\/prodotto\/classes-vertes-en-montagne\/","url":"https:\/\/www.yoursardiniaexperience.it\/fr\/prodotto\/classes-vertes-en-montagne\/","name":"Classes vertes en montagne - Your Sardinia Experience","isPartOf":{"@id":"https:\/\/www.yoursardiniaexperience.it\/fr\/#website"},"primaryImageOfPage":{"@id":"https:\/\/www.yoursardiniaexperience.it\/fr\/prodotto\/classes-vertes-en-montagne\/#primaryimage"},"image":{"@id":"https:\/\/www.yoursardiniaexperience.it\/fr\/prodotto\/classes-vertes-en-montagne\/#primaryimage"},"thumbnailUrl":"https:\/\/www.yoursardiniaexperience.it\/wp-content\/uploads\/2024\/03\/10-Campo-scuola-in-montagna-3-scaled-e1711636962409.jpg","datePublished":"2024-03-28T14:43:01+00:00","dateModified":"2024-04-30T17:03:54+00:00","breadcrumb":{"@id":"https:\/\/www.yoursardiniaexperience.it\/fr\/prodotto\/classes-vertes-en-montagne\/#breadcrumb"},"inLanguage":"fr-FR","potentialAction":[{"@type":"ReadAction","target":["https:\/\/www.yoursardiniaexperience.it\/fr\/prodotto\/classes-vertes-en-montagne\/"]}]},{"@type":"ImageObject","inLanguage":"fr-FR","@id":"https:\/\/www.yoursardiniaexperience.it\/fr\/prodotto\/classes-vertes-en-montagne\/#primaryimage","url":"https:\/\/www.yoursardiniaexperience.it\/wp-content\/uploads\/2024\/03\/10-Campo-scuola-in-montagna-3-scaled-e1711636962409.jpg","contentUrl":"https:\/\/www.yoursardiniaexperience.it\/wp-content\/uploads\/2024\/03\/10-Campo-scuola-in-montagna-3-scaled-e1711636962409.jpg","width":1920,"height":1920},{"@type":"BreadcrumbList","@id":"https:\/\/www.yoursardiniaexperience.it\/fr\/prodotto\/classes-vertes-en-montagne\/#breadcrumb","itemListElement":[{"@type":"ListItem","position":1,"name":"Home","item":"https:\/\/www.yoursardiniaexperience.it\/fr\/"},{"@type":"ListItem","position":2,"name":"Produits","item":"https:\/\/www.yoursardiniaexperience.it\/fr\/shop\/"},{"@type":"ListItem","position":3,"name":"Classes vertes en montagne"}]},{"@type":"WebSite","@id":"https:\/\/www.yoursardiniaexperience.it\/fr\/#website","url":"https:\/\/www.yoursardiniaexperience.it\/fr\/","name":"Your Sardinia Experience","description":"Scopri il cuore dell'isola pi&ugrave; selvaggia","publisher":{"@id":"https:\/\/www.yoursardiniaexperience.it\/fr\/#organization"},"potentialAction":[{"@type":"SearchAction","target":{"@type":"EntryPoint","urlTemplate":"https:\/\/www.yoursardiniaexperience.it\/fr\/?s={search_term_string}"},"query-input":{"@type":"PropertyValueSpecification","valueRequired":true,"valueName":"search_term_string"}}],"inLanguage":"fr-FR"},{"@type":"Organization","@id":"https:\/\/www.yoursardiniaexperience.it\/fr\/#organization","name":"Your Sardinia Experience","url":"https:\/\/www.yoursardiniaexperience.it\/fr\/","logo":{"@type":"ImageObject","inLanguage":"fr-FR","@id":"https:\/\/www.yoursardiniaexperience.it\/fr\/#\/schema\/logo\/image\/","url":"https:\/\/www.yoursardiniaexperience.it\/wp-content\/uploads\/2024\/04\/cropped-cropped-SITOYOUR-piccolo.png","contentUrl":"https:\/\/www.yoursardiniaexperience.it\/wp-content\/uploads\/2024\/04\/cropped-cropped-SITOYOUR-piccolo.png","width":512,"height":512,"caption":"Your Sardinia Experience"},"image":{"@id":"https:\/\/www.yoursardiniaexperience.it\/fr\/#\/schema\/logo\/image\/"}}]}},"jetpack_sharing_enabled":true,"_links":{"self":[{"href":"https:\/\/www.yoursardiniaexperience.it\/fr\/wp-json\/wp\/v2\/product\/2240","targetHints":{"allow":["GET"]}}],"collection":[{"href":"https:\/\/www.yoursardiniaexperience.it\/fr\/wp-json\/wp\/v2\/product"}],"about":[{"href":"https:\/\/www.yoursardiniaexperience.it\/fr\/wp-json\/wp\/v2\/types\/product"}],"replies":[{"embeddable":true,"href":"https:\/\/www.yoursardiniaexperience.it\/fr\/wp-json\/wp\/v2\/comments?post=2240"}],"wp:featuredmedia":[{"embeddable":true,"href":"https:\/\/www.yoursardiniaexperience.it\/fr\/wp-json\/wp\/v2\/media\/2243"}],"wp:attachment":[{"href":"https:\/\/www.yoursardiniaexperience.it\/fr\/wp-json\/wp\/v2\/media?parent=2240"}],"wp:term":[{"taxonomy":"product_cat","embeddable":true,"href":"https:\/\/www.yoursardiniaexperience.it\/fr\/wp-json\/wp\/v2\/product_cat?post=2240"},{"taxonomy":"product_tag","embeddable":true,"href":"https:\/\/www.yoursardiniaexperience.it\/fr\/wp-json\/wp\/v2\/product_tag?post=2240"}],"curies":[{"name":"wp","href":"https:\/\/api.w.org\/{rel}","templated":true}]}}