{"id":2251,"date":"2024-03-28T14:01:54","date_gmt":"2024-03-28T14:01:54","guid":{"rendered":"https:\/\/yoursardiniaexperience.montal.do\/prodotto\/sur-le-gennargentu-avec-les-raquettes-de-neige\/"},"modified":"2024-03-28T14:01:54","modified_gmt":"2024-03-28T14:01:54","slug":"sur-le-gennargentu-avec-les-raquettes-de-neige","status":"publish","type":"product","link":"https:\/\/www.yoursardiniaexperience.it\/fr\/prodotto\/sur-le-gennargentu-avec-les-raquettes-de-neige\/","title":{"rendered":"Sur le Gennargentu avec les raquettes de neige"},"content":{"rendered":"<p>S&rsquo;amuser sur la neige vers la pointe de la Sardaigne<\/p>\n","protected":false},"excerpt":{"rendered":"<div class=\"page\" title=\"Page 2\">\n<div class=\"section\">\n<div class=\"layoutArea\">\n<div class=\"column\">\n<p>\ud83d\udccc Perdas Crapias Desulo, Arzana | Bruncu Spina, Fonni.<br \/>\n\ud83d\udcc6 D\u00e8s Novembre \u00e0 Mars selon la neige et la saison<br \/>\n\ud83d\udc6a Min 2 personnes<br \/>\n\ud83d\udd5c Dur\u00e9e de 6 heures<br \/>\n\ud83d\udcb0 <strong>\u20ac 50,00 par personne avec le transfert en Land Rover et la location des raquettes de neige<\/strong><br \/>\n\ud83d\udcb0 <strong>\u20ac 35,00 par personne avec votre voiture et location des raquettes de neige<\/strong><br \/>\n\ud83d\udcb0 <strong>\u20ac 20,00 par personne avec votre voiture et vos raquettes de neige<\/strong><br \/>\n\ud83d\ude90 Tour priv\u00e9 et transport sur demande<\/p>\n<\/div>\n<\/div>\n<p>&nbsp;<\/p>\n<div class=\"layoutArea\">\n<div class=\"column\">\n<h2>Description<\/h2>\n<\/div>\n<\/div>\n<div class=\"layoutArea\">\n<div class=\"column\">\n<p>Pendant l&rsquo;hiver, selon la neige, nous organisons des promenades avec les raquettes de neige.<br \/>\nLe d\u00e9part pour les promenades sera depuis Desulo, Aritzo ou Fonni, qui sont les centres les plus proches aux montagnes.<br \/>\nCette exp\u00e9rience sur les monts du Gennargentu veut vous accompagner \u00e0 l&rsquo;usage des raquettes de neige tout en connaissant les paysages sous la neige. On vivra une journ\u00e9e amusante dans les montagnes de Sardaigne.<\/p>\n<p>&nbsp;<\/p>\n<h2>\u00c0 quoi s\u2019attendre<\/h2>\n<p>Tour guid\u00e9 par des guides professionnels locaux qui habitent le village<br \/>\nRandonn\u00e9es sur la montagne du Gennargentu<br \/>\nSupport pour les raquettes de neige<br \/>\nD\u00e9gustation de produits locaux sur demande<br \/>\nTransfert en 4&#215;4 sur demande<br \/>\n&nbsp;<\/p>\n<h2>Qu\u2019est-ce qu\u2019il est inclus?<\/h2>\n<p>Service de guidage par des guides de montagne pendant tout le voyage<br \/>\nRandonn\u00e9e sur le Gennargentu<br \/>\nRaquettes de neige et b\u00e2tons<br \/>\nTransfert en 4&#215;4 Land Rover<br \/>\nAssurances<\/p>\n<\/div>\n<\/div>\n<\/div>\n<\/div>\n","protected":false},"featured_media":2253,"comment_status":"open","ping_status":"closed","template":"","meta":{"site-sidebar-layout":"default","site-content-layout":"","ast-site-content-layout":"default","site-content-style":"default","site-sidebar-style":"default","ast-global-header-display":"","ast-banner-title-visibility":"","ast-main-header-display":"","ast-hfb-above-header-display":"","ast-hfb-below-header-display":"","ast-hfb-mobile-header-display":"","site-post-title":"","ast-breadcrumbs-content":"","ast-featured-img":"","footer-sml-layout":"","theme-transparent-header-meta":"default","adv-header-id-meta":"","stick-header-meta":"","header-above-stick-meta":"","header-main-stick-meta":"","header-below-stick-meta":"","astra-migrate-meta-layouts":"default","ast-page-background-enabled":"default","ast-page-background-meta":{"desktop":{"background-color":"var(--ast-global-color-4)","background-image":"","background-repeat":"repeat","background-position":"center center","background-size":"auto","background-attachment":"scroll","background-type":"","background-media":"","overlay-type":"","overlay-color":"","overlay-opacity":"","overlay-gradient":""},"tablet":{"background-color":"","background-image":"","background-repeat":"repeat","background-position":"center center","background-size":"auto","background-attachment":"scroll","background-type":"","background-media":"","overlay-type":"","overlay-color":"","overlay-opacity":"","overlay-gradient":""},"mobile":{"background-color":"","background-image":"","background-repeat":"repeat","background-position":"center center","background-size":"auto","background-attachment":"scroll","background-type":"","background-media":"","overlay-type":"","overlay-color":"","overlay-opacity":"","overlay-gradient":""}},"ast-content-background-meta":{"desktop":{"background-color":"var(--ast-global-color-5)","background-image":"","background-repeat":"repeat","background-position":"center center","background-size":"auto","background-attachment":"scroll","background-type":"","background-media":"","overlay-type":"","overlay-color":"","overlay-opacity":"","overlay-gradient":""},"tablet":{"background-color":"var(--ast-global-color-5)","background-image":"","background-repeat":"repeat","background-position":"center center","background-size":"auto","background-attachment":"scroll","background-type":"","background-media":"","overlay-type":"","overlay-color":"","overlay-opacity":"","overlay-gradient":""},"mobile":{"background-color":"var(--ast-global-color-5)","background-image":"","background-repeat":"repeat","background-position":"center center","background-size":"auto","background-attachment":"scroll","background-type":"","background-media":"","overlay-type":"","overlay-color":"","overlay-opacity":"","overlay-gradient":""}}},"product_cat":[60],"product_tag":[],"class_list":{"0":"post-2251","1":"product","2":"type-product","3":"status-publish","4":"has-post-thumbnail","6":"product_cat-trekking-fr","7":"desktop-align-left","8":"tablet-align-left","9":"mobile-align-left","11":"first","12":"instock","13":"virtual","14":"purchasable","15":"product-type-simple"},"yoast_head":"<!-- This site is optimized with the Yoast SEO plugin v24.0 - https:\/\/yoast.com\/wordpress\/plugins\/seo\/ -->\n<title>Sur le Gennargentu avec les raquettes de neige - Your Sardinia Experience<\/title>\n<meta name=\"robots\" content=\"index, follow, max-snippet:-1, max-image-preview:large, max-video-preview:-1\" \/>\n<link rel=\"canonical\" href=\"https:\/\/www.yoursardiniaexperience.it\/fr\/prodotto\/sur-le-gennargentu-avec-les-raquettes-de-neige\/\" \/>\n<meta property=\"og:locale\" content=\"fr_FR\" \/>\n<meta property=\"og:type\" content=\"article\" \/>\n<meta property=\"og:title\" content=\"Sur le Gennargentu avec les raquettes de neige - Your Sardinia Experience\" \/>\n<meta property=\"og:description\" content=\"\ud83d\udccc Perdas Crapias Desulo, Arzana | Bruncu Spina, Fonni. \ud83d\udcc6 D\u00e8s Novembre \u00e0 Mars selon la neige et la saison \ud83d\udc6a Min 2 personnes \ud83d\udd5c Dur\u00e9e de 6 heures \ud83d\udcb0 \u20ac 50,00 par personne avec le transfert en Land Rover et la location des raquettes de neige \ud83d\udcb0 \u20ac 35,00 par personne avec votre voiture et location des raquettes de neige \ud83d\udcb0 \u20ac 20,00 par personne avec votre voiture et vos raquettes de neige \ud83d\ude90 Tour priv\u00e9 et transport sur demande  &nbsp;  Description   Pendant l&#039;hiver, selon la neige, nous organisons des promenades avec les raquettes de neige. Le d\u00e9part pour les promenades sera depuis Desulo, Aritzo ou Fonni, qui sont les centres les plus proches aux montagnes. Cette exp\u00e9rience sur les monts du Gennargentu veut vous accompagner \u00e0 l&#039;usage des raquettes de neige tout en connaissant les paysages sous la neige. On vivra une journ\u00e9e amusante dans les montagnes de Sardaigne. &nbsp; \u00c0 quoi s\u2019attendre Tour guid\u00e9 par des guides professionnels locaux qui habitent le village Randonn\u00e9es sur la montagne du Gennargentu Support pour les raquettes de neige D\u00e9gustation de produits locaux sur demande Transfert en 4x4 sur demande &nbsp; Qu\u2019est-ce qu\u2019il est inclus? Service de guidage par des guides de montagne pendant tout le voyage Randonn\u00e9e sur le Gennargentu Raquettes de neige et b\u00e2tons Transfert en 4x4 Land Rover Assurances\" \/>\n<meta property=\"og:url\" content=\"https:\/\/www.yoursardiniaexperience.it\/fr\/prodotto\/sur-le-gennargentu-avec-les-raquettes-de-neige\/\" \/>\n<meta property=\"og:site_name\" content=\"Your Sardinia Experience\" \/>\n<meta property=\"og:image\" content=\"https:\/\/www.yoursardiniaexperience.it\/wp-content\/uploads\/2024\/03\/8-Ciaspolata-sul-Gennargentu-scaled-e1711634502106.jpg\" \/>\n\t<meta property=\"og:image:width\" content=\"1924\" \/>\n\t<meta property=\"og:image:height\" content=\"1924\" \/>\n\t<meta property=\"og:image:type\" content=\"image\/jpeg\" \/>\n<meta name=\"twitter:card\" content=\"summary_large_image\" \/>\n<script type=\"application\/ld+json\" class=\"yoast-schema-graph\">{\"@context\":\"https:\/\/schema.org\",\"@graph\":[{\"@type\":\"WebPage\",\"@id\":\"https:\/\/www.yoursardiniaexperience.it\/fr\/prodotto\/sur-le-gennargentu-avec-les-raquettes-de-neige\/\",\"url\":\"https:\/\/www.yoursardiniaexperience.it\/fr\/prodotto\/sur-le-gennargentu-avec-les-raquettes-de-neige\/\",\"name\":\"Sur le Gennargentu avec les raquettes de neige - Your Sardinia Experience\",\"isPartOf\":{\"@id\":\"https:\/\/www.yoursardiniaexperience.it\/fr\/#website\"},\"primaryImageOfPage\":{\"@id\":\"https:\/\/www.yoursardiniaexperience.it\/fr\/prodotto\/sur-le-gennargentu-avec-les-raquettes-de-neige\/#primaryimage\"},\"image\":{\"@id\":\"https:\/\/www.yoursardiniaexperience.it\/fr\/prodotto\/sur-le-gennargentu-avec-les-raquettes-de-neige\/#primaryimage\"},\"thumbnailUrl\":\"https:\/\/www.yoursardiniaexperience.it\/wp-content\/uploads\/2024\/03\/8-Ciaspolata-sul-Gennargentu-scaled-e1711634502106.jpg\",\"datePublished\":\"2024-03-28T14:01:54+00:00\",\"dateModified\":\"2024-03-28T14:01:54+00:00\",\"breadcrumb\":{\"@id\":\"https:\/\/www.yoursardiniaexperience.it\/fr\/prodotto\/sur-le-gennargentu-avec-les-raquettes-de-neige\/#breadcrumb\"},\"inLanguage\":\"fr-FR\",\"potentialAction\":[{\"@type\":\"ReadAction\",\"target\":[\"https:\/\/www.yoursardiniaexperience.it\/fr\/prodotto\/sur-le-gennargentu-avec-les-raquettes-de-neige\/\"]}]},{\"@type\":\"ImageObject\",\"inLanguage\":\"fr-FR\",\"@id\":\"https:\/\/www.yoursardiniaexperience.it\/fr\/prodotto\/sur-le-gennargentu-avec-les-raquettes-de-neige\/#primaryimage\",\"url\":\"https:\/\/www.yoursardiniaexperience.it\/wp-content\/uploads\/2024\/03\/8-Ciaspolata-sul-Gennargentu-scaled-e1711634502106.jpg\",\"contentUrl\":\"https:\/\/www.yoursardiniaexperience.it\/wp-content\/uploads\/2024\/03\/8-Ciaspolata-sul-Gennargentu-scaled-e1711634502106.jpg\",\"width\":1924,\"height\":1924},{\"@type\":\"BreadcrumbList\",\"@id\":\"https:\/\/www.yoursardiniaexperience.it\/fr\/prodotto\/sur-le-gennargentu-avec-les-raquettes-de-neige\/#breadcrumb\",\"itemListElement\":[{\"@type\":\"ListItem\",\"position\":1,\"name\":\"Home\",\"item\":\"https:\/\/www.yoursardiniaexperience.it\/fr\/\"},{\"@type\":\"ListItem\",\"position\":2,\"name\":\"Produits\",\"item\":\"https:\/\/www.yoursardiniaexperience.it\/fr\/shop\/\"},{\"@type\":\"ListItem\",\"position\":3,\"name\":\"Sur le Gennargentu avec les raquettes de neige\"}]},{\"@type\":\"WebSite\",\"@id\":\"https:\/\/www.yoursardiniaexperience.it\/fr\/#website\",\"url\":\"https:\/\/www.yoursardiniaexperience.it\/fr\/\",\"name\":\"Your Sardinia Experience\",\"description\":\"Scopri il cuore dell'isola pi&ugrave; selvaggia\",\"publisher\":{\"@id\":\"https:\/\/www.yoursardiniaexperience.it\/fr\/#organization\"},\"potentialAction\":[{\"@type\":\"SearchAction\",\"target\":{\"@type\":\"EntryPoint\",\"urlTemplate\":\"https:\/\/www.yoursardiniaexperience.it\/fr\/?s={search_term_string}\"},\"query-input\":{\"@type\":\"PropertyValueSpecification\",\"valueRequired\":true,\"valueName\":\"search_term_string\"}}],\"inLanguage\":\"fr-FR\"},{\"@type\":\"Organization\",\"@id\":\"https:\/\/www.yoursardiniaexperience.it\/fr\/#organization\",\"name\":\"Your Sardinia Experience\",\"url\":\"https:\/\/www.yoursardiniaexperience.it\/fr\/\",\"logo\":{\"@type\":\"ImageObject\",\"inLanguage\":\"fr-FR\",\"@id\":\"https:\/\/www.yoursardiniaexperience.it\/fr\/#\/schema\/logo\/image\/\",\"url\":\"https:\/\/www.yoursardiniaexperience.it\/wp-content\/uploads\/2024\/04\/cropped-cropped-SITOYOUR-piccolo.png\",\"contentUrl\":\"https:\/\/www.yoursardiniaexperience.it\/wp-content\/uploads\/2024\/04\/cropped-cropped-SITOYOUR-piccolo.png\",\"width\":512,\"height\":512,\"caption\":\"Your Sardinia Experience\"},\"image\":{\"@id\":\"https:\/\/www.yoursardiniaexperience.it\/fr\/#\/schema\/logo\/image\/\"}}]}<\/script>\n<!-- \/ Yoast SEO plugin. -->","yoast_head_json":{"title":"Sur le Gennargentu avec les raquettes de neige - Your Sardinia Experience","robots":{"index":"index","follow":"follow","max-snippet":"max-snippet:-1","max-image-preview":"max-image-preview:large","max-video-preview":"max-video-preview:-1"},"canonical":"https:\/\/www.yoursardiniaexperience.it\/fr\/prodotto\/sur-le-gennargentu-avec-les-raquettes-de-neige\/","og_locale":"fr_FR","og_type":"article","og_title":"Sur le Gennargentu avec les raquettes de neige - Your Sardinia Experience","og_description":"\ud83d\udccc Perdas Crapias Desulo, Arzana | Bruncu Spina, Fonni. \ud83d\udcc6 D\u00e8s Novembre \u00e0 Mars selon la neige et la saison \ud83d\udc6a Min 2 personnes \ud83d\udd5c Dur\u00e9e de 6 heures \ud83d\udcb0 \u20ac 50,00 par personne avec le transfert en Land Rover et la location des raquettes de neige \ud83d\udcb0 \u20ac 35,00 par personne avec votre voiture et location des raquettes de neige \ud83d\udcb0 \u20ac 20,00 par personne avec votre voiture et vos raquettes de neige \ud83d\ude90 Tour priv\u00e9 et transport sur demande  &nbsp;  Description   Pendant l'hiver, selon la neige, nous organisons des promenades avec les raquettes de neige. Le d\u00e9part pour les promenades sera depuis Desulo, Aritzo ou Fonni, qui sont les centres les plus proches aux montagnes. Cette exp\u00e9rience sur les monts du Gennargentu veut vous accompagner \u00e0 l'usage des raquettes de neige tout en connaissant les paysages sous la neige. On vivra une journ\u00e9e amusante dans les montagnes de Sardaigne. &nbsp; \u00c0 quoi s\u2019attendre Tour guid\u00e9 par des guides professionnels locaux qui habitent le village Randonn\u00e9es sur la montagne du Gennargentu Support pour les raquettes de neige D\u00e9gustation de produits locaux sur demande Transfert en 4x4 sur demande &nbsp; Qu\u2019est-ce qu\u2019il est inclus? Service de guidage par des guides de montagne pendant tout le voyage Randonn\u00e9e sur le Gennargentu Raquettes de neige et b\u00e2tons Transfert en 4x4 Land Rover Assurances","og_url":"https:\/\/www.yoursardiniaexperience.it\/fr\/prodotto\/sur-le-gennargentu-avec-les-raquettes-de-neige\/","og_site_name":"Your Sardinia Experience","og_image":[{"width":1924,"height":1924,"url":"https:\/\/www.yoursardiniaexperience.it\/wp-content\/uploads\/2024\/03\/8-Ciaspolata-sul-Gennargentu-scaled-e1711634502106.jpg","type":"image\/jpeg"}],"twitter_card":"summary_large_image","schema":{"@context":"https:\/\/schema.org","@graph":[{"@type":"WebPage","@id":"https:\/\/www.yoursardiniaexperience.it\/fr\/prodotto\/sur-le-gennargentu-avec-les-raquettes-de-neige\/","url":"https:\/\/www.yoursardiniaexperience.it\/fr\/prodotto\/sur-le-gennargentu-avec-les-raquettes-de-neige\/","name":"Sur le Gennargentu avec les raquettes de neige - Your Sardinia Experience","isPartOf":{"@id":"https:\/\/www.yoursardiniaexperience.it\/fr\/#website"},"primaryImageOfPage":{"@id":"https:\/\/www.yoursardiniaexperience.it\/fr\/prodotto\/sur-le-gennargentu-avec-les-raquettes-de-neige\/#primaryimage"},"image":{"@id":"https:\/\/www.yoursardiniaexperience.it\/fr\/prodotto\/sur-le-gennargentu-avec-les-raquettes-de-neige\/#primaryimage"},"thumbnailUrl":"https:\/\/www.yoursardiniaexperience.it\/wp-content\/uploads\/2024\/03\/8-Ciaspolata-sul-Gennargentu-scaled-e1711634502106.jpg","datePublished":"2024-03-28T14:01:54+00:00","dateModified":"2024-03-28T14:01:54+00:00","breadcrumb":{"@id":"https:\/\/www.yoursardiniaexperience.it\/fr\/prodotto\/sur-le-gennargentu-avec-les-raquettes-de-neige\/#breadcrumb"},"inLanguage":"fr-FR","potentialAction":[{"@type":"ReadAction","target":["https:\/\/www.yoursardiniaexperience.it\/fr\/prodotto\/sur-le-gennargentu-avec-les-raquettes-de-neige\/"]}]},{"@type":"ImageObject","inLanguage":"fr-FR","@id":"https:\/\/www.yoursardiniaexperience.it\/fr\/prodotto\/sur-le-gennargentu-avec-les-raquettes-de-neige\/#primaryimage","url":"https:\/\/www.yoursardiniaexperience.it\/wp-content\/uploads\/2024\/03\/8-Ciaspolata-sul-Gennargentu-scaled-e1711634502106.jpg","contentUrl":"https:\/\/www.yoursardiniaexperience.it\/wp-content\/uploads\/2024\/03\/8-Ciaspolata-sul-Gennargentu-scaled-e1711634502106.jpg","width":1924,"height":1924},{"@type":"BreadcrumbList","@id":"https:\/\/www.yoursardiniaexperience.it\/fr\/prodotto\/sur-le-gennargentu-avec-les-raquettes-de-neige\/#breadcrumb","itemListElement":[{"@type":"ListItem","position":1,"name":"Home","item":"https:\/\/www.yoursardiniaexperience.it\/fr\/"},{"@type":"ListItem","position":2,"name":"Produits","item":"https:\/\/www.yoursardiniaexperience.it\/fr\/shop\/"},{"@type":"ListItem","position":3,"name":"Sur le Gennargentu avec les raquettes de neige"}]},{"@type":"WebSite","@id":"https:\/\/www.yoursardiniaexperience.it\/fr\/#website","url":"https:\/\/www.yoursardiniaexperience.it\/fr\/","name":"Your Sardinia Experience","description":"Scopri il cuore dell'isola pi&ugrave; selvaggia","publisher":{"@id":"https:\/\/www.yoursardiniaexperience.it\/fr\/#organization"},"potentialAction":[{"@type":"SearchAction","target":{"@type":"EntryPoint","urlTemplate":"https:\/\/www.yoursardiniaexperience.it\/fr\/?s={search_term_string}"},"query-input":{"@type":"PropertyValueSpecification","valueRequired":true,"valueName":"search_term_string"}}],"inLanguage":"fr-FR"},{"@type":"Organization","@id":"https:\/\/www.yoursardiniaexperience.it\/fr\/#organization","name":"Your Sardinia Experience","url":"https:\/\/www.yoursardiniaexperience.it\/fr\/","logo":{"@type":"ImageObject","inLanguage":"fr-FR","@id":"https:\/\/www.yoursardiniaexperience.it\/fr\/#\/schema\/logo\/image\/","url":"https:\/\/www.yoursardiniaexperience.it\/wp-content\/uploads\/2024\/04\/cropped-cropped-SITOYOUR-piccolo.png","contentUrl":"https:\/\/www.yoursardiniaexperience.it\/wp-content\/uploads\/2024\/04\/cropped-cropped-SITOYOUR-piccolo.png","width":512,"height":512,"caption":"Your Sardinia Experience"},"image":{"@id":"https:\/\/www.yoursardiniaexperience.it\/fr\/#\/schema\/logo\/image\/"}}]}},"jetpack_sharing_enabled":true,"_links":{"self":[{"href":"https:\/\/www.yoursardiniaexperience.it\/fr\/wp-json\/wp\/v2\/product\/2251","targetHints":{"allow":["GET"]}}],"collection":[{"href":"https:\/\/www.yoursardiniaexperience.it\/fr\/wp-json\/wp\/v2\/product"}],"about":[{"href":"https:\/\/www.yoursardiniaexperience.it\/fr\/wp-json\/wp\/v2\/types\/product"}],"replies":[{"embeddable":true,"href":"https:\/\/www.yoursardiniaexperience.it\/fr\/wp-json\/wp\/v2\/comments?post=2251"}],"wp:featuredmedia":[{"embeddable":true,"href":"https:\/\/www.yoursardiniaexperience.it\/fr\/wp-json\/wp\/v2\/media\/2253"}],"wp:attachment":[{"href":"https:\/\/www.yoursardiniaexperience.it\/fr\/wp-json\/wp\/v2\/media?parent=2251"}],"wp:term":[{"taxonomy":"product_cat","embeddable":true,"href":"https:\/\/www.yoursardiniaexperience.it\/fr\/wp-json\/wp\/v2\/product_cat?post=2251"},{"taxonomy":"product_tag","embeddable":true,"href":"https:\/\/www.yoursardiniaexperience.it\/fr\/wp-json\/wp\/v2\/product_tag?post=2251"}],"curies":[{"name":"wp","href":"https:\/\/api.w.org\/{rel}","templated":true}]}}