{"id":2254,"date":"2024-03-28T13:59:37","date_gmt":"2024-03-28T13:59:37","guid":{"rendered":"https:\/\/yoursardiniaexperience.montal.do\/prodotto\/apiculteur-pour-un-jour\/"},"modified":"2024-03-28T13:59:37","modified_gmt":"2024-03-28T13:59:37","slug":"apiculteur-pour-un-jour","status":"publish","type":"product","link":"https:\/\/www.yoursardiniaexperience.it\/fr\/prodotto\/apiculteur-pour-un-jour\/","title":{"rendered":"Apiculteur pour un jour"},"content":{"rendered":"<p>Apiculteur pour un jour dans la zone bleue de Sardaigne<\/p>\n","protected":false},"excerpt":{"rendered":"<div class=\"page\" title=\"Page 2\">\n<div class=\"section\">\n<div class=\"layoutArea\">\n<div class=\"column\">\n<p>\ud83d\udccc Aritzo, Barbagia.<br \/>\n\ud83d\udcc6 Disponible toute l\u2019ann\u00e9e<br \/>\n\ud83d\udc6a Min 2 personnes<br \/>\n\ud83d\udd5c Dur\u00e9e de 4 heures<br \/>\n\ud83d\udcb0 <strong>\u20ac 50,00 par personne<\/strong><br \/>\n\ud83d\ude90 Tour priv\u00e9 et transport sur demande<\/p>\n<\/div>\n<\/div>\n<p>&nbsp;<\/p>\n<div class=\"layoutArea\">\n<div class=\"column\">\n<h2>Description<\/h2>\n<\/div>\n<\/div>\n<div class=\"layoutArea\">\n<div class=\"column\">\n<p>L\u2019exp\u00e9rience d\u2019apiculteur pour un jour est un produit exp\u00e9rientiel qui vise \u00e0 vous mettre en contact direct avec le monde des abeilles et ceux qui le vivent chaque jour. L\u2019activit\u00e9 se d\u00e9roule autour de la campagne de propri\u00e9t\u00e9 o\u00f9 se trouvent les ruches et quand possible dans le laboratoire et notre vieille maison pour la d\u00e9gustation. Pendant l\u2019exp\u00e9rience vous pourrez d\u00e9couvrir toutes les curiosit\u00e9s autour des abeilles et leur royaume, avec une sensibilit\u00e9 particuli\u00e8re pour le r\u00f4le qui jouent pour la plan\u00e8te que l\u2019on habite.<br \/>\nEn suite d\u2019une promenade rurale on rejoindra les ruches de famille et on d\u00e9couvrira ce monde et notre entreprise familiale; apr\u00e8s il sera le moment de se prot\u00e9ger avec les combis d\u2019apiculteur et on visitera les ruches.<br \/>\nSi possible, une fois rentr\u00e9e au village, on visitera le laboratoire en prenant partie \u00e0 l\u2019activit\u00e9 du moment (\u00e9tant une activit\u00e9 tr\u00e8s li\u00e9e \u00e0 la saison et aux abeilles, selon le cas on pourra voir l\u2019extraction du miel ou la production del\u2019abbamele) Enfin pour conclure l\u2019exp\u00e9rience il y aura une d\u00e9gustation des diff\u00e9rentes vari\u00e9t\u00e9s de miel, en connaissant toutes les caract\u00e9ristiques et ses recettes inattendues.<br \/>\nSiete pronti a diventare apicoltore per un giorno?<\/p>\n<p>&nbsp;<\/p>\n<h2>\u00c0 quoi s\u2019attendre<\/h2>\n<p>Tour guid\u00e9 par des guides professionnels locaux qui habitent le village<br \/>\nUtilisation des combis d\u2019apiculteur<br \/>\nVisite et introduction sur le monde des abeilles<br \/>\nD\u00e9gustation de miel<\/p>\n<p>&nbsp;<\/p>\n<h2>Qu\u2019est-ce qu\u2019il est inclus?<\/h2>\n<p>Service des guides environnementales et touristiques<br \/>\nCombinaisons d\u2019apiculteur<br \/>\nD\u00e9gustation de miel<br \/>\nAssurance<\/p>\n<\/div>\n<\/div>\n<\/div>\n<\/div>\n","protected":false},"featured_media":2256,"comment_status":"open","ping_status":"closed","template":"","meta":{"site-sidebar-layout":"default","site-content-layout":"","ast-site-content-layout":"default","site-content-style":"default","site-sidebar-style":"default","ast-global-header-display":"","ast-banner-title-visibility":"","ast-main-header-display":"","ast-hfb-above-header-display":"","ast-hfb-below-header-display":"","ast-hfb-mobile-header-display":"","site-post-title":"","ast-breadcrumbs-content":"","ast-featured-img":"","footer-sml-layout":"","theme-transparent-header-meta":"default","adv-header-id-meta":"","stick-header-meta":"","header-above-stick-meta":"","header-main-stick-meta":"","header-below-stick-meta":"","astra-migrate-meta-layouts":"default","ast-page-background-enabled":"default","ast-page-background-meta":{"desktop":{"background-color":"var(--ast-global-color-4)","background-image":"","background-repeat":"repeat","background-position":"center center","background-size":"auto","background-attachment":"scroll","background-type":"","background-media":"","overlay-type":"","overlay-color":"","overlay-opacity":"","overlay-gradient":""},"tablet":{"background-color":"","background-image":"","background-repeat":"repeat","background-position":"center center","background-size":"auto","background-attachment":"scroll","background-type":"","background-media":"","overlay-type":"","overlay-color":"","overlay-opacity":"","overlay-gradient":""},"mobile":{"background-color":"","background-image":"","background-repeat":"repeat","background-position":"center center","background-size":"auto","background-attachment":"scroll","background-type":"","background-media":"","overlay-type":"","overlay-color":"","overlay-opacity":"","overlay-gradient":""}},"ast-content-background-meta":{"desktop":{"background-color":"var(--ast-global-color-5)","background-image":"","background-repeat":"repeat","background-position":"center center","background-size":"auto","background-attachment":"scroll","background-type":"","background-media":"","overlay-type":"","overlay-color":"","overlay-opacity":"","overlay-gradient":""},"tablet":{"background-color":"var(--ast-global-color-5)","background-image":"","background-repeat":"repeat","background-position":"center center","background-size":"auto","background-attachment":"scroll","background-type":"","background-media":"","overlay-type":"","overlay-color":"","overlay-opacity":"","overlay-gradient":""},"mobile":{"background-color":"var(--ast-global-color-5)","background-image":"","background-repeat":"repeat","background-position":"center center","background-size":"auto","background-attachment":"scroll","background-type":"","background-media":"","overlay-type":"","overlay-color":"","overlay-opacity":"","overlay-gradient":""}}},"product_cat":[61],"product_tag":[],"class_list":{"0":"post-2254","1":"product","2":"type-product","3":"status-publish","4":"has-post-thumbnail","6":"product_cat-cuisine","7":"desktop-align-left","8":"tablet-align-left","9":"mobile-align-left","11":"first","12":"instock","13":"virtual","14":"purchasable","15":"product-type-simple"},"yoast_head":"<!-- This site is optimized with the Yoast SEO plugin v24.0 - https:\/\/yoast.com\/wordpress\/plugins\/seo\/ -->\n<title>Apiculteur pour un jour - Your Sardinia Experience<\/title>\n<meta name=\"robots\" content=\"index, follow, max-snippet:-1, max-image-preview:large, max-video-preview:-1\" \/>\n<link rel=\"canonical\" href=\"https:\/\/www.yoursardiniaexperience.it\/fr\/prodotto\/apiculteur-pour-un-jour\/\" \/>\n<meta property=\"og:locale\" content=\"fr_FR\" \/>\n<meta property=\"og:type\" content=\"article\" \/>\n<meta property=\"og:title\" content=\"Apiculteur pour un jour - Your Sardinia Experience\" \/>\n<meta property=\"og:description\" content=\"\ud83d\udccc Aritzo, Barbagia. \ud83d\udcc6 Disponible toute l\u2019ann\u00e9e \ud83d\udc6a Min 2 personnes \ud83d\udd5c Dur\u00e9e de 4 heures \ud83d\udcb0 \u20ac 50,00 par personne \ud83d\ude90 Tour priv\u00e9 et transport sur demande  &nbsp;  Description   L\u2019exp\u00e9rience d\u2019apiculteur pour un jour est un produit exp\u00e9rientiel qui vise \u00e0 vous mettre en contact direct avec le monde des abeilles et ceux qui le vivent chaque jour. L\u2019activit\u00e9 se d\u00e9roule autour de la campagne de propri\u00e9t\u00e9 o\u00f9 se trouvent les ruches et quand possible dans le laboratoire et notre vieille maison pour la d\u00e9gustation. Pendant l\u2019exp\u00e9rience vous pourrez d\u00e9couvrir toutes les curiosit\u00e9s autour des abeilles et leur royaume, avec une sensibilit\u00e9 particuli\u00e8re pour le r\u00f4le qui jouent pour la plan\u00e8te que l\u2019on habite. En suite d\u2019une promenade rurale on rejoindra les ruches de famille et on d\u00e9couvrira ce monde et notre entreprise familiale; apr\u00e8s il sera le moment de se prot\u00e9ger avec les combis d\u2019apiculteur et on visitera les ruches. Si possible, une fois rentr\u00e9e au village, on visitera le laboratoire en prenant partie \u00e0 l\u2019activit\u00e9 du moment (\u00e9tant une activit\u00e9 tr\u00e8s li\u00e9e \u00e0 la saison et aux abeilles, selon le cas on pourra voir l\u2019extraction du miel ou la production del\u2019abbamele) Enfin pour conclure l\u2019exp\u00e9rience il y aura une d\u00e9gustation des diff\u00e9rentes vari\u00e9t\u00e9s de miel, en connaissant toutes les caract\u00e9ristiques et ses recettes inattendues. Siete pronti a diventare apicoltore per un giorno? &nbsp; \u00c0 quoi s\u2019attendre Tour guid\u00e9 par des guides professionnels locaux qui habitent le village Utilisation des combis d\u2019apiculteur Visite et introduction sur le monde des abeilles D\u00e9gustation de miel &nbsp; Qu\u2019est-ce qu\u2019il est inclus? Service des guides environnementales et touristiques Combinaisons d\u2019apiculteur D\u00e9gustation de miel Assurance\" \/>\n<meta property=\"og:url\" content=\"https:\/\/www.yoursardiniaexperience.it\/fr\/prodotto\/apiculteur-pour-un-jour\/\" \/>\n<meta property=\"og:site_name\" content=\"Your Sardinia Experience\" \/>\n<meta property=\"og:image\" content=\"https:\/\/www.yoursardiniaexperience.it\/wp-content\/uploads\/2024\/03\/7-Apicoltore-per-un-giorno-2-1-scaled-e1711634358419.jpg\" \/>\n\t<meta property=\"og:image:width\" content=\"1920\" \/>\n\t<meta property=\"og:image:height\" content=\"1920\" \/>\n\t<meta property=\"og:image:type\" content=\"image\/jpeg\" \/>\n<meta name=\"twitter:card\" content=\"summary_large_image\" \/>\n<script type=\"application\/ld+json\" class=\"yoast-schema-graph\">{\"@context\":\"https:\/\/schema.org\",\"@graph\":[{\"@type\":\"WebPage\",\"@id\":\"https:\/\/www.yoursardiniaexperience.it\/fr\/prodotto\/apiculteur-pour-un-jour\/\",\"url\":\"https:\/\/www.yoursardiniaexperience.it\/fr\/prodotto\/apiculteur-pour-un-jour\/\",\"name\":\"Apiculteur pour un jour - Your Sardinia Experience\",\"isPartOf\":{\"@id\":\"https:\/\/www.yoursardiniaexperience.it\/fr\/#website\"},\"primaryImageOfPage\":{\"@id\":\"https:\/\/www.yoursardiniaexperience.it\/fr\/prodotto\/apiculteur-pour-un-jour\/#primaryimage\"},\"image\":{\"@id\":\"https:\/\/www.yoursardiniaexperience.it\/fr\/prodotto\/apiculteur-pour-un-jour\/#primaryimage\"},\"thumbnailUrl\":\"https:\/\/www.yoursardiniaexperience.it\/wp-content\/uploads\/2024\/03\/7-Apicoltore-per-un-giorno-2-1-scaled-e1711634358419.jpg\",\"datePublished\":\"2024-03-28T13:59:37+00:00\",\"dateModified\":\"2024-03-28T13:59:37+00:00\",\"breadcrumb\":{\"@id\":\"https:\/\/www.yoursardiniaexperience.it\/fr\/prodotto\/apiculteur-pour-un-jour\/#breadcrumb\"},\"inLanguage\":\"fr-FR\",\"potentialAction\":[{\"@type\":\"ReadAction\",\"target\":[\"https:\/\/www.yoursardiniaexperience.it\/fr\/prodotto\/apiculteur-pour-un-jour\/\"]}]},{\"@type\":\"ImageObject\",\"inLanguage\":\"fr-FR\",\"@id\":\"https:\/\/www.yoursardiniaexperience.it\/fr\/prodotto\/apiculteur-pour-un-jour\/#primaryimage\",\"url\":\"https:\/\/www.yoursardiniaexperience.it\/wp-content\/uploads\/2024\/03\/7-Apicoltore-per-un-giorno-2-1-scaled-e1711634358419.jpg\",\"contentUrl\":\"https:\/\/www.yoursardiniaexperience.it\/wp-content\/uploads\/2024\/03\/7-Apicoltore-per-un-giorno-2-1-scaled-e1711634358419.jpg\",\"width\":1920,\"height\":1920},{\"@type\":\"BreadcrumbList\",\"@id\":\"https:\/\/www.yoursardiniaexperience.it\/fr\/prodotto\/apiculteur-pour-un-jour\/#breadcrumb\",\"itemListElement\":[{\"@type\":\"ListItem\",\"position\":1,\"name\":\"Home\",\"item\":\"https:\/\/www.yoursardiniaexperience.it\/fr\/\"},{\"@type\":\"ListItem\",\"position\":2,\"name\":\"Produits\",\"item\":\"https:\/\/www.yoursardiniaexperience.it\/fr\/shop\/\"},{\"@type\":\"ListItem\",\"position\":3,\"name\":\"Apiculteur pour un jour\"}]},{\"@type\":\"WebSite\",\"@id\":\"https:\/\/www.yoursardiniaexperience.it\/fr\/#website\",\"url\":\"https:\/\/www.yoursardiniaexperience.it\/fr\/\",\"name\":\"Your Sardinia Experience\",\"description\":\"Scopri il cuore dell'isola pi&ugrave; selvaggia\",\"publisher\":{\"@id\":\"https:\/\/www.yoursardiniaexperience.it\/fr\/#organization\"},\"potentialAction\":[{\"@type\":\"SearchAction\",\"target\":{\"@type\":\"EntryPoint\",\"urlTemplate\":\"https:\/\/www.yoursardiniaexperience.it\/fr\/?s={search_term_string}\"},\"query-input\":{\"@type\":\"PropertyValueSpecification\",\"valueRequired\":true,\"valueName\":\"search_term_string\"}}],\"inLanguage\":\"fr-FR\"},{\"@type\":\"Organization\",\"@id\":\"https:\/\/www.yoursardiniaexperience.it\/fr\/#organization\",\"name\":\"Your Sardinia Experience\",\"url\":\"https:\/\/www.yoursardiniaexperience.it\/fr\/\",\"logo\":{\"@type\":\"ImageObject\",\"inLanguage\":\"fr-FR\",\"@id\":\"https:\/\/www.yoursardiniaexperience.it\/fr\/#\/schema\/logo\/image\/\",\"url\":\"https:\/\/www.yoursardiniaexperience.it\/wp-content\/uploads\/2024\/04\/cropped-cropped-SITOYOUR-piccolo.png\",\"contentUrl\":\"https:\/\/www.yoursardiniaexperience.it\/wp-content\/uploads\/2024\/04\/cropped-cropped-SITOYOUR-piccolo.png\",\"width\":512,\"height\":512,\"caption\":\"Your Sardinia Experience\"},\"image\":{\"@id\":\"https:\/\/www.yoursardiniaexperience.it\/fr\/#\/schema\/logo\/image\/\"}}]}<\/script>\n<!-- \/ Yoast SEO plugin. -->","yoast_head_json":{"title":"Apiculteur pour un jour - Your Sardinia Experience","robots":{"index":"index","follow":"follow","max-snippet":"max-snippet:-1","max-image-preview":"max-image-preview:large","max-video-preview":"max-video-preview:-1"},"canonical":"https:\/\/www.yoursardiniaexperience.it\/fr\/prodotto\/apiculteur-pour-un-jour\/","og_locale":"fr_FR","og_type":"article","og_title":"Apiculteur pour un jour - Your Sardinia Experience","og_description":"\ud83d\udccc Aritzo, Barbagia. \ud83d\udcc6 Disponible toute l\u2019ann\u00e9e \ud83d\udc6a Min 2 personnes \ud83d\udd5c Dur\u00e9e de 4 heures \ud83d\udcb0 \u20ac 50,00 par personne \ud83d\ude90 Tour priv\u00e9 et transport sur demande  &nbsp;  Description   L\u2019exp\u00e9rience d\u2019apiculteur pour un jour est un produit exp\u00e9rientiel qui vise \u00e0 vous mettre en contact direct avec le monde des abeilles et ceux qui le vivent chaque jour. L\u2019activit\u00e9 se d\u00e9roule autour de la campagne de propri\u00e9t\u00e9 o\u00f9 se trouvent les ruches et quand possible dans le laboratoire et notre vieille maison pour la d\u00e9gustation. Pendant l\u2019exp\u00e9rience vous pourrez d\u00e9couvrir toutes les curiosit\u00e9s autour des abeilles et leur royaume, avec une sensibilit\u00e9 particuli\u00e8re pour le r\u00f4le qui jouent pour la plan\u00e8te que l\u2019on habite. En suite d\u2019une promenade rurale on rejoindra les ruches de famille et on d\u00e9couvrira ce monde et notre entreprise familiale; apr\u00e8s il sera le moment de se prot\u00e9ger avec les combis d\u2019apiculteur et on visitera les ruches. Si possible, une fois rentr\u00e9e au village, on visitera le laboratoire en prenant partie \u00e0 l\u2019activit\u00e9 du moment (\u00e9tant une activit\u00e9 tr\u00e8s li\u00e9e \u00e0 la saison et aux abeilles, selon le cas on pourra voir l\u2019extraction du miel ou la production del\u2019abbamele) Enfin pour conclure l\u2019exp\u00e9rience il y aura une d\u00e9gustation des diff\u00e9rentes vari\u00e9t\u00e9s de miel, en connaissant toutes les caract\u00e9ristiques et ses recettes inattendues. Siete pronti a diventare apicoltore per un giorno? &nbsp; \u00c0 quoi s\u2019attendre Tour guid\u00e9 par des guides professionnels locaux qui habitent le village Utilisation des combis d\u2019apiculteur Visite et introduction sur le monde des abeilles D\u00e9gustation de miel &nbsp; Qu\u2019est-ce qu\u2019il est inclus? Service des guides environnementales et touristiques Combinaisons d\u2019apiculteur D\u00e9gustation de miel Assurance","og_url":"https:\/\/www.yoursardiniaexperience.it\/fr\/prodotto\/apiculteur-pour-un-jour\/","og_site_name":"Your Sardinia Experience","og_image":[{"width":1920,"height":1920,"url":"https:\/\/www.yoursardiniaexperience.it\/wp-content\/uploads\/2024\/03\/7-Apicoltore-per-un-giorno-2-1-scaled-e1711634358419.jpg","type":"image\/jpeg"}],"twitter_card":"summary_large_image","schema":{"@context":"https:\/\/schema.org","@graph":[{"@type":"WebPage","@id":"https:\/\/www.yoursardiniaexperience.it\/fr\/prodotto\/apiculteur-pour-un-jour\/","url":"https:\/\/www.yoursardiniaexperience.it\/fr\/prodotto\/apiculteur-pour-un-jour\/","name":"Apiculteur pour un jour - Your Sardinia Experience","isPartOf":{"@id":"https:\/\/www.yoursardiniaexperience.it\/fr\/#website"},"primaryImageOfPage":{"@id":"https:\/\/www.yoursardiniaexperience.it\/fr\/prodotto\/apiculteur-pour-un-jour\/#primaryimage"},"image":{"@id":"https:\/\/www.yoursardiniaexperience.it\/fr\/prodotto\/apiculteur-pour-un-jour\/#primaryimage"},"thumbnailUrl":"https:\/\/www.yoursardiniaexperience.it\/wp-content\/uploads\/2024\/03\/7-Apicoltore-per-un-giorno-2-1-scaled-e1711634358419.jpg","datePublished":"2024-03-28T13:59:37+00:00","dateModified":"2024-03-28T13:59:37+00:00","breadcrumb":{"@id":"https:\/\/www.yoursardiniaexperience.it\/fr\/prodotto\/apiculteur-pour-un-jour\/#breadcrumb"},"inLanguage":"fr-FR","potentialAction":[{"@type":"ReadAction","target":["https:\/\/www.yoursardiniaexperience.it\/fr\/prodotto\/apiculteur-pour-un-jour\/"]}]},{"@type":"ImageObject","inLanguage":"fr-FR","@id":"https:\/\/www.yoursardiniaexperience.it\/fr\/prodotto\/apiculteur-pour-un-jour\/#primaryimage","url":"https:\/\/www.yoursardiniaexperience.it\/wp-content\/uploads\/2024\/03\/7-Apicoltore-per-un-giorno-2-1-scaled-e1711634358419.jpg","contentUrl":"https:\/\/www.yoursardiniaexperience.it\/wp-content\/uploads\/2024\/03\/7-Apicoltore-per-un-giorno-2-1-scaled-e1711634358419.jpg","width":1920,"height":1920},{"@type":"BreadcrumbList","@id":"https:\/\/www.yoursardiniaexperience.it\/fr\/prodotto\/apiculteur-pour-un-jour\/#breadcrumb","itemListElement":[{"@type":"ListItem","position":1,"name":"Home","item":"https:\/\/www.yoursardiniaexperience.it\/fr\/"},{"@type":"ListItem","position":2,"name":"Produits","item":"https:\/\/www.yoursardiniaexperience.it\/fr\/shop\/"},{"@type":"ListItem","position":3,"name":"Apiculteur pour un jour"}]},{"@type":"WebSite","@id":"https:\/\/www.yoursardiniaexperience.it\/fr\/#website","url":"https:\/\/www.yoursardiniaexperience.it\/fr\/","name":"Your Sardinia Experience","description":"Scopri il cuore dell'isola pi&ugrave; selvaggia","publisher":{"@id":"https:\/\/www.yoursardiniaexperience.it\/fr\/#organization"},"potentialAction":[{"@type":"SearchAction","target":{"@type":"EntryPoint","urlTemplate":"https:\/\/www.yoursardiniaexperience.it\/fr\/?s={search_term_string}"},"query-input":{"@type":"PropertyValueSpecification","valueRequired":true,"valueName":"search_term_string"}}],"inLanguage":"fr-FR"},{"@type":"Organization","@id":"https:\/\/www.yoursardiniaexperience.it\/fr\/#organization","name":"Your Sardinia Experience","url":"https:\/\/www.yoursardiniaexperience.it\/fr\/","logo":{"@type":"ImageObject","inLanguage":"fr-FR","@id":"https:\/\/www.yoursardiniaexperience.it\/fr\/#\/schema\/logo\/image\/","url":"https:\/\/www.yoursardiniaexperience.it\/wp-content\/uploads\/2024\/04\/cropped-cropped-SITOYOUR-piccolo.png","contentUrl":"https:\/\/www.yoursardiniaexperience.it\/wp-content\/uploads\/2024\/04\/cropped-cropped-SITOYOUR-piccolo.png","width":512,"height":512,"caption":"Your Sardinia Experience"},"image":{"@id":"https:\/\/www.yoursardiniaexperience.it\/fr\/#\/schema\/logo\/image\/"}}]}},"jetpack_sharing_enabled":true,"_links":{"self":[{"href":"https:\/\/www.yoursardiniaexperience.it\/fr\/wp-json\/wp\/v2\/product\/2254","targetHints":{"allow":["GET"]}}],"collection":[{"href":"https:\/\/www.yoursardiniaexperience.it\/fr\/wp-json\/wp\/v2\/product"}],"about":[{"href":"https:\/\/www.yoursardiniaexperience.it\/fr\/wp-json\/wp\/v2\/types\/product"}],"replies":[{"embeddable":true,"href":"https:\/\/www.yoursardiniaexperience.it\/fr\/wp-json\/wp\/v2\/comments?post=2254"}],"wp:featuredmedia":[{"embeddable":true,"href":"https:\/\/www.yoursardiniaexperience.it\/fr\/wp-json\/wp\/v2\/media\/2256"}],"wp:attachment":[{"href":"https:\/\/www.yoursardiniaexperience.it\/fr\/wp-json\/wp\/v2\/media?parent=2254"}],"wp:term":[{"taxonomy":"product_cat","embeddable":true,"href":"https:\/\/www.yoursardiniaexperience.it\/fr\/wp-json\/wp\/v2\/product_cat?post=2254"},{"taxonomy":"product_tag","embeddable":true,"href":"https:\/\/www.yoursardiniaexperience.it\/fr\/wp-json\/wp\/v2\/product_tag?post=2254"}],"curies":[{"name":"wp","href":"https:\/\/api.w.org\/{rel}","templated":true}]}}