{"id":2264,"date":"2024-03-28T13:54:22","date_gmt":"2024-03-28T13:54:22","guid":{"rendered":"https:\/\/yoursardiniaexperience.montal.do\/prodotto\/archeo-wine-tour-dans-le-mandrolisai\/"},"modified":"2024-03-28T13:54:22","modified_gmt":"2024-03-28T13:54:22","slug":"archeo-wine-tour-dans-le-mandrolisai","status":"publish","type":"product","link":"https:\/\/www.yoursardiniaexperience.it\/fr\/prodotto\/archeo-wine-tour-dans-le-mandrolisai\/","title":{"rendered":"Archeo-Wine tour dans le Mandrolisai"},"content":{"rendered":"<p>Une immersion dans le terroir du Mandrolisai, d\u00e8s les sites arch\u00e9ologiques jusqu&rsquo;au vin rouge<\/p>\n","protected":false},"excerpt":{"rendered":"<div class=\"page\" title=\"Page 2\">\n<div class=\"section\">\n<div class=\"layoutArea\">\n<div class=\"column\">\n<p>\ud83d\udccc Visite du Nuraghe Nolza, \u00e0 Meana Sardo et Biru \u2018e concas, \u00e0 Sorgono<br \/>\n\ud83c\udf77 Visite d\u2019une vigne et de sa cave \u00e0 Sorgono o\u00f9 \u00e0 Atzara (selon disponibilit\u00e9)<br \/>\n\ud83d\udcc6 Disponible toute l\u2019ann\u00e9e<br \/>\n\ud83d\udc6a Min 2 pax &#8211; Max 12<br \/>\n\ud83d\udd5c 5 heures de dur\u00e9e<br \/>\n\ud83e\uddc0 D\u00e9gustation incluses<br \/>\n\ud83d\udcb0 <strong>\u20ac 75,00 par personne (si c\u2019est un groupe de 20 personnes minimum) | \u20ac 300,00 Tour priv\u00e9 max 6 personnes<\/strong><br \/>\n\ud83d\ude90 Tour priv\u00e9 et transport sur demande<\/p>\n<\/div>\n<\/div>\n<p>&nbsp;<\/p>\n<div class=\"layoutArea\">\n<div class=\"column\">\n<h2>Description<\/h2>\n<\/div>\n<\/div>\n<div class=\"layoutArea\">\n<div class=\"column\">\n<p>Les tr\u00e9sors les plus importants qu\u2019on a en Sardaigne aujourd\u2019hui ce sont tous les sites arch\u00e9ologiques que nos anc\u00eatres nous ont laiss\u00e9 et le vin de tr\u00e8s haute qualit\u00e9 que l\u2019on produit, m\u00eame dans une petite r\u00e9gion comme le Mandrolisai, une r\u00e9gion historique unique pour son vin.<br \/>\nLe tour vous emm\u00e8nera visiter le site et son histoire majestueuse du Nuraghe Nolza, un site du n\u00e9olithique dans le territoire de Meana Sardo; ensuite le visites continueront dans le site des Menhir Biru \u2018e Concas \u00e0 Sorgono et enfin pour finir en beaut\u00e9 on visitera une vigne et sa cave, o\u00f9 non seulement on pourra d\u00e9guster leurs vins mais aussi faire connaissance du vigneron.<br \/>\nCette exp\u00e9rience dans le territoire du Mandrolisai veut engager les voyageurs dans la r\u00e9alit\u00e9 locale de la r\u00e9gion Barbagia Mandrolisai, entre tr\u00e9sors historiques et vins fabuleux.<\/p>\n<p>&nbsp;<\/p>\n<h2>\u00c0 quoi s\u2019attendre<\/h2>\n<p>Tour guid\u00e9 par des guides professionnels locaux qui habitent le village<br \/>\nVisites aux sites arch\u00e9ologiques de Nuraghe Nolza et Biru \u2018e concas<br \/>\nD\u00e9gustation de produits locaux<br \/>\nD\u00e9gustation des vins Mandrolisai AOC<br \/>\nTransfert avec un minivan 9 places<br \/>\n&nbsp;<\/p>\n<h2>Qu\u2019est-ce qu\u2019il est inclus?<\/h2>\n<p>Service des guides environnementales et touristiques<br \/>\nRandonn\u00e9es et visites guid\u00e9es<br \/>\nD\u00e9gustation des vins Mandrolisai AOC<br \/>\nTransfert en Minivan 9 places<br \/>\nAssurances<\/p>\n<\/div>\n<\/div>\n<\/div>\n<\/div>\n","protected":false},"featured_media":2266,"comment_status":"open","ping_status":"closed","template":"","meta":{"site-sidebar-layout":"default","site-content-layout":"","ast-site-content-layout":"default","site-content-style":"default","site-sidebar-style":"default","ast-global-header-display":"","ast-banner-title-visibility":"","ast-main-header-display":"","ast-hfb-above-header-display":"","ast-hfb-below-header-display":"","ast-hfb-mobile-header-display":"","site-post-title":"","ast-breadcrumbs-content":"","ast-featured-img":"","footer-sml-layout":"","theme-transparent-header-meta":"default","adv-header-id-meta":"","stick-header-meta":"","header-above-stick-meta":"","header-main-stick-meta":"","header-below-stick-meta":"","astra-migrate-meta-layouts":"default","ast-page-background-enabled":"default","ast-page-background-meta":{"desktop":{"background-color":"var(--ast-global-color-4)","background-image":"","background-repeat":"repeat","background-position":"center center","background-size":"auto","background-attachment":"scroll","background-type":"","background-media":"","overlay-type":"","overlay-color":"","overlay-opacity":"","overlay-gradient":""},"tablet":{"background-color":"","background-image":"","background-repeat":"repeat","background-position":"center center","background-size":"auto","background-attachment":"scroll","background-type":"","background-media":"","overlay-type":"","overlay-color":"","overlay-opacity":"","overlay-gradient":""},"mobile":{"background-color":"","background-image":"","background-repeat":"repeat","background-position":"center center","background-size":"auto","background-attachment":"scroll","background-type":"","background-media":"","overlay-type":"","overlay-color":"","overlay-opacity":"","overlay-gradient":""}},"ast-content-background-meta":{"desktop":{"background-color":"var(--ast-global-color-5)","background-image":"","background-repeat":"repeat","background-position":"center center","background-size":"auto","background-attachment":"scroll","background-type":"","background-media":"","overlay-type":"","overlay-color":"","overlay-opacity":"","overlay-gradient":""},"tablet":{"background-color":"var(--ast-global-color-5)","background-image":"","background-repeat":"repeat","background-position":"center center","background-size":"auto","background-attachment":"scroll","background-type":"","background-media":"","overlay-type":"","overlay-color":"","overlay-opacity":"","overlay-gradient":""},"mobile":{"background-color":"var(--ast-global-color-5)","background-image":"","background-repeat":"repeat","background-position":"center center","background-size":"auto","background-attachment":"scroll","background-type":"","background-media":"","overlay-type":"","overlay-color":"","overlay-opacity":"","overlay-gradient":""}}},"product_cat":[59],"product_tag":[],"class_list":{"0":"post-2264","1":"product","2":"type-product","3":"status-publish","4":"has-post-thumbnail","6":"product_cat-itineraires","7":"desktop-align-left","8":"tablet-align-left","9":"mobile-align-left","11":"first","12":"instock","13":"virtual","14":"purchasable","15":"product-type-simple"},"yoast_head":"<!-- This site is optimized with the Yoast SEO plugin v24.0 - https:\/\/yoast.com\/wordpress\/plugins\/seo\/ -->\n<title>Archeo-Wine tour dans le Mandrolisai - Your Sardinia Experience<\/title>\n<meta name=\"robots\" content=\"index, follow, max-snippet:-1, max-image-preview:large, max-video-preview:-1\" \/>\n<link rel=\"canonical\" href=\"https:\/\/www.yoursardiniaexperience.it\/fr\/prodotto\/archeo-wine-tour-dans-le-mandrolisai\/\" \/>\n<meta property=\"og:locale\" content=\"fr_FR\" \/>\n<meta property=\"og:type\" content=\"article\" \/>\n<meta property=\"og:title\" content=\"Archeo-Wine tour dans le Mandrolisai - Your Sardinia Experience\" \/>\n<meta property=\"og:description\" content=\"\ud83d\udccc Visite du Nuraghe Nolza, \u00e0 Meana Sardo et Biru \u2018e concas, \u00e0 Sorgono \ud83c\udf77 Visite d\u2019une vigne et de sa cave \u00e0 Sorgono o\u00f9 \u00e0 Atzara (selon disponibilit\u00e9) \ud83d\udcc6 Disponible toute l\u2019ann\u00e9e \ud83d\udc6a Min 2 pax - Max 12 \ud83d\udd5c 5 heures de dur\u00e9e \ud83e\uddc0 D\u00e9gustation incluses \ud83d\udcb0 \u20ac 75,00 par personne (si c\u2019est un groupe de 20 personnes minimum) | \u20ac 300,00 Tour priv\u00e9 max 6 personnes \ud83d\ude90 Tour priv\u00e9 et transport sur demande  &nbsp;  Description   Les tr\u00e9sors les plus importants qu\u2019on a en Sardaigne aujourd\u2019hui ce sont tous les sites arch\u00e9ologiques que nos anc\u00eatres nous ont laiss\u00e9 et le vin de tr\u00e8s haute qualit\u00e9 que l\u2019on produit, m\u00eame dans une petite r\u00e9gion comme le Mandrolisai, une r\u00e9gion historique unique pour son vin. Le tour vous emm\u00e8nera visiter le site et son histoire majestueuse du Nuraghe Nolza, un site du n\u00e9olithique dans le territoire de Meana Sardo; ensuite le visites continueront dans le site des Menhir Biru \u2018e Concas \u00e0 Sorgono et enfin pour finir en beaut\u00e9 on visitera une vigne et sa cave, o\u00f9 non seulement on pourra d\u00e9guster leurs vins mais aussi faire connaissance du vigneron. Cette exp\u00e9rience dans le territoire du Mandrolisai veut engager les voyageurs dans la r\u00e9alit\u00e9 locale de la r\u00e9gion Barbagia Mandrolisai, entre tr\u00e9sors historiques et vins fabuleux. &nbsp; \u00c0 quoi s\u2019attendre Tour guid\u00e9 par des guides professionnels locaux qui habitent le village Visites aux sites arch\u00e9ologiques de Nuraghe Nolza et Biru \u2018e concas D\u00e9gustation de produits locaux D\u00e9gustation des vins Mandrolisai AOC Transfert avec un minivan 9 places &nbsp; Qu\u2019est-ce qu\u2019il est inclus? Service des guides environnementales et touristiques Randonn\u00e9es et visites guid\u00e9es D\u00e9gustation des vins Mandrolisai AOC Transfert en Minivan 9 places Assurances\" \/>\n<meta property=\"og:url\" content=\"https:\/\/www.yoursardiniaexperience.it\/fr\/prodotto\/archeo-wine-tour-dans-le-mandrolisai\/\" \/>\n<meta property=\"og:site_name\" content=\"Your Sardinia Experience\" \/>\n<meta property=\"og:image\" content=\"https:\/\/www.yoursardiniaexperience.it\/wp-content\/uploads\/2024\/03\/5-Archeologia-e-vino-nel-Mandrolisai-2-scaled-e1711634036972.jpg\" \/>\n\t<meta property=\"og:image:width\" content=\"1920\" \/>\n\t<meta property=\"og:image:height\" content=\"1920\" \/>\n\t<meta property=\"og:image:type\" content=\"image\/jpeg\" \/>\n<meta name=\"twitter:card\" content=\"summary_large_image\" \/>\n<script type=\"application\/ld+json\" class=\"yoast-schema-graph\">{\"@context\":\"https:\/\/schema.org\",\"@graph\":[{\"@type\":\"WebPage\",\"@id\":\"https:\/\/www.yoursardiniaexperience.it\/fr\/prodotto\/archeo-wine-tour-dans-le-mandrolisai\/\",\"url\":\"https:\/\/www.yoursardiniaexperience.it\/fr\/prodotto\/archeo-wine-tour-dans-le-mandrolisai\/\",\"name\":\"Archeo-Wine tour dans le Mandrolisai - Your Sardinia Experience\",\"isPartOf\":{\"@id\":\"https:\/\/www.yoursardiniaexperience.it\/fr\/#website\"},\"primaryImageOfPage\":{\"@id\":\"https:\/\/www.yoursardiniaexperience.it\/fr\/prodotto\/archeo-wine-tour-dans-le-mandrolisai\/#primaryimage\"},\"image\":{\"@id\":\"https:\/\/www.yoursardiniaexperience.it\/fr\/prodotto\/archeo-wine-tour-dans-le-mandrolisai\/#primaryimage\"},\"thumbnailUrl\":\"https:\/\/www.yoursardiniaexperience.it\/wp-content\/uploads\/2024\/03\/5-Archeologia-e-vino-nel-Mandrolisai-2-scaled-e1711634036972.jpg\",\"datePublished\":\"2024-03-28T13:54:22+00:00\",\"dateModified\":\"2024-03-28T13:54:22+00:00\",\"breadcrumb\":{\"@id\":\"https:\/\/www.yoursardiniaexperience.it\/fr\/prodotto\/archeo-wine-tour-dans-le-mandrolisai\/#breadcrumb\"},\"inLanguage\":\"fr-FR\",\"potentialAction\":[{\"@type\":\"ReadAction\",\"target\":[\"https:\/\/www.yoursardiniaexperience.it\/fr\/prodotto\/archeo-wine-tour-dans-le-mandrolisai\/\"]}]},{\"@type\":\"ImageObject\",\"inLanguage\":\"fr-FR\",\"@id\":\"https:\/\/www.yoursardiniaexperience.it\/fr\/prodotto\/archeo-wine-tour-dans-le-mandrolisai\/#primaryimage\",\"url\":\"https:\/\/www.yoursardiniaexperience.it\/wp-content\/uploads\/2024\/03\/5-Archeologia-e-vino-nel-Mandrolisai-2-scaled-e1711634036972.jpg\",\"contentUrl\":\"https:\/\/www.yoursardiniaexperience.it\/wp-content\/uploads\/2024\/03\/5-Archeologia-e-vino-nel-Mandrolisai-2-scaled-e1711634036972.jpg\",\"width\":1920,\"height\":1920},{\"@type\":\"BreadcrumbList\",\"@id\":\"https:\/\/www.yoursardiniaexperience.it\/fr\/prodotto\/archeo-wine-tour-dans-le-mandrolisai\/#breadcrumb\",\"itemListElement\":[{\"@type\":\"ListItem\",\"position\":1,\"name\":\"Home\",\"item\":\"https:\/\/www.yoursardiniaexperience.it\/fr\/\"},{\"@type\":\"ListItem\",\"position\":2,\"name\":\"Produits\",\"item\":\"https:\/\/www.yoursardiniaexperience.it\/fr\/shop\/\"},{\"@type\":\"ListItem\",\"position\":3,\"name\":\"Archeo-Wine tour dans le Mandrolisai\"}]},{\"@type\":\"WebSite\",\"@id\":\"https:\/\/www.yoursardiniaexperience.it\/fr\/#website\",\"url\":\"https:\/\/www.yoursardiniaexperience.it\/fr\/\",\"name\":\"Your Sardinia Experience\",\"description\":\"Scopri il cuore dell'isola pi&ugrave; selvaggia\",\"publisher\":{\"@id\":\"https:\/\/www.yoursardiniaexperience.it\/fr\/#organization\"},\"potentialAction\":[{\"@type\":\"SearchAction\",\"target\":{\"@type\":\"EntryPoint\",\"urlTemplate\":\"https:\/\/www.yoursardiniaexperience.it\/fr\/?s={search_term_string}\"},\"query-input\":{\"@type\":\"PropertyValueSpecification\",\"valueRequired\":true,\"valueName\":\"search_term_string\"}}],\"inLanguage\":\"fr-FR\"},{\"@type\":\"Organization\",\"@id\":\"https:\/\/www.yoursardiniaexperience.it\/fr\/#organization\",\"name\":\"Your Sardinia Experience\",\"url\":\"https:\/\/www.yoursardiniaexperience.it\/fr\/\",\"logo\":{\"@type\":\"ImageObject\",\"inLanguage\":\"fr-FR\",\"@id\":\"https:\/\/www.yoursardiniaexperience.it\/fr\/#\/schema\/logo\/image\/\",\"url\":\"https:\/\/www.yoursardiniaexperience.it\/wp-content\/uploads\/2024\/04\/cropped-cropped-SITOYOUR-piccolo.png\",\"contentUrl\":\"https:\/\/www.yoursardiniaexperience.it\/wp-content\/uploads\/2024\/04\/cropped-cropped-SITOYOUR-piccolo.png\",\"width\":512,\"height\":512,\"caption\":\"Your Sardinia Experience\"},\"image\":{\"@id\":\"https:\/\/www.yoursardiniaexperience.it\/fr\/#\/schema\/logo\/image\/\"}}]}<\/script>\n<!-- \/ Yoast SEO plugin. -->","yoast_head_json":{"title":"Archeo-Wine tour dans le Mandrolisai - Your Sardinia Experience","robots":{"index":"index","follow":"follow","max-snippet":"max-snippet:-1","max-image-preview":"max-image-preview:large","max-video-preview":"max-video-preview:-1"},"canonical":"https:\/\/www.yoursardiniaexperience.it\/fr\/prodotto\/archeo-wine-tour-dans-le-mandrolisai\/","og_locale":"fr_FR","og_type":"article","og_title":"Archeo-Wine tour dans le Mandrolisai - Your Sardinia Experience","og_description":"\ud83d\udccc Visite du Nuraghe Nolza, \u00e0 Meana Sardo et Biru \u2018e concas, \u00e0 Sorgono \ud83c\udf77 Visite d\u2019une vigne et de sa cave \u00e0 Sorgono o\u00f9 \u00e0 Atzara (selon disponibilit\u00e9) \ud83d\udcc6 Disponible toute l\u2019ann\u00e9e \ud83d\udc6a Min 2 pax - Max 12 \ud83d\udd5c 5 heures de dur\u00e9e \ud83e\uddc0 D\u00e9gustation incluses \ud83d\udcb0 \u20ac 75,00 par personne (si c\u2019est un groupe de 20 personnes minimum) | \u20ac 300,00 Tour priv\u00e9 max 6 personnes \ud83d\ude90 Tour priv\u00e9 et transport sur demande  &nbsp;  Description   Les tr\u00e9sors les plus importants qu\u2019on a en Sardaigne aujourd\u2019hui ce sont tous les sites arch\u00e9ologiques que nos anc\u00eatres nous ont laiss\u00e9 et le vin de tr\u00e8s haute qualit\u00e9 que l\u2019on produit, m\u00eame dans une petite r\u00e9gion comme le Mandrolisai, une r\u00e9gion historique unique pour son vin. Le tour vous emm\u00e8nera visiter le site et son histoire majestueuse du Nuraghe Nolza, un site du n\u00e9olithique dans le territoire de Meana Sardo; ensuite le visites continueront dans le site des Menhir Biru \u2018e Concas \u00e0 Sorgono et enfin pour finir en beaut\u00e9 on visitera une vigne et sa cave, o\u00f9 non seulement on pourra d\u00e9guster leurs vins mais aussi faire connaissance du vigneron. Cette exp\u00e9rience dans le territoire du Mandrolisai veut engager les voyageurs dans la r\u00e9alit\u00e9 locale de la r\u00e9gion Barbagia Mandrolisai, entre tr\u00e9sors historiques et vins fabuleux. &nbsp; \u00c0 quoi s\u2019attendre Tour guid\u00e9 par des guides professionnels locaux qui habitent le village Visites aux sites arch\u00e9ologiques de Nuraghe Nolza et Biru \u2018e concas D\u00e9gustation de produits locaux D\u00e9gustation des vins Mandrolisai AOC Transfert avec un minivan 9 places &nbsp; Qu\u2019est-ce qu\u2019il est inclus? Service des guides environnementales et touristiques Randonn\u00e9es et visites guid\u00e9es D\u00e9gustation des vins Mandrolisai AOC Transfert en Minivan 9 places Assurances","og_url":"https:\/\/www.yoursardiniaexperience.it\/fr\/prodotto\/archeo-wine-tour-dans-le-mandrolisai\/","og_site_name":"Your Sardinia Experience","og_image":[{"width":1920,"height":1920,"url":"https:\/\/www.yoursardiniaexperience.it\/wp-content\/uploads\/2024\/03\/5-Archeologia-e-vino-nel-Mandrolisai-2-scaled-e1711634036972.jpg","type":"image\/jpeg"}],"twitter_card":"summary_large_image","schema":{"@context":"https:\/\/schema.org","@graph":[{"@type":"WebPage","@id":"https:\/\/www.yoursardiniaexperience.it\/fr\/prodotto\/archeo-wine-tour-dans-le-mandrolisai\/","url":"https:\/\/www.yoursardiniaexperience.it\/fr\/prodotto\/archeo-wine-tour-dans-le-mandrolisai\/","name":"Archeo-Wine tour dans le Mandrolisai - Your Sardinia Experience","isPartOf":{"@id":"https:\/\/www.yoursardiniaexperience.it\/fr\/#website"},"primaryImageOfPage":{"@id":"https:\/\/www.yoursardiniaexperience.it\/fr\/prodotto\/archeo-wine-tour-dans-le-mandrolisai\/#primaryimage"},"image":{"@id":"https:\/\/www.yoursardiniaexperience.it\/fr\/prodotto\/archeo-wine-tour-dans-le-mandrolisai\/#primaryimage"},"thumbnailUrl":"https:\/\/www.yoursardiniaexperience.it\/wp-content\/uploads\/2024\/03\/5-Archeologia-e-vino-nel-Mandrolisai-2-scaled-e1711634036972.jpg","datePublished":"2024-03-28T13:54:22+00:00","dateModified":"2024-03-28T13:54:22+00:00","breadcrumb":{"@id":"https:\/\/www.yoursardiniaexperience.it\/fr\/prodotto\/archeo-wine-tour-dans-le-mandrolisai\/#breadcrumb"},"inLanguage":"fr-FR","potentialAction":[{"@type":"ReadAction","target":["https:\/\/www.yoursardiniaexperience.it\/fr\/prodotto\/archeo-wine-tour-dans-le-mandrolisai\/"]}]},{"@type":"ImageObject","inLanguage":"fr-FR","@id":"https:\/\/www.yoursardiniaexperience.it\/fr\/prodotto\/archeo-wine-tour-dans-le-mandrolisai\/#primaryimage","url":"https:\/\/www.yoursardiniaexperience.it\/wp-content\/uploads\/2024\/03\/5-Archeologia-e-vino-nel-Mandrolisai-2-scaled-e1711634036972.jpg","contentUrl":"https:\/\/www.yoursardiniaexperience.it\/wp-content\/uploads\/2024\/03\/5-Archeologia-e-vino-nel-Mandrolisai-2-scaled-e1711634036972.jpg","width":1920,"height":1920},{"@type":"BreadcrumbList","@id":"https:\/\/www.yoursardiniaexperience.it\/fr\/prodotto\/archeo-wine-tour-dans-le-mandrolisai\/#breadcrumb","itemListElement":[{"@type":"ListItem","position":1,"name":"Home","item":"https:\/\/www.yoursardiniaexperience.it\/fr\/"},{"@type":"ListItem","position":2,"name":"Produits","item":"https:\/\/www.yoursardiniaexperience.it\/fr\/shop\/"},{"@type":"ListItem","position":3,"name":"Archeo-Wine tour dans le Mandrolisai"}]},{"@type":"WebSite","@id":"https:\/\/www.yoursardiniaexperience.it\/fr\/#website","url":"https:\/\/www.yoursardiniaexperience.it\/fr\/","name":"Your Sardinia Experience","description":"Scopri il cuore dell'isola pi&ugrave; selvaggia","publisher":{"@id":"https:\/\/www.yoursardiniaexperience.it\/fr\/#organization"},"potentialAction":[{"@type":"SearchAction","target":{"@type":"EntryPoint","urlTemplate":"https:\/\/www.yoursardiniaexperience.it\/fr\/?s={search_term_string}"},"query-input":{"@type":"PropertyValueSpecification","valueRequired":true,"valueName":"search_term_string"}}],"inLanguage":"fr-FR"},{"@type":"Organization","@id":"https:\/\/www.yoursardiniaexperience.it\/fr\/#organization","name":"Your Sardinia Experience","url":"https:\/\/www.yoursardiniaexperience.it\/fr\/","logo":{"@type":"ImageObject","inLanguage":"fr-FR","@id":"https:\/\/www.yoursardiniaexperience.it\/fr\/#\/schema\/logo\/image\/","url":"https:\/\/www.yoursardiniaexperience.it\/wp-content\/uploads\/2024\/04\/cropped-cropped-SITOYOUR-piccolo.png","contentUrl":"https:\/\/www.yoursardiniaexperience.it\/wp-content\/uploads\/2024\/04\/cropped-cropped-SITOYOUR-piccolo.png","width":512,"height":512,"caption":"Your Sardinia Experience"},"image":{"@id":"https:\/\/www.yoursardiniaexperience.it\/fr\/#\/schema\/logo\/image\/"}}]}},"jetpack_sharing_enabled":true,"_links":{"self":[{"href":"https:\/\/www.yoursardiniaexperience.it\/fr\/wp-json\/wp\/v2\/product\/2264","targetHints":{"allow":["GET"]}}],"collection":[{"href":"https:\/\/www.yoursardiniaexperience.it\/fr\/wp-json\/wp\/v2\/product"}],"about":[{"href":"https:\/\/www.yoursardiniaexperience.it\/fr\/wp-json\/wp\/v2\/types\/product"}],"replies":[{"embeddable":true,"href":"https:\/\/www.yoursardiniaexperience.it\/fr\/wp-json\/wp\/v2\/comments?post=2264"}],"wp:featuredmedia":[{"embeddable":true,"href":"https:\/\/www.yoursardiniaexperience.it\/fr\/wp-json\/wp\/v2\/media\/2266"}],"wp:attachment":[{"href":"https:\/\/www.yoursardiniaexperience.it\/fr\/wp-json\/wp\/v2\/media?parent=2264"}],"wp:term":[{"taxonomy":"product_cat","embeddable":true,"href":"https:\/\/www.yoursardiniaexperience.it\/fr\/wp-json\/wp\/v2\/product_cat?post=2264"},{"taxonomy":"product_tag","embeddable":true,"href":"https:\/\/www.yoursardiniaexperience.it\/fr\/wp-json\/wp\/v2\/product_tag?post=2264"}],"curies":[{"name":"wp","href":"https:\/\/api.w.org\/{rel}","templated":true}]}}