{"id":2271,"date":"2024-03-28T13:50:49","date_gmt":"2024-03-28T13:50:49","guid":{"rendered":"https:\/\/yoursardiniaexperience.montal.do\/prodotto\/randonnee-sur-le-fleuve-flumendosa\/"},"modified":"2024-05-02T07:34:42","modified_gmt":"2024-05-02T07:34:42","slug":"randonnee-sur-le-fleuve-flumendosa","status":"publish","type":"product","link":"https:\/\/www.yoursardiniaexperience.it\/fr\/prodotto\/randonnee-sur-le-fleuve-flumendosa\/","title":{"rendered":"Randonn\u00e9e le long du fleuve Flumendosa"},"content":{"rendered":"<p>Randonn\u00e9e et bains sur le fleuve Flumendosa<\/p>\n","protected":false},"excerpt":{"rendered":"<div class=\"page\" title=\"Page 2\">\n<div class=\"section\">\n<div class=\"layoutArea\">\n<div class=\"column\">\n<p>\ud83d\udccc Seulo Sa Stiddiosa, Godoni Arredelus e is Caddais, Aritzo Geldesi | Barbagia.<br \/>\n\ud83d\udcc6 Disponible toute l\u2019ann\u00e9e<br \/>\n\ud83d\udc6a Min 2 personnes<br \/>\n\ud83d\udd5c Dur\u00e9e de 6 heures<br \/>\n\ud83d\udcb0 <strong>\u20ac 50,00 par personne &#8211; (priv\u00e9e pour 2 personnes \u20ac 75.00 par personne)<\/strong><br \/>\n\ud83e\uddc0 D\u00e9gustation ou repas \u00e0 la demande<br \/>\n\ud83d\ude90 Tour priv\u00e9 et transport sur demande<\/p>\n<\/div>\n<\/div>\n<p>&nbsp;<\/p>\n<div class=\"layoutArea\">\n<div class=\"column\">\n<h2>Description<\/h2>\n<\/div>\n<\/div>\n<div class=\"layoutArea\">\n<div class=\"column\">\n<p>Ce tour le long du fleuve Flumendosa est une exp\u00e9rience dans le centre profond de la r\u00e9gion du Gennargentu, pour d\u00e9couvrir les beaut\u00e9s naturelles cr\u00e9\u00e9es sur les berges. Selon la p\u00e9riode de l\u2019ann\u00e9e et les demandes, on pourra visiter la cascade Sa Stiddiosa, la plage de Arredelusu, les piscines naturelles de Is Caddaias ou la plage de Geldesi.<br \/>\nCette excursion le long du fleuve inclut toujours un transfert sur notre 4&#215;4 Jeep- Land Rover et ensuite une belle promenade en plein air pour joindre les endroits naturels. Selon le niveau d\u00e9sir\u00e9, ces excursions peuvent \u00eatre vraiment faciles ou difficiles.<br \/>\nL&rsquo;exp\u00e9rience sur le fleuve Flumendosa veut engager les voyageurs dans le cadre naturel des cascades, piscines naturelles et plages uniques.<\/p>\n<p>&nbsp;<\/p>\n<h2>\u00c0 quoi s\u2019attendre<\/h2>\n<p>Tour guid\u00e9 par des guides professionnels locaux qui habitent le village<br \/>\nTour dans le parc naturel du fleuve Flumendosa<br \/>\nRandonn\u00e9e \u00e0 Sa Stiddiosa de 5 km<br \/>\nTour de la zone centrale de Sardaigne<br \/>\nD\u00e9gustation de produits locaux sur demande<br \/>\nTransfert en 4&#215;4 sur demande<br \/>\n&nbsp;<\/p>\n<h2>Qu\u2019est-ce qu\u2019il est inclus?<\/h2>\n<p>Service de guidage par des guides de montagne pendant tout le voyage<br \/>\nRandonn\u00e9e sur la voie du Flumendosa<br \/>\nTransport en 4&#215;4 Jeep &#8211; Land Rover<br \/>\nAssurances<\/p>\n<\/div>\n<\/div>\n<\/div>\n<\/div>\n","protected":false},"featured_media":2276,"comment_status":"open","ping_status":"closed","template":"","meta":{"site-sidebar-layout":"default","site-content-layout":"","ast-site-content-layout":"default","site-content-style":"default","site-sidebar-style":"default","ast-global-header-display":"","ast-banner-title-visibility":"","ast-main-header-display":"","ast-hfb-above-header-display":"","ast-hfb-below-header-display":"","ast-hfb-mobile-header-display":"","site-post-title":"","ast-breadcrumbs-content":"","ast-featured-img":"","footer-sml-layout":"","theme-transparent-header-meta":"default","adv-header-id-meta":"","stick-header-meta":"","header-above-stick-meta":"","header-main-stick-meta":"","header-below-stick-meta":"","astra-migrate-meta-layouts":"default","ast-page-background-enabled":"default","ast-page-background-meta":{"desktop":{"background-color":"var(--ast-global-color-4)","background-image":"","background-repeat":"repeat","background-position":"center center","background-size":"auto","background-attachment":"scroll","background-type":"","background-media":"","overlay-type":"","overlay-color":"","overlay-opacity":"","overlay-gradient":""},"tablet":{"background-color":"","background-image":"","background-repeat":"repeat","background-position":"center center","background-size":"auto","background-attachment":"scroll","background-type":"","background-media":"","overlay-type":"","overlay-color":"","overlay-opacity":"","overlay-gradient":""},"mobile":{"background-color":"","background-image":"","background-repeat":"repeat","background-position":"center center","background-size":"auto","background-attachment":"scroll","background-type":"","background-media":"","overlay-type":"","overlay-color":"","overlay-opacity":"","overlay-gradient":""}},"ast-content-background-meta":{"desktop":{"background-color":"var(--ast-global-color-5)","background-image":"","background-repeat":"repeat","background-position":"center center","background-size":"auto","background-attachment":"scroll","background-type":"","background-media":"","overlay-type":"","overlay-color":"","overlay-opacity":"","overlay-gradient":""},"tablet":{"background-color":"var(--ast-global-color-5)","background-image":"","background-repeat":"repeat","background-position":"center center","background-size":"auto","background-attachment":"scroll","background-type":"","background-media":"","overlay-type":"","overlay-color":"","overlay-opacity":"","overlay-gradient":""},"mobile":{"background-color":"var(--ast-global-color-5)","background-image":"","background-repeat":"repeat","background-position":"center center","background-size":"auto","background-attachment":"scroll","background-type":"","background-media":"","overlay-type":"","overlay-color":"","overlay-opacity":"","overlay-gradient":""}}},"product_cat":[60],"product_tag":[],"class_list":{"0":"post-2271","1":"product","2":"type-product","3":"status-publish","4":"has-post-thumbnail","6":"product_cat-trekking-fr","7":"desktop-align-left","8":"tablet-align-left","9":"mobile-align-left","11":"first","12":"instock","13":"virtual","14":"purchasable","15":"product-type-simple"},"yoast_head":"<!-- This site is optimized with the Yoast SEO plugin v24.0 - https:\/\/yoast.com\/wordpress\/plugins\/seo\/ -->\n<title>Randonn\u00e9e le long du fleuve Flumendosa - Your Sardinia Experience<\/title>\n<meta name=\"robots\" content=\"index, follow, max-snippet:-1, max-image-preview:large, max-video-preview:-1\" \/>\n<link rel=\"canonical\" href=\"https:\/\/www.yoursardiniaexperience.it\/fr\/prodotto\/randonnee-sur-le-fleuve-flumendosa\/\" \/>\n<meta property=\"og:locale\" content=\"fr_FR\" \/>\n<meta property=\"og:type\" content=\"article\" \/>\n<meta property=\"og:title\" content=\"Randonn\u00e9e le long du fleuve Flumendosa - Your Sardinia Experience\" \/>\n<meta property=\"og:description\" content=\"\ud83d\udccc Seulo Sa Stiddiosa, Godoni Arredelus e is Caddais, Aritzo Geldesi | Barbagia. \ud83d\udcc6 Disponible toute l\u2019ann\u00e9e \ud83d\udc6a Min 2 personnes \ud83d\udd5c Dur\u00e9e de 6 heures \ud83d\udcb0 \u20ac 50,00 par personne - (priv\u00e9e pour 2 personnes \u20ac 75.00 par personne) \ud83e\uddc0 D\u00e9gustation ou repas \u00e0 la demande \ud83d\ude90 Tour priv\u00e9 et transport sur demande  &nbsp;  Description   Ce tour le long du fleuve Flumendosa est une exp\u00e9rience dans le centre profond de la r\u00e9gion du Gennargentu, pour d\u00e9couvrir les beaut\u00e9s naturelles cr\u00e9\u00e9es sur les berges. Selon la p\u00e9riode de l\u2019ann\u00e9e et les demandes, on pourra visiter la cascade Sa Stiddiosa, la plage de Arredelusu, les piscines naturelles de Is Caddaias ou la plage de Geldesi. Cette excursion le long du fleuve inclut toujours un transfert sur notre 4x4 Jeep- Land Rover et ensuite une belle promenade en plein air pour joindre les endroits naturels. Selon le niveau d\u00e9sir\u00e9, ces excursions peuvent \u00eatre vraiment faciles ou difficiles. L&#039;exp\u00e9rience sur le fleuve Flumendosa veut engager les voyageurs dans le cadre naturel des cascades, piscines naturelles et plages uniques.  &nbsp; \u00c0 quoi s\u2019attendre Tour guid\u00e9 par des guides professionnels locaux qui habitent le village Tour dans le parc naturel du fleuve Flumendosa Randonn\u00e9e \u00e0 Sa Stiddiosa de 5 km Tour de la zone centrale de Sardaigne D\u00e9gustation de produits locaux sur demande Transfert en 4x4 sur demande &nbsp; Qu\u2019est-ce qu\u2019il est inclus? Service de guidage par des guides de montagne pendant tout le voyage Randonn\u00e9e sur la voie du Flumendosa Transport en 4x4 Jeep - Land Rover Assurances\" \/>\n<meta property=\"og:url\" content=\"https:\/\/www.yoursardiniaexperience.it\/fr\/prodotto\/randonnee-sur-le-fleuve-flumendosa\/\" \/>\n<meta property=\"og:site_name\" content=\"Your Sardinia Experience\" \/>\n<meta property=\"article:modified_time\" content=\"2024-05-02T07:34:42+00:00\" \/>\n<meta property=\"og:image\" content=\"https:\/\/www.yoursardiniaexperience.it\/wp-content\/uploads\/2024\/03\/trekkingfluviale-e1711736440595.png\" \/>\n\t<meta property=\"og:image:width\" content=\"1128\" \/>\n\t<meta property=\"og:image:height\" content=\"1128\" \/>\n\t<meta property=\"og:image:type\" content=\"image\/png\" \/>\n<meta name=\"twitter:card\" content=\"summary_large_image\" \/>\n<script type=\"application\/ld+json\" class=\"yoast-schema-graph\">{\"@context\":\"https:\/\/schema.org\",\"@graph\":[{\"@type\":\"WebPage\",\"@id\":\"https:\/\/www.yoursardiniaexperience.it\/fr\/prodotto\/randonnee-sur-le-fleuve-flumendosa\/\",\"url\":\"https:\/\/www.yoursardiniaexperience.it\/fr\/prodotto\/randonnee-sur-le-fleuve-flumendosa\/\",\"name\":\"Randonn\u00e9e le long du fleuve Flumendosa - Your Sardinia Experience\",\"isPartOf\":{\"@id\":\"https:\/\/www.yoursardiniaexperience.it\/fr\/#website\"},\"primaryImageOfPage\":{\"@id\":\"https:\/\/www.yoursardiniaexperience.it\/fr\/prodotto\/randonnee-sur-le-fleuve-flumendosa\/#primaryimage\"},\"image\":{\"@id\":\"https:\/\/www.yoursardiniaexperience.it\/fr\/prodotto\/randonnee-sur-le-fleuve-flumendosa\/#primaryimage\"},\"thumbnailUrl\":\"https:\/\/www.yoursardiniaexperience.it\/wp-content\/uploads\/2024\/03\/trekkingfluviale-e1711736440595.png\",\"datePublished\":\"2024-03-28T13:50:49+00:00\",\"dateModified\":\"2024-05-02T07:34:42+00:00\",\"breadcrumb\":{\"@id\":\"https:\/\/www.yoursardiniaexperience.it\/fr\/prodotto\/randonnee-sur-le-fleuve-flumendosa\/#breadcrumb\"},\"inLanguage\":\"fr-FR\",\"potentialAction\":[{\"@type\":\"ReadAction\",\"target\":[\"https:\/\/www.yoursardiniaexperience.it\/fr\/prodotto\/randonnee-sur-le-fleuve-flumendosa\/\"]}]},{\"@type\":\"ImageObject\",\"inLanguage\":\"fr-FR\",\"@id\":\"https:\/\/www.yoursardiniaexperience.it\/fr\/prodotto\/randonnee-sur-le-fleuve-flumendosa\/#primaryimage\",\"url\":\"https:\/\/www.yoursardiniaexperience.it\/wp-content\/uploads\/2024\/03\/trekkingfluviale-e1711736440595.png\",\"contentUrl\":\"https:\/\/www.yoursardiniaexperience.it\/wp-content\/uploads\/2024\/03\/trekkingfluviale-e1711736440595.png\",\"width\":1128,\"height\":1128},{\"@type\":\"BreadcrumbList\",\"@id\":\"https:\/\/www.yoursardiniaexperience.it\/fr\/prodotto\/randonnee-sur-le-fleuve-flumendosa\/#breadcrumb\",\"itemListElement\":[{\"@type\":\"ListItem\",\"position\":1,\"name\":\"Home\",\"item\":\"https:\/\/www.yoursardiniaexperience.it\/fr\/\"},{\"@type\":\"ListItem\",\"position\":2,\"name\":\"Produits\",\"item\":\"https:\/\/www.yoursardiniaexperience.it\/fr\/shop\/\"},{\"@type\":\"ListItem\",\"position\":3,\"name\":\"Randonn\u00e9e le long du fleuve Flumendosa\"}]},{\"@type\":\"WebSite\",\"@id\":\"https:\/\/www.yoursardiniaexperience.it\/fr\/#website\",\"url\":\"https:\/\/www.yoursardiniaexperience.it\/fr\/\",\"name\":\"Your Sardinia Experience\",\"description\":\"Scopri il cuore dell'isola pi&ugrave; selvaggia\",\"publisher\":{\"@id\":\"https:\/\/www.yoursardiniaexperience.it\/fr\/#organization\"},\"potentialAction\":[{\"@type\":\"SearchAction\",\"target\":{\"@type\":\"EntryPoint\",\"urlTemplate\":\"https:\/\/www.yoursardiniaexperience.it\/fr\/?s={search_term_string}\"},\"query-input\":{\"@type\":\"PropertyValueSpecification\",\"valueRequired\":true,\"valueName\":\"search_term_string\"}}],\"inLanguage\":\"fr-FR\"},{\"@type\":\"Organization\",\"@id\":\"https:\/\/www.yoursardiniaexperience.it\/fr\/#organization\",\"name\":\"Your Sardinia Experience\",\"url\":\"https:\/\/www.yoursardiniaexperience.it\/fr\/\",\"logo\":{\"@type\":\"ImageObject\",\"inLanguage\":\"fr-FR\",\"@id\":\"https:\/\/www.yoursardiniaexperience.it\/fr\/#\/schema\/logo\/image\/\",\"url\":\"https:\/\/www.yoursardiniaexperience.it\/wp-content\/uploads\/2024\/04\/cropped-cropped-SITOYOUR-piccolo.png\",\"contentUrl\":\"https:\/\/www.yoursardiniaexperience.it\/wp-content\/uploads\/2024\/04\/cropped-cropped-SITOYOUR-piccolo.png\",\"width\":512,\"height\":512,\"caption\":\"Your Sardinia Experience\"},\"image\":{\"@id\":\"https:\/\/www.yoursardiniaexperience.it\/fr\/#\/schema\/logo\/image\/\"}}]}<\/script>\n<!-- \/ Yoast SEO plugin. -->","yoast_head_json":{"title":"Randonn\u00e9e le long du fleuve Flumendosa - Your Sardinia Experience","robots":{"index":"index","follow":"follow","max-snippet":"max-snippet:-1","max-image-preview":"max-image-preview:large","max-video-preview":"max-video-preview:-1"},"canonical":"https:\/\/www.yoursardiniaexperience.it\/fr\/prodotto\/randonnee-sur-le-fleuve-flumendosa\/","og_locale":"fr_FR","og_type":"article","og_title":"Randonn\u00e9e le long du fleuve Flumendosa - Your Sardinia Experience","og_description":"\ud83d\udccc Seulo Sa Stiddiosa, Godoni Arredelus e is Caddais, Aritzo Geldesi | Barbagia. \ud83d\udcc6 Disponible toute l\u2019ann\u00e9e \ud83d\udc6a Min 2 personnes \ud83d\udd5c Dur\u00e9e de 6 heures \ud83d\udcb0 \u20ac 50,00 par personne - (priv\u00e9e pour 2 personnes \u20ac 75.00 par personne) \ud83e\uddc0 D\u00e9gustation ou repas \u00e0 la demande \ud83d\ude90 Tour priv\u00e9 et transport sur demande  &nbsp;  Description   Ce tour le long du fleuve Flumendosa est une exp\u00e9rience dans le centre profond de la r\u00e9gion du Gennargentu, pour d\u00e9couvrir les beaut\u00e9s naturelles cr\u00e9\u00e9es sur les berges. Selon la p\u00e9riode de l\u2019ann\u00e9e et les demandes, on pourra visiter la cascade Sa Stiddiosa, la plage de Arredelusu, les piscines naturelles de Is Caddaias ou la plage de Geldesi. Cette excursion le long du fleuve inclut toujours un transfert sur notre 4x4 Jeep- Land Rover et ensuite une belle promenade en plein air pour joindre les endroits naturels. Selon le niveau d\u00e9sir\u00e9, ces excursions peuvent \u00eatre vraiment faciles ou difficiles. L'exp\u00e9rience sur le fleuve Flumendosa veut engager les voyageurs dans le cadre naturel des cascades, piscines naturelles et plages uniques.  &nbsp; \u00c0 quoi s\u2019attendre Tour guid\u00e9 par des guides professionnels locaux qui habitent le village Tour dans le parc naturel du fleuve Flumendosa Randonn\u00e9e \u00e0 Sa Stiddiosa de 5 km Tour de la zone centrale de Sardaigne D\u00e9gustation de produits locaux sur demande Transfert en 4x4 sur demande &nbsp; Qu\u2019est-ce qu\u2019il est inclus? Service de guidage par des guides de montagne pendant tout le voyage Randonn\u00e9e sur la voie du Flumendosa Transport en 4x4 Jeep - Land Rover Assurances","og_url":"https:\/\/www.yoursardiniaexperience.it\/fr\/prodotto\/randonnee-sur-le-fleuve-flumendosa\/","og_site_name":"Your Sardinia Experience","article_modified_time":"2024-05-02T07:34:42+00:00","og_image":[{"width":1128,"height":1128,"url":"https:\/\/www.yoursardiniaexperience.it\/wp-content\/uploads\/2024\/03\/trekkingfluviale-e1711736440595.png","type":"image\/png"}],"twitter_card":"summary_large_image","schema":{"@context":"https:\/\/schema.org","@graph":[{"@type":"WebPage","@id":"https:\/\/www.yoursardiniaexperience.it\/fr\/prodotto\/randonnee-sur-le-fleuve-flumendosa\/","url":"https:\/\/www.yoursardiniaexperience.it\/fr\/prodotto\/randonnee-sur-le-fleuve-flumendosa\/","name":"Randonn\u00e9e le long du fleuve Flumendosa - Your Sardinia Experience","isPartOf":{"@id":"https:\/\/www.yoursardiniaexperience.it\/fr\/#website"},"primaryImageOfPage":{"@id":"https:\/\/www.yoursardiniaexperience.it\/fr\/prodotto\/randonnee-sur-le-fleuve-flumendosa\/#primaryimage"},"image":{"@id":"https:\/\/www.yoursardiniaexperience.it\/fr\/prodotto\/randonnee-sur-le-fleuve-flumendosa\/#primaryimage"},"thumbnailUrl":"https:\/\/www.yoursardiniaexperience.it\/wp-content\/uploads\/2024\/03\/trekkingfluviale-e1711736440595.png","datePublished":"2024-03-28T13:50:49+00:00","dateModified":"2024-05-02T07:34:42+00:00","breadcrumb":{"@id":"https:\/\/www.yoursardiniaexperience.it\/fr\/prodotto\/randonnee-sur-le-fleuve-flumendosa\/#breadcrumb"},"inLanguage":"fr-FR","potentialAction":[{"@type":"ReadAction","target":["https:\/\/www.yoursardiniaexperience.it\/fr\/prodotto\/randonnee-sur-le-fleuve-flumendosa\/"]}]},{"@type":"ImageObject","inLanguage":"fr-FR","@id":"https:\/\/www.yoursardiniaexperience.it\/fr\/prodotto\/randonnee-sur-le-fleuve-flumendosa\/#primaryimage","url":"https:\/\/www.yoursardiniaexperience.it\/wp-content\/uploads\/2024\/03\/trekkingfluviale-e1711736440595.png","contentUrl":"https:\/\/www.yoursardiniaexperience.it\/wp-content\/uploads\/2024\/03\/trekkingfluviale-e1711736440595.png","width":1128,"height":1128},{"@type":"BreadcrumbList","@id":"https:\/\/www.yoursardiniaexperience.it\/fr\/prodotto\/randonnee-sur-le-fleuve-flumendosa\/#breadcrumb","itemListElement":[{"@type":"ListItem","position":1,"name":"Home","item":"https:\/\/www.yoursardiniaexperience.it\/fr\/"},{"@type":"ListItem","position":2,"name":"Produits","item":"https:\/\/www.yoursardiniaexperience.it\/fr\/shop\/"},{"@type":"ListItem","position":3,"name":"Randonn\u00e9e le long du fleuve Flumendosa"}]},{"@type":"WebSite","@id":"https:\/\/www.yoursardiniaexperience.it\/fr\/#website","url":"https:\/\/www.yoursardiniaexperience.it\/fr\/","name":"Your Sardinia Experience","description":"Scopri il cuore dell'isola pi&ugrave; selvaggia","publisher":{"@id":"https:\/\/www.yoursardiniaexperience.it\/fr\/#organization"},"potentialAction":[{"@type":"SearchAction","target":{"@type":"EntryPoint","urlTemplate":"https:\/\/www.yoursardiniaexperience.it\/fr\/?s={search_term_string}"},"query-input":{"@type":"PropertyValueSpecification","valueRequired":true,"valueName":"search_term_string"}}],"inLanguage":"fr-FR"},{"@type":"Organization","@id":"https:\/\/www.yoursardiniaexperience.it\/fr\/#organization","name":"Your Sardinia Experience","url":"https:\/\/www.yoursardiniaexperience.it\/fr\/","logo":{"@type":"ImageObject","inLanguage":"fr-FR","@id":"https:\/\/www.yoursardiniaexperience.it\/fr\/#\/schema\/logo\/image\/","url":"https:\/\/www.yoursardiniaexperience.it\/wp-content\/uploads\/2024\/04\/cropped-cropped-SITOYOUR-piccolo.png","contentUrl":"https:\/\/www.yoursardiniaexperience.it\/wp-content\/uploads\/2024\/04\/cropped-cropped-SITOYOUR-piccolo.png","width":512,"height":512,"caption":"Your Sardinia Experience"},"image":{"@id":"https:\/\/www.yoursardiniaexperience.it\/fr\/#\/schema\/logo\/image\/"}}]}},"jetpack_sharing_enabled":true,"_links":{"self":[{"href":"https:\/\/www.yoursardiniaexperience.it\/fr\/wp-json\/wp\/v2\/product\/2271","targetHints":{"allow":["GET"]}}],"collection":[{"href":"https:\/\/www.yoursardiniaexperience.it\/fr\/wp-json\/wp\/v2\/product"}],"about":[{"href":"https:\/\/www.yoursardiniaexperience.it\/fr\/wp-json\/wp\/v2\/types\/product"}],"replies":[{"embeddable":true,"href":"https:\/\/www.yoursardiniaexperience.it\/fr\/wp-json\/wp\/v2\/comments?post=2271"}],"wp:featuredmedia":[{"embeddable":true,"href":"https:\/\/www.yoursardiniaexperience.it\/fr\/wp-json\/wp\/v2\/media\/2276"}],"wp:attachment":[{"href":"https:\/\/www.yoursardiniaexperience.it\/fr\/wp-json\/wp\/v2\/media?parent=2271"}],"wp:term":[{"taxonomy":"product_cat","embeddable":true,"href":"https:\/\/www.yoursardiniaexperience.it\/fr\/wp-json\/wp\/v2\/product_cat?post=2271"},{"taxonomy":"product_tag","embeddable":true,"href":"https:\/\/www.yoursardiniaexperience.it\/fr\/wp-json\/wp\/v2\/product_tag?post=2271"}],"curies":[{"name":"wp","href":"https:\/\/api.w.org\/{rel}","templated":true}]}}