{"id":2277,"date":"2024-03-27T21:58:10","date_gmt":"2024-03-27T21:58:10","guid":{"rendered":"https:\/\/yoursardiniaexperience.montal.do\/prodotto\/tour-en-4x4-sur-la-route-des-bergers\/"},"modified":"2024-04-30T17:21:48","modified_gmt":"2024-04-30T17:21:48","slug":"tour-en-4x4-sur-la-route-des-bergers","status":"publish","type":"product","link":"https:\/\/www.yoursardiniaexperience.it\/fr\/prodotto\/tour-en-4x4-sur-la-route-des-bergers\/","title":{"rendered":"Tour en 4&#215;4 sur la route des bergers"},"content":{"rendered":"<p>Un jour dans la Zone Bleu de Sardaigne<\/p>\n","protected":false},"excerpt":{"rendered":"<div class=\"page\" title=\"Page 2\">\n<div class=\"section\">\n<div class=\"layoutArea\">\n<div class=\"column\">\n<p>\ud83d\udccc Aritzo, Barbagia.<br \/>\n\ud83d\udcc6 Disponible toute l\u2019ann\u00e9e<br \/>\n\ud83d\udc6a Min 2 personnes<br \/>\n\ud83d\udd5c Dur\u00e9e de 6 heures<br \/>\n\ud83d\udcb0 <strong>\u20ac 100,00 par personne<\/strong><br \/>\n\ud83d\ude90 Tour priv\u00e9 et transport sur demande<\/p>\n<\/div>\n<\/div>\n<p>&nbsp;<\/p>\n<div class=\"layoutArea\">\n<div class=\"column\">\n<h2>Description<\/h2>\n<\/div>\n<\/div>\n<div class=\"layoutArea\">\n<div class=\"column\">\n<p>Vivez un jour unique, directement en contact avec l\u2019habitant des petits villages du centre de la Sardaigne. Vous ferez la meilleure exp\u00e9rience parmi le 4&#215;4, les randonn\u00e9es dans la for\u00eat et les activit\u00e9s de cuisine traditionnelle qui vous permettront de d\u00e9guster les saveurs authentiques de l&rsquo;\u00eele. Depuis nos montagnes, quand le ciel est clair, vous pourrez reconna\u00eetre diff\u00e9rentes parties de la Sardaigne.<br \/>\nLa zone de Barbagia est l\u2019une des plus charmantes de toute la Sardaigne et il a plein d\u2019histoires uniques \u00e0 raconter. Les habitants sont orgueilleux de leurs origines et seront bien contents de vous montrer leurs coutumes ancestrales.<br \/>\nNotre exp\u00e9rience en 4&#215;4 veut engager les voyageurs dans la communaut\u00e9 locale, rencontrer des bergers et voir comment ils travaillent de nos jours tout en suivant le lent rythme de la nature. Nos amis bergers feront le fromage et vous aurez la chance de le d\u00e9guster en cherchant \u00e0 reconna\u00eetre le parfum des plantes et des buissons que les animaux ont mang\u00e9.<\/p>\n<p>&nbsp;<\/p>\n<h2>\u00c0 quoi s\u2019attendre<\/h2>\n<p>Tour guid\u00e9 par des guides professionnels locaux qui habitent le village<br \/>\nExp\u00e9rience en montagne<br \/>\nTour en 4&#215;4<br \/>\nVisite d\u2019un g\u00eete et rencontre avec les bergers<br \/>\nD\u00e9gustation de produits typiques<\/p>\n<p>&nbsp;<\/p>\n<h2>Qu\u2019est-ce qu\u2019il est inclus?<\/h2>\n<p>Service de guidage par des guides de montagne pendant tout le voyage<br \/>\nTour en 4&#215;4 et transport comme mentionn\u00e9<br \/>\nD\u00e9gustation de miel<br \/>\nRepas<br \/>\nAssurance<\/p>\n<\/div>\n<\/div>\n<\/div>\n<\/div>\n","protected":false},"featured_media":2824,"comment_status":"open","ping_status":"closed","template":"","meta":{"site-sidebar-layout":"default","site-content-layout":"","ast-site-content-layout":"default","site-content-style":"default","site-sidebar-style":"default","ast-global-header-display":"","ast-banner-title-visibility":"","ast-main-header-display":"","ast-hfb-above-header-display":"","ast-hfb-below-header-display":"","ast-hfb-mobile-header-display":"","site-post-title":"","ast-breadcrumbs-content":"","ast-featured-img":"","footer-sml-layout":"","theme-transparent-header-meta":"default","adv-header-id-meta":"","stick-header-meta":"","header-above-stick-meta":"","header-main-stick-meta":"","header-below-stick-meta":"","astra-migrate-meta-layouts":"default","ast-page-background-enabled":"default","ast-page-background-meta":{"desktop":{"background-color":"var(--ast-global-color-4)","background-image":"","background-repeat":"repeat","background-position":"center center","background-size":"auto","background-attachment":"scroll","background-type":"","background-media":"","overlay-type":"","overlay-color":"","overlay-opacity":"","overlay-gradient":""},"tablet":{"background-color":"","background-image":"","background-repeat":"repeat","background-position":"center center","background-size":"auto","background-attachment":"scroll","background-type":"","background-media":"","overlay-type":"","overlay-color":"","overlay-opacity":"","overlay-gradient":""},"mobile":{"background-color":"","background-image":"","background-repeat":"repeat","background-position":"center center","background-size":"auto","background-attachment":"scroll","background-type":"","background-media":"","overlay-type":"","overlay-color":"","overlay-opacity":"","overlay-gradient":""}},"ast-content-background-meta":{"desktop":{"background-color":"var(--ast-global-color-5)","background-image":"","background-repeat":"repeat","background-position":"center center","background-size":"auto","background-attachment":"scroll","background-type":"","background-media":"","overlay-type":"","overlay-color":"","overlay-opacity":"","overlay-gradient":""},"tablet":{"background-color":"var(--ast-global-color-5)","background-image":"","background-repeat":"repeat","background-position":"center center","background-size":"auto","background-attachment":"scroll","background-type":"","background-media":"","overlay-type":"","overlay-color":"","overlay-opacity":"","overlay-gradient":""},"mobile":{"background-color":"var(--ast-global-color-5)","background-image":"","background-repeat":"repeat","background-position":"center center","background-size":"auto","background-attachment":"scroll","background-type":"","background-media":"","overlay-type":"","overlay-color":"","overlay-opacity":"","overlay-gradient":""}}},"product_cat":[61,58],"product_tag":[],"class_list":{"0":"post-2277","1":"product","2":"type-product","3":"status-publish","4":"has-post-thumbnail","6":"product_cat-cuisine","7":"product_cat-experiences-fr","8":"desktop-align-left","9":"tablet-align-left","10":"mobile-align-left","12":"first","13":"instock","14":"virtual","15":"purchasable","16":"product-type-simple"},"yoast_head":"<!-- This site is optimized with the Yoast SEO plugin v24.0 - https:\/\/yoast.com\/wordpress\/plugins\/seo\/ -->\n<title>Tour en 4x4 sur la route des bergers - Your Sardinia Experience<\/title>\n<meta name=\"robots\" content=\"index, follow, max-snippet:-1, max-image-preview:large, max-video-preview:-1\" \/>\n<link rel=\"canonical\" href=\"https:\/\/www.yoursardiniaexperience.it\/fr\/prodotto\/tour-en-4x4-sur-la-route-des-bergers\/\" \/>\n<meta property=\"og:locale\" content=\"fr_FR\" \/>\n<meta property=\"og:type\" content=\"article\" \/>\n<meta property=\"og:title\" content=\"Tour en 4x4 sur la route des bergers - Your Sardinia Experience\" \/>\n<meta property=\"og:description\" content=\"\ud83d\udccc Aritzo, Barbagia. \ud83d\udcc6 Disponible toute l\u2019ann\u00e9e \ud83d\udc6a Min 2 personnes \ud83d\udd5c Dur\u00e9e de 6 heures \ud83d\udcb0 \u20ac 100,00 par personne \ud83d\ude90 Tour priv\u00e9 et transport sur demande  &nbsp;  Description   Vivez un jour unique, directement en contact avec l\u2019habitant des petits villages du centre de la Sardaigne. Vous ferez la meilleure exp\u00e9rience parmi le 4x4, les randonn\u00e9es dans la for\u00eat et les activit\u00e9s de cuisine traditionnelle qui vous permettront de d\u00e9guster les saveurs authentiques de l&#039;\u00eele. Depuis nos montagnes, quand le ciel est clair, vous pourrez reconna\u00eetre diff\u00e9rentes parties de la Sardaigne. La zone de Barbagia est l\u2019une des plus charmantes de toute la Sardaigne et il a plein d\u2019histoires uniques \u00e0 raconter. Les habitants sont orgueilleux de leurs origines et seront bien contents de vous montrer leurs coutumes ancestrales. Notre exp\u00e9rience en 4x4 veut engager les voyageurs dans la communaut\u00e9 locale, rencontrer des bergers et voir comment ils travaillent de nos jours tout en suivant le lent rythme de la nature. Nos amis bergers feront le fromage et vous aurez la chance de le d\u00e9guster en cherchant \u00e0 reconna\u00eetre le parfum des plantes et des buissons que les animaux ont mang\u00e9. &nbsp; \u00c0 quoi s\u2019attendre Tour guid\u00e9 par des guides professionnels locaux qui habitent le village Exp\u00e9rience en montagne Tour en 4x4 Visite d\u2019un g\u00eete et rencontre avec les bergers D\u00e9gustation de produits typiques &nbsp; Qu\u2019est-ce qu\u2019il est inclus? Service de guidage par des guides de montagne pendant tout le voyage Tour en 4x4 et transport comme mentionn\u00e9 D\u00e9gustation de miel Repas Assurance\" \/>\n<meta property=\"og:url\" content=\"https:\/\/www.yoursardiniaexperience.it\/fr\/prodotto\/tour-en-4x4-sur-la-route-des-bergers\/\" \/>\n<meta property=\"og:site_name\" content=\"Your Sardinia Experience\" \/>\n<meta property=\"article:modified_time\" content=\"2024-04-30T17:21:48+00:00\" \/>\n<meta property=\"og:image\" content=\"https:\/\/www.yoursardiniaexperience.it\/wp-content\/uploads\/2024\/03\/3-In-montagna-col-pastore-tour-in-4x4-2-2-e1715937633199.jpg\" \/>\n\t<meta property=\"og:image:width\" content=\"1200\" \/>\n\t<meta property=\"og:image:height\" content=\"1600\" \/>\n\t<meta property=\"og:image:type\" content=\"image\/jpeg\" \/>\n<meta name=\"twitter:card\" content=\"summary_large_image\" \/>\n<script type=\"application\/ld+json\" class=\"yoast-schema-graph\">{\"@context\":\"https:\/\/schema.org\",\"@graph\":[{\"@type\":\"WebPage\",\"@id\":\"https:\/\/www.yoursardiniaexperience.it\/fr\/prodotto\/tour-en-4x4-sur-la-route-des-bergers\/\",\"url\":\"https:\/\/www.yoursardiniaexperience.it\/fr\/prodotto\/tour-en-4x4-sur-la-route-des-bergers\/\",\"name\":\"Tour en 4x4 sur la route des bergers - Your Sardinia Experience\",\"isPartOf\":{\"@id\":\"https:\/\/www.yoursardiniaexperience.it\/fr\/#website\"},\"primaryImageOfPage\":{\"@id\":\"https:\/\/www.yoursardiniaexperience.it\/fr\/prodotto\/tour-en-4x4-sur-la-route-des-bergers\/#primaryimage\"},\"image\":{\"@id\":\"https:\/\/www.yoursardiniaexperience.it\/fr\/prodotto\/tour-en-4x4-sur-la-route-des-bergers\/#primaryimage\"},\"thumbnailUrl\":\"https:\/\/www.yoursardiniaexperience.it\/wp-content\/uploads\/2024\/03\/3-In-montagna-col-pastore-tour-in-4x4-2-2-e1715937633199.jpg\",\"datePublished\":\"2024-03-27T21:58:10+00:00\",\"dateModified\":\"2024-04-30T17:21:48+00:00\",\"breadcrumb\":{\"@id\":\"https:\/\/www.yoursardiniaexperience.it\/fr\/prodotto\/tour-en-4x4-sur-la-route-des-bergers\/#breadcrumb\"},\"inLanguage\":\"fr-FR\",\"potentialAction\":[{\"@type\":\"ReadAction\",\"target\":[\"https:\/\/www.yoursardiniaexperience.it\/fr\/prodotto\/tour-en-4x4-sur-la-route-des-bergers\/\"]}]},{\"@type\":\"ImageObject\",\"inLanguage\":\"fr-FR\",\"@id\":\"https:\/\/www.yoursardiniaexperience.it\/fr\/prodotto\/tour-en-4x4-sur-la-route-des-bergers\/#primaryimage\",\"url\":\"https:\/\/www.yoursardiniaexperience.it\/wp-content\/uploads\/2024\/03\/3-In-montagna-col-pastore-tour-in-4x4-2-2-e1715937633199.jpg\",\"contentUrl\":\"https:\/\/www.yoursardiniaexperience.it\/wp-content\/uploads\/2024\/03\/3-In-montagna-col-pastore-tour-in-4x4-2-2-e1715937633199.jpg\",\"width\":1200,\"height\":1600},{\"@type\":\"BreadcrumbList\",\"@id\":\"https:\/\/www.yoursardiniaexperience.it\/fr\/prodotto\/tour-en-4x4-sur-la-route-des-bergers\/#breadcrumb\",\"itemListElement\":[{\"@type\":\"ListItem\",\"position\":1,\"name\":\"Home\",\"item\":\"https:\/\/www.yoursardiniaexperience.it\/fr\/\"},{\"@type\":\"ListItem\",\"position\":2,\"name\":\"Produits\",\"item\":\"https:\/\/www.yoursardiniaexperience.it\/fr\/shop\/\"},{\"@type\":\"ListItem\",\"position\":3,\"name\":\"Tour en 4&#215;4 sur la route des bergers\"}]},{\"@type\":\"WebSite\",\"@id\":\"https:\/\/www.yoursardiniaexperience.it\/fr\/#website\",\"url\":\"https:\/\/www.yoursardiniaexperience.it\/fr\/\",\"name\":\"Your Sardinia Experience\",\"description\":\"Scopri il cuore dell'isola pi&ugrave; selvaggia\",\"publisher\":{\"@id\":\"https:\/\/www.yoursardiniaexperience.it\/fr\/#organization\"},\"potentialAction\":[{\"@type\":\"SearchAction\",\"target\":{\"@type\":\"EntryPoint\",\"urlTemplate\":\"https:\/\/www.yoursardiniaexperience.it\/fr\/?s={search_term_string}\"},\"query-input\":{\"@type\":\"PropertyValueSpecification\",\"valueRequired\":true,\"valueName\":\"search_term_string\"}}],\"inLanguage\":\"fr-FR\"},{\"@type\":\"Organization\",\"@id\":\"https:\/\/www.yoursardiniaexperience.it\/fr\/#organization\",\"name\":\"Your Sardinia Experience\",\"url\":\"https:\/\/www.yoursardiniaexperience.it\/fr\/\",\"logo\":{\"@type\":\"ImageObject\",\"inLanguage\":\"fr-FR\",\"@id\":\"https:\/\/www.yoursardiniaexperience.it\/fr\/#\/schema\/logo\/image\/\",\"url\":\"https:\/\/www.yoursardiniaexperience.it\/wp-content\/uploads\/2024\/04\/cropped-cropped-SITOYOUR-piccolo.png\",\"contentUrl\":\"https:\/\/www.yoursardiniaexperience.it\/wp-content\/uploads\/2024\/04\/cropped-cropped-SITOYOUR-piccolo.png\",\"width\":512,\"height\":512,\"caption\":\"Your Sardinia Experience\"},\"image\":{\"@id\":\"https:\/\/www.yoursardiniaexperience.it\/fr\/#\/schema\/logo\/image\/\"}}]}<\/script>\n<!-- \/ Yoast SEO plugin. -->","yoast_head_json":{"title":"Tour en 4x4 sur la route des bergers - Your Sardinia Experience","robots":{"index":"index","follow":"follow","max-snippet":"max-snippet:-1","max-image-preview":"max-image-preview:large","max-video-preview":"max-video-preview:-1"},"canonical":"https:\/\/www.yoursardiniaexperience.it\/fr\/prodotto\/tour-en-4x4-sur-la-route-des-bergers\/","og_locale":"fr_FR","og_type":"article","og_title":"Tour en 4x4 sur la route des bergers - Your Sardinia Experience","og_description":"\ud83d\udccc Aritzo, Barbagia. \ud83d\udcc6 Disponible toute l\u2019ann\u00e9e \ud83d\udc6a Min 2 personnes \ud83d\udd5c Dur\u00e9e de 6 heures \ud83d\udcb0 \u20ac 100,00 par personne \ud83d\ude90 Tour priv\u00e9 et transport sur demande  &nbsp;  Description   Vivez un jour unique, directement en contact avec l\u2019habitant des petits villages du centre de la Sardaigne. Vous ferez la meilleure exp\u00e9rience parmi le 4x4, les randonn\u00e9es dans la for\u00eat et les activit\u00e9s de cuisine traditionnelle qui vous permettront de d\u00e9guster les saveurs authentiques de l'\u00eele. Depuis nos montagnes, quand le ciel est clair, vous pourrez reconna\u00eetre diff\u00e9rentes parties de la Sardaigne. La zone de Barbagia est l\u2019une des plus charmantes de toute la Sardaigne et il a plein d\u2019histoires uniques \u00e0 raconter. Les habitants sont orgueilleux de leurs origines et seront bien contents de vous montrer leurs coutumes ancestrales. Notre exp\u00e9rience en 4x4 veut engager les voyageurs dans la communaut\u00e9 locale, rencontrer des bergers et voir comment ils travaillent de nos jours tout en suivant le lent rythme de la nature. Nos amis bergers feront le fromage et vous aurez la chance de le d\u00e9guster en cherchant \u00e0 reconna\u00eetre le parfum des plantes et des buissons que les animaux ont mang\u00e9. &nbsp; \u00c0 quoi s\u2019attendre Tour guid\u00e9 par des guides professionnels locaux qui habitent le village Exp\u00e9rience en montagne Tour en 4x4 Visite d\u2019un g\u00eete et rencontre avec les bergers D\u00e9gustation de produits typiques &nbsp; Qu\u2019est-ce qu\u2019il est inclus? Service de guidage par des guides de montagne pendant tout le voyage Tour en 4x4 et transport comme mentionn\u00e9 D\u00e9gustation de miel Repas Assurance","og_url":"https:\/\/www.yoursardiniaexperience.it\/fr\/prodotto\/tour-en-4x4-sur-la-route-des-bergers\/","og_site_name":"Your Sardinia Experience","article_modified_time":"2024-04-30T17:21:48+00:00","og_image":[{"width":1200,"height":1600,"url":"https:\/\/www.yoursardiniaexperience.it\/wp-content\/uploads\/2024\/03\/3-In-montagna-col-pastore-tour-in-4x4-2-2-e1715937633199.jpg","type":"image\/jpeg"}],"twitter_card":"summary_large_image","schema":{"@context":"https:\/\/schema.org","@graph":[{"@type":"WebPage","@id":"https:\/\/www.yoursardiniaexperience.it\/fr\/prodotto\/tour-en-4x4-sur-la-route-des-bergers\/","url":"https:\/\/www.yoursardiniaexperience.it\/fr\/prodotto\/tour-en-4x4-sur-la-route-des-bergers\/","name":"Tour en 4x4 sur la route des bergers - Your Sardinia Experience","isPartOf":{"@id":"https:\/\/www.yoursardiniaexperience.it\/fr\/#website"},"primaryImageOfPage":{"@id":"https:\/\/www.yoursardiniaexperience.it\/fr\/prodotto\/tour-en-4x4-sur-la-route-des-bergers\/#primaryimage"},"image":{"@id":"https:\/\/www.yoursardiniaexperience.it\/fr\/prodotto\/tour-en-4x4-sur-la-route-des-bergers\/#primaryimage"},"thumbnailUrl":"https:\/\/www.yoursardiniaexperience.it\/wp-content\/uploads\/2024\/03\/3-In-montagna-col-pastore-tour-in-4x4-2-2-e1715937633199.jpg","datePublished":"2024-03-27T21:58:10+00:00","dateModified":"2024-04-30T17:21:48+00:00","breadcrumb":{"@id":"https:\/\/www.yoursardiniaexperience.it\/fr\/prodotto\/tour-en-4x4-sur-la-route-des-bergers\/#breadcrumb"},"inLanguage":"fr-FR","potentialAction":[{"@type":"ReadAction","target":["https:\/\/www.yoursardiniaexperience.it\/fr\/prodotto\/tour-en-4x4-sur-la-route-des-bergers\/"]}]},{"@type":"ImageObject","inLanguage":"fr-FR","@id":"https:\/\/www.yoursardiniaexperience.it\/fr\/prodotto\/tour-en-4x4-sur-la-route-des-bergers\/#primaryimage","url":"https:\/\/www.yoursardiniaexperience.it\/wp-content\/uploads\/2024\/03\/3-In-montagna-col-pastore-tour-in-4x4-2-2-e1715937633199.jpg","contentUrl":"https:\/\/www.yoursardiniaexperience.it\/wp-content\/uploads\/2024\/03\/3-In-montagna-col-pastore-tour-in-4x4-2-2-e1715937633199.jpg","width":1200,"height":1600},{"@type":"BreadcrumbList","@id":"https:\/\/www.yoursardiniaexperience.it\/fr\/prodotto\/tour-en-4x4-sur-la-route-des-bergers\/#breadcrumb","itemListElement":[{"@type":"ListItem","position":1,"name":"Home","item":"https:\/\/www.yoursardiniaexperience.it\/fr\/"},{"@type":"ListItem","position":2,"name":"Produits","item":"https:\/\/www.yoursardiniaexperience.it\/fr\/shop\/"},{"@type":"ListItem","position":3,"name":"Tour en 4&#215;4 sur la route des bergers"}]},{"@type":"WebSite","@id":"https:\/\/www.yoursardiniaexperience.it\/fr\/#website","url":"https:\/\/www.yoursardiniaexperience.it\/fr\/","name":"Your Sardinia Experience","description":"Scopri il cuore dell'isola pi&ugrave; selvaggia","publisher":{"@id":"https:\/\/www.yoursardiniaexperience.it\/fr\/#organization"},"potentialAction":[{"@type":"SearchAction","target":{"@type":"EntryPoint","urlTemplate":"https:\/\/www.yoursardiniaexperience.it\/fr\/?s={search_term_string}"},"query-input":{"@type":"PropertyValueSpecification","valueRequired":true,"valueName":"search_term_string"}}],"inLanguage":"fr-FR"},{"@type":"Organization","@id":"https:\/\/www.yoursardiniaexperience.it\/fr\/#organization","name":"Your Sardinia Experience","url":"https:\/\/www.yoursardiniaexperience.it\/fr\/","logo":{"@type":"ImageObject","inLanguage":"fr-FR","@id":"https:\/\/www.yoursardiniaexperience.it\/fr\/#\/schema\/logo\/image\/","url":"https:\/\/www.yoursardiniaexperience.it\/wp-content\/uploads\/2024\/04\/cropped-cropped-SITOYOUR-piccolo.png","contentUrl":"https:\/\/www.yoursardiniaexperience.it\/wp-content\/uploads\/2024\/04\/cropped-cropped-SITOYOUR-piccolo.png","width":512,"height":512,"caption":"Your Sardinia Experience"},"image":{"@id":"https:\/\/www.yoursardiniaexperience.it\/fr\/#\/schema\/logo\/image\/"}}]}},"jetpack_sharing_enabled":true,"_links":{"self":[{"href":"https:\/\/www.yoursardiniaexperience.it\/fr\/wp-json\/wp\/v2\/product\/2277","targetHints":{"allow":["GET"]}}],"collection":[{"href":"https:\/\/www.yoursardiniaexperience.it\/fr\/wp-json\/wp\/v2\/product"}],"about":[{"href":"https:\/\/www.yoursardiniaexperience.it\/fr\/wp-json\/wp\/v2\/types\/product"}],"replies":[{"embeddable":true,"href":"https:\/\/www.yoursardiniaexperience.it\/fr\/wp-json\/wp\/v2\/comments?post=2277"}],"wp:featuredmedia":[{"embeddable":true,"href":"https:\/\/www.yoursardiniaexperience.it\/fr\/wp-json\/wp\/v2\/media\/2824"}],"wp:attachment":[{"href":"https:\/\/www.yoursardiniaexperience.it\/fr\/wp-json\/wp\/v2\/media?parent=2277"}],"wp:term":[{"taxonomy":"product_cat","embeddable":true,"href":"https:\/\/www.yoursardiniaexperience.it\/fr\/wp-json\/wp\/v2\/product_cat?post=2277"},{"taxonomy":"product_tag","embeddable":true,"href":"https:\/\/www.yoursardiniaexperience.it\/fr\/wp-json\/wp\/v2\/product_tag?post=2277"}],"curies":[{"name":"wp","href":"https:\/\/api.w.org\/{rel}","templated":true}]}}