{"id":2283,"date":"2024-03-27T20:34:04","date_gmt":"2024-03-27T20:34:04","guid":{"rendered":"https:\/\/yoursardiniaexperience.montal.do\/prodotto\/experience-en-famille\/"},"modified":"2024-04-30T17:24:20","modified_gmt":"2024-04-30T17:24:20","slug":"experience-en-famille","status":"publish","type":"product","link":"https:\/\/www.yoursardiniaexperience.it\/fr\/prodotto\/experience-en-famille\/","title":{"rendered":"Exp\u00e9rience en famille"},"content":{"rendered":"<p>Un jour dans la Zone Bleu de Sardaigne<\/p>\n","protected":false},"excerpt":{"rendered":"<div class=\"page\" title=\"Page 2\">\n<div class=\"section\">\n<div class=\"layoutArea\">\n<div class=\"column\">\n<p>\ud83d\udccc Aritzo, Barbagia.<br \/>\n\ud83d\udcc6 Disponible toute l\u2019ann\u00e9e<br \/>\n\ud83d\udc6a Min 2 personnes<br \/>\n\ud83d\udd5c Dur\u00e9e de 8 heures<br \/>\n\ud83d\udcb0 <strong>\u20ac 100,00 par personne<\/strong><br \/>\n\ud83d\ude90 Tour priv\u00e9 et transport sur demande<\/p>\n<\/div>\n<\/div>\n<p>&nbsp;<\/p>\n<div class=\"layoutArea\">\n<div class=\"column\">\n<h2>Description<\/h2>\n<\/div>\n<\/div>\n<div class=\"layoutArea\">\n<div class=\"column\">\n<p>Vivez un jour unique, directement en contact avec l\u2019habitant des petits villages du centre de la Sardaigne. Vous ferez la meilleure exp\u00e9rience parmi le 4&#215;4, les randonn\u00e9es dans la for\u00eat et les activit\u00e9s de cuisine traditionnelle qui vous permettront de d\u00e9guster les saveurs authentiques de l&rsquo;\u00eele. Depuis nos montagnes, quand le ciel est clair, vous pourrez reconna\u00eetre diff\u00e9rentes parties de la Sardaigne.<br \/>\nLa zone de Barbagia est l\u2019une des plus charmantes de toute la Sardaigne et il a plein d\u2019histoires uniques \u00e0 raconter. Les habitants sont orgueilleux de leurs origines et seront bien contents de vous montrer leurs coutumes ancestrales. Notre exp\u00e9rience en famille veut inclure les voyageurs dans la communaut\u00e9 locale \u00e0 travers des laboratoires actifs comme ceux du pain et des p\u00e2tes, ou bien de la sculpture sur bois ou encore de la fabrication de fromage, tout en faisant connaissance avec les bergers ou les artisans du village.<\/p>\n<p>&nbsp;<\/p>\n<h2>\u00c0 quoi s\u2019attendre<\/h2>\n<p>Tour guid\u00e9 par des guides professionnels locaux qui habitent le village<br \/>\nUne exp\u00e9rience unique dans une famille sarde<br \/>\nTour d\u2019une zone naturelle prot\u00e9g\u00e9e<br \/>\nTour de la zone centrale de Sardaigne<br \/>\nD\u00e9gustation de produits typiques<br \/>\nLaboratoires gastronomiques et traditionnels<\/p>\n<p>&nbsp;<\/p>\n<h2>Qu\u2019est-ce qu\u2019il est inclus?<\/h2>\n<p>Service des guides environnementales et touristiques<br \/>\nD\u00e9gustation des produits locaux et bio<br \/>\nLaboratoires<br \/>\nFrais d\u2019entr\u00e9e aux mus\u00e9es<br \/>\nAssurance<\/p>\n<\/div>\n<\/div>\n<\/div>\n<\/div>\n","protected":false},"featured_media":2293,"comment_status":"open","ping_status":"closed","template":"","meta":{"site-sidebar-layout":"default","site-content-layout":"","ast-site-content-layout":"default","site-content-style":"default","site-sidebar-style":"default","ast-global-header-display":"","ast-banner-title-visibility":"","ast-main-header-display":"","ast-hfb-above-header-display":"","ast-hfb-below-header-display":"","ast-hfb-mobile-header-display":"","site-post-title":"","ast-breadcrumbs-content":"","ast-featured-img":"","footer-sml-layout":"","theme-transparent-header-meta":"default","adv-header-id-meta":"","stick-header-meta":"","header-above-stick-meta":"","header-main-stick-meta":"","header-below-stick-meta":"","astra-migrate-meta-layouts":"default","ast-page-background-enabled":"default","ast-page-background-meta":{"desktop":{"background-color":"var(--ast-global-color-4)","background-image":"","background-repeat":"repeat","background-position":"center center","background-size":"auto","background-attachment":"scroll","background-type":"","background-media":"","overlay-type":"","overlay-color":"","overlay-opacity":"","overlay-gradient":""},"tablet":{"background-color":"","background-image":"","background-repeat":"repeat","background-position":"center center","background-size":"auto","background-attachment":"scroll","background-type":"","background-media":"","overlay-type":"","overlay-color":"","overlay-opacity":"","overlay-gradient":""},"mobile":{"background-color":"","background-image":"","background-repeat":"repeat","background-position":"center center","background-size":"auto","background-attachment":"scroll","background-type":"","background-media":"","overlay-type":"","overlay-color":"","overlay-opacity":"","overlay-gradient":""}},"ast-content-background-meta":{"desktop":{"background-color":"var(--ast-global-color-5)","background-image":"","background-repeat":"repeat","background-position":"center center","background-size":"auto","background-attachment":"scroll","background-type":"","background-media":"","overlay-type":"","overlay-color":"","overlay-opacity":"","overlay-gradient":""},"tablet":{"background-color":"var(--ast-global-color-5)","background-image":"","background-repeat":"repeat","background-position":"center center","background-size":"auto","background-attachment":"scroll","background-type":"","background-media":"","overlay-type":"","overlay-color":"","overlay-opacity":"","overlay-gradient":""},"mobile":{"background-color":"var(--ast-global-color-5)","background-image":"","background-repeat":"repeat","background-position":"center center","background-size":"auto","background-attachment":"scroll","background-type":"","background-media":"","overlay-type":"","overlay-color":"","overlay-opacity":"","overlay-gradient":""}}},"product_cat":[61],"product_tag":[],"class_list":{"0":"post-2283","1":"product","2":"type-product","3":"status-publish","4":"has-post-thumbnail","6":"product_cat-cuisine","7":"desktop-align-left","8":"tablet-align-left","9":"mobile-align-left","11":"first","12":"instock","13":"virtual","14":"purchasable","15":"product-type-simple"},"yoast_head":"<!-- This site is optimized with the Yoast SEO plugin v24.0 - https:\/\/yoast.com\/wordpress\/plugins\/seo\/ -->\n<title>Exp\u00e9rience en famille - Your Sardinia Experience<\/title>\n<meta name=\"robots\" content=\"index, follow, max-snippet:-1, max-image-preview:large, max-video-preview:-1\" \/>\n<link rel=\"canonical\" href=\"https:\/\/www.yoursardiniaexperience.it\/fr\/prodotto\/experience-en-famille\/\" \/>\n<meta property=\"og:locale\" content=\"fr_FR\" \/>\n<meta property=\"og:type\" content=\"article\" \/>\n<meta property=\"og:title\" content=\"Exp\u00e9rience en famille - Your Sardinia Experience\" \/>\n<meta property=\"og:description\" content=\"\ud83d\udccc Aritzo, Barbagia. \ud83d\udcc6 Disponible toute l\u2019ann\u00e9e \ud83d\udc6a Min 2 personnes \ud83d\udd5c Dur\u00e9e de 8 heures \ud83d\udcb0 \u20ac 100,00 par personne \ud83d\ude90 Tour priv\u00e9 et transport sur demande  &nbsp;  Description   Vivez un jour unique, directement en contact avec l\u2019habitant des petits villages du centre de la Sardaigne. Vous ferez la meilleure exp\u00e9rience parmi le 4x4, les randonn\u00e9es dans la for\u00eat et les activit\u00e9s de cuisine traditionnelle qui vous permettront de d\u00e9guster les saveurs authentiques de l&#039;\u00eele. Depuis nos montagnes, quand le ciel est clair, vous pourrez reconna\u00eetre diff\u00e9rentes parties de la Sardaigne. La zone de Barbagia est l\u2019une des plus charmantes de toute la Sardaigne et il a plein d\u2019histoires uniques \u00e0 raconter. Les habitants sont orgueilleux de leurs origines et seront bien contents de vous montrer leurs coutumes ancestrales. Notre exp\u00e9rience en famille veut inclure les voyageurs dans la communaut\u00e9 locale \u00e0 travers des laboratoires actifs comme ceux du pain et des p\u00e2tes, ou bien de la sculpture sur bois ou encore de la fabrication de fromage, tout en faisant connaissance avec les bergers ou les artisans du village. &nbsp; \u00c0 quoi s\u2019attendre Tour guid\u00e9 par des guides professionnels locaux qui habitent le village Une exp\u00e9rience unique dans une famille sarde Tour d\u2019une zone naturelle prot\u00e9g\u00e9e Tour de la zone centrale de Sardaigne D\u00e9gustation de produits typiques Laboratoires gastronomiques et traditionnels &nbsp; Qu\u2019est-ce qu\u2019il est inclus? Service des guides environnementales et touristiques D\u00e9gustation des produits locaux et bio Laboratoires Frais d\u2019entr\u00e9e aux mus\u00e9es Assurance\" \/>\n<meta property=\"og:url\" content=\"https:\/\/www.yoursardiniaexperience.it\/fr\/prodotto\/experience-en-famille\/\" \/>\n<meta property=\"og:site_name\" content=\"Your Sardinia Experience\" \/>\n<meta property=\"article:modified_time\" content=\"2024-04-30T17:24:20+00:00\" \/>\n<meta property=\"og:image\" content=\"https:\/\/www.yoursardiniaexperience.it\/wp-content\/uploads\/2024\/03\/1-Esperienza-in-famiglia-nella-Blue-Zone-1-1-scaled-e1711577595439.jpg\" \/>\n\t<meta property=\"og:image:width\" content=\"1710\" \/>\n\t<meta property=\"og:image:height\" content=\"1710\" \/>\n\t<meta property=\"og:image:type\" content=\"image\/jpeg\" \/>\n<meta name=\"twitter:card\" content=\"summary_large_image\" \/>\n<script type=\"application\/ld+json\" class=\"yoast-schema-graph\">{\"@context\":\"https:\/\/schema.org\",\"@graph\":[{\"@type\":\"WebPage\",\"@id\":\"https:\/\/www.yoursardiniaexperience.it\/fr\/prodotto\/experience-en-famille\/\",\"url\":\"https:\/\/www.yoursardiniaexperience.it\/fr\/prodotto\/experience-en-famille\/\",\"name\":\"Exp\u00e9rience en famille - Your Sardinia Experience\",\"isPartOf\":{\"@id\":\"https:\/\/www.yoursardiniaexperience.it\/fr\/#website\"},\"primaryImageOfPage\":{\"@id\":\"https:\/\/www.yoursardiniaexperience.it\/fr\/prodotto\/experience-en-famille\/#primaryimage\"},\"image\":{\"@id\":\"https:\/\/www.yoursardiniaexperience.it\/fr\/prodotto\/experience-en-famille\/#primaryimage\"},\"thumbnailUrl\":\"https:\/\/www.yoursardiniaexperience.it\/wp-content\/uploads\/2024\/03\/1-Esperienza-in-famiglia-nella-Blue-Zone-1-1-scaled-e1711577595439.jpg\",\"datePublished\":\"2024-03-27T20:34:04+00:00\",\"dateModified\":\"2024-04-30T17:24:20+00:00\",\"breadcrumb\":{\"@id\":\"https:\/\/www.yoursardiniaexperience.it\/fr\/prodotto\/experience-en-famille\/#breadcrumb\"},\"inLanguage\":\"fr-FR\",\"potentialAction\":[{\"@type\":\"ReadAction\",\"target\":[\"https:\/\/www.yoursardiniaexperience.it\/fr\/prodotto\/experience-en-famille\/\"]}]},{\"@type\":\"ImageObject\",\"inLanguage\":\"fr-FR\",\"@id\":\"https:\/\/www.yoursardiniaexperience.it\/fr\/prodotto\/experience-en-famille\/#primaryimage\",\"url\":\"https:\/\/www.yoursardiniaexperience.it\/wp-content\/uploads\/2024\/03\/1-Esperienza-in-famiglia-nella-Blue-Zone-1-1-scaled-e1711577595439.jpg\",\"contentUrl\":\"https:\/\/www.yoursardiniaexperience.it\/wp-content\/uploads\/2024\/03\/1-Esperienza-in-famiglia-nella-Blue-Zone-1-1-scaled-e1711577595439.jpg\",\"width\":1710,\"height\":1710},{\"@type\":\"BreadcrumbList\",\"@id\":\"https:\/\/www.yoursardiniaexperience.it\/fr\/prodotto\/experience-en-famille\/#breadcrumb\",\"itemListElement\":[{\"@type\":\"ListItem\",\"position\":1,\"name\":\"Home\",\"item\":\"https:\/\/www.yoursardiniaexperience.it\/fr\/\"},{\"@type\":\"ListItem\",\"position\":2,\"name\":\"Produits\",\"item\":\"https:\/\/www.yoursardiniaexperience.it\/fr\/shop\/\"},{\"@type\":\"ListItem\",\"position\":3,\"name\":\"Exp\u00e9rience en famille\"}]},{\"@type\":\"WebSite\",\"@id\":\"https:\/\/www.yoursardiniaexperience.it\/fr\/#website\",\"url\":\"https:\/\/www.yoursardiniaexperience.it\/fr\/\",\"name\":\"Your Sardinia Experience\",\"description\":\"Scopri il cuore dell'isola pi&ugrave; selvaggia\",\"publisher\":{\"@id\":\"https:\/\/www.yoursardiniaexperience.it\/fr\/#organization\"},\"potentialAction\":[{\"@type\":\"SearchAction\",\"target\":{\"@type\":\"EntryPoint\",\"urlTemplate\":\"https:\/\/www.yoursardiniaexperience.it\/fr\/?s={search_term_string}\"},\"query-input\":{\"@type\":\"PropertyValueSpecification\",\"valueRequired\":true,\"valueName\":\"search_term_string\"}}],\"inLanguage\":\"fr-FR\"},{\"@type\":\"Organization\",\"@id\":\"https:\/\/www.yoursardiniaexperience.it\/fr\/#organization\",\"name\":\"Your Sardinia Experience\",\"url\":\"https:\/\/www.yoursardiniaexperience.it\/fr\/\",\"logo\":{\"@type\":\"ImageObject\",\"inLanguage\":\"fr-FR\",\"@id\":\"https:\/\/www.yoursardiniaexperience.it\/fr\/#\/schema\/logo\/image\/\",\"url\":\"https:\/\/www.yoursardiniaexperience.it\/wp-content\/uploads\/2024\/04\/cropped-cropped-SITOYOUR-piccolo.png\",\"contentUrl\":\"https:\/\/www.yoursardiniaexperience.it\/wp-content\/uploads\/2024\/04\/cropped-cropped-SITOYOUR-piccolo.png\",\"width\":512,\"height\":512,\"caption\":\"Your Sardinia Experience\"},\"image\":{\"@id\":\"https:\/\/www.yoursardiniaexperience.it\/fr\/#\/schema\/logo\/image\/\"}}]}<\/script>\n<!-- \/ Yoast SEO plugin. -->","yoast_head_json":{"title":"Exp\u00e9rience en famille - Your Sardinia Experience","robots":{"index":"index","follow":"follow","max-snippet":"max-snippet:-1","max-image-preview":"max-image-preview:large","max-video-preview":"max-video-preview:-1"},"canonical":"https:\/\/www.yoursardiniaexperience.it\/fr\/prodotto\/experience-en-famille\/","og_locale":"fr_FR","og_type":"article","og_title":"Exp\u00e9rience en famille - Your Sardinia Experience","og_description":"\ud83d\udccc Aritzo, Barbagia. \ud83d\udcc6 Disponible toute l\u2019ann\u00e9e \ud83d\udc6a Min 2 personnes \ud83d\udd5c Dur\u00e9e de 8 heures \ud83d\udcb0 \u20ac 100,00 par personne \ud83d\ude90 Tour priv\u00e9 et transport sur demande  &nbsp;  Description   Vivez un jour unique, directement en contact avec l\u2019habitant des petits villages du centre de la Sardaigne. Vous ferez la meilleure exp\u00e9rience parmi le 4x4, les randonn\u00e9es dans la for\u00eat et les activit\u00e9s de cuisine traditionnelle qui vous permettront de d\u00e9guster les saveurs authentiques de l'\u00eele. Depuis nos montagnes, quand le ciel est clair, vous pourrez reconna\u00eetre diff\u00e9rentes parties de la Sardaigne. La zone de Barbagia est l\u2019une des plus charmantes de toute la Sardaigne et il a plein d\u2019histoires uniques \u00e0 raconter. Les habitants sont orgueilleux de leurs origines et seront bien contents de vous montrer leurs coutumes ancestrales. Notre exp\u00e9rience en famille veut inclure les voyageurs dans la communaut\u00e9 locale \u00e0 travers des laboratoires actifs comme ceux du pain et des p\u00e2tes, ou bien de la sculpture sur bois ou encore de la fabrication de fromage, tout en faisant connaissance avec les bergers ou les artisans du village. &nbsp; \u00c0 quoi s\u2019attendre Tour guid\u00e9 par des guides professionnels locaux qui habitent le village Une exp\u00e9rience unique dans une famille sarde Tour d\u2019une zone naturelle prot\u00e9g\u00e9e Tour de la zone centrale de Sardaigne D\u00e9gustation de produits typiques Laboratoires gastronomiques et traditionnels &nbsp; Qu\u2019est-ce qu\u2019il est inclus? Service des guides environnementales et touristiques D\u00e9gustation des produits locaux et bio Laboratoires Frais d\u2019entr\u00e9e aux mus\u00e9es Assurance","og_url":"https:\/\/www.yoursardiniaexperience.it\/fr\/prodotto\/experience-en-famille\/","og_site_name":"Your Sardinia Experience","article_modified_time":"2024-04-30T17:24:20+00:00","og_image":[{"width":1710,"height":1710,"url":"https:\/\/www.yoursardiniaexperience.it\/wp-content\/uploads\/2024\/03\/1-Esperienza-in-famiglia-nella-Blue-Zone-1-1-scaled-e1711577595439.jpg","type":"image\/jpeg"}],"twitter_card":"summary_large_image","schema":{"@context":"https:\/\/schema.org","@graph":[{"@type":"WebPage","@id":"https:\/\/www.yoursardiniaexperience.it\/fr\/prodotto\/experience-en-famille\/","url":"https:\/\/www.yoursardiniaexperience.it\/fr\/prodotto\/experience-en-famille\/","name":"Exp\u00e9rience en famille - Your Sardinia Experience","isPartOf":{"@id":"https:\/\/www.yoursardiniaexperience.it\/fr\/#website"},"primaryImageOfPage":{"@id":"https:\/\/www.yoursardiniaexperience.it\/fr\/prodotto\/experience-en-famille\/#primaryimage"},"image":{"@id":"https:\/\/www.yoursardiniaexperience.it\/fr\/prodotto\/experience-en-famille\/#primaryimage"},"thumbnailUrl":"https:\/\/www.yoursardiniaexperience.it\/wp-content\/uploads\/2024\/03\/1-Esperienza-in-famiglia-nella-Blue-Zone-1-1-scaled-e1711577595439.jpg","datePublished":"2024-03-27T20:34:04+00:00","dateModified":"2024-04-30T17:24:20+00:00","breadcrumb":{"@id":"https:\/\/www.yoursardiniaexperience.it\/fr\/prodotto\/experience-en-famille\/#breadcrumb"},"inLanguage":"fr-FR","potentialAction":[{"@type":"ReadAction","target":["https:\/\/www.yoursardiniaexperience.it\/fr\/prodotto\/experience-en-famille\/"]}]},{"@type":"ImageObject","inLanguage":"fr-FR","@id":"https:\/\/www.yoursardiniaexperience.it\/fr\/prodotto\/experience-en-famille\/#primaryimage","url":"https:\/\/www.yoursardiniaexperience.it\/wp-content\/uploads\/2024\/03\/1-Esperienza-in-famiglia-nella-Blue-Zone-1-1-scaled-e1711577595439.jpg","contentUrl":"https:\/\/www.yoursardiniaexperience.it\/wp-content\/uploads\/2024\/03\/1-Esperienza-in-famiglia-nella-Blue-Zone-1-1-scaled-e1711577595439.jpg","width":1710,"height":1710},{"@type":"BreadcrumbList","@id":"https:\/\/www.yoursardiniaexperience.it\/fr\/prodotto\/experience-en-famille\/#breadcrumb","itemListElement":[{"@type":"ListItem","position":1,"name":"Home","item":"https:\/\/www.yoursardiniaexperience.it\/fr\/"},{"@type":"ListItem","position":2,"name":"Produits","item":"https:\/\/www.yoursardiniaexperience.it\/fr\/shop\/"},{"@type":"ListItem","position":3,"name":"Exp\u00e9rience en famille"}]},{"@type":"WebSite","@id":"https:\/\/www.yoursardiniaexperience.it\/fr\/#website","url":"https:\/\/www.yoursardiniaexperience.it\/fr\/","name":"Your Sardinia Experience","description":"Scopri il cuore dell'isola pi&ugrave; selvaggia","publisher":{"@id":"https:\/\/www.yoursardiniaexperience.it\/fr\/#organization"},"potentialAction":[{"@type":"SearchAction","target":{"@type":"EntryPoint","urlTemplate":"https:\/\/www.yoursardiniaexperience.it\/fr\/?s={search_term_string}"},"query-input":{"@type":"PropertyValueSpecification","valueRequired":true,"valueName":"search_term_string"}}],"inLanguage":"fr-FR"},{"@type":"Organization","@id":"https:\/\/www.yoursardiniaexperience.it\/fr\/#organization","name":"Your Sardinia Experience","url":"https:\/\/www.yoursardiniaexperience.it\/fr\/","logo":{"@type":"ImageObject","inLanguage":"fr-FR","@id":"https:\/\/www.yoursardiniaexperience.it\/fr\/#\/schema\/logo\/image\/","url":"https:\/\/www.yoursardiniaexperience.it\/wp-content\/uploads\/2024\/04\/cropped-cropped-SITOYOUR-piccolo.png","contentUrl":"https:\/\/www.yoursardiniaexperience.it\/wp-content\/uploads\/2024\/04\/cropped-cropped-SITOYOUR-piccolo.png","width":512,"height":512,"caption":"Your Sardinia Experience"},"image":{"@id":"https:\/\/www.yoursardiniaexperience.it\/fr\/#\/schema\/logo\/image\/"}}]}},"jetpack_sharing_enabled":true,"_links":{"self":[{"href":"https:\/\/www.yoursardiniaexperience.it\/fr\/wp-json\/wp\/v2\/product\/2283","targetHints":{"allow":["GET"]}}],"collection":[{"href":"https:\/\/www.yoursardiniaexperience.it\/fr\/wp-json\/wp\/v2\/product"}],"about":[{"href":"https:\/\/www.yoursardiniaexperience.it\/fr\/wp-json\/wp\/v2\/types\/product"}],"replies":[{"embeddable":true,"href":"https:\/\/www.yoursardiniaexperience.it\/fr\/wp-json\/wp\/v2\/comments?post=2283"}],"wp:featuredmedia":[{"embeddable":true,"href":"https:\/\/www.yoursardiniaexperience.it\/fr\/wp-json\/wp\/v2\/media\/2293"}],"wp:attachment":[{"href":"https:\/\/www.yoursardiniaexperience.it\/fr\/wp-json\/wp\/v2\/media?parent=2283"}],"wp:term":[{"taxonomy":"product_cat","embeddable":true,"href":"https:\/\/www.yoursardiniaexperience.it\/fr\/wp-json\/wp\/v2\/product_cat?post=2283"},{"taxonomy":"product_tag","embeddable":true,"href":"https:\/\/www.yoursardiniaexperience.it\/fr\/wp-json\/wp\/v2\/product_tag?post=2283"}],"curies":[{"name":"wp","href":"https:\/\/api.w.org\/{rel}","templated":true}]}}